{"id":33659,"date":"2023-08-25T02:29:02","date_gmt":"2023-08-25T09:29:02","guid":{"rendered":"https:\/\/pathlock.com\/?page_id=33659"},"modified":"2026-04-09T10:38:40","modified_gmt":"2026-04-09T14:38:40","slug":"superuser-management","status":"publish","type":"page","link":"https:\/\/pathlock.com\/de\/superuser-management\/","title":{"rendered":"Superuser Management"},"content":{"rendered":"\n\n    <link rel=\"stylesheet\" type=\"text\/css\" href=\"https:\/\/pathlock.com\/wp-content\/themes\/_pathlock-dist\/src\/css\/style.min.css?ver=1776687882\" \/>\n\n\n\n\n\n<section class=\"u-section u-section--hero-product !mt-0 pt-[120px]\">\n    <div class=\"u-wrapper u-wrapper--big\">\n\n        <div class=\"hero-product is-blue hero-product--large\">\n\n            <div class=\"hero-product__left\">\n\n                                <span class=\"hero-product__subtitle u-subtitle\">Pathlock Superuser Management<\/span>\n                \n                                <h1 class=\"hero-product__title u-title u-title--normal\">Effiziente \u00dcberwachung von Notfalluser<\/h1>\n                \n                                <div class=\"hero-product__content u-content\">\n                    <p>Gew\u00e4hren Sie ausgew\u00e4hlten Mitarbeitern oder externen Dienstleistern f\u00fcr einen begrenzten Zeitraum einen \u00fcberwachten Zugriff auf Ihre ERP-Systeme.<\/p>\n<p> <\/p>\n<div class=\"ce_text_extented pt-xxs pb-0 autogrid-id_150152 autogrid-type_cte autogrid-first n2 one_half autogrid_mode_auto autogrid same-height block align-left color-default font_no_serif font-size-default font-style-default lh-default font-weight-default mt-default mb-default mt-default-s mt-default-s\">\n<div class=\"ce_textarea attribute textarea\"><\/div>\n<\/div>\n<div class=\"ce_text_extented pt-xxs pb-0 autogrid-id_161213 autogrid-type_cte autogrid-last n2 one_half autogrid_mode_auto autogrid same-height block align-left color-default font_no_serif font-size-default font-style-default lh-default font-weight-default mt-default mb-default mt-default-s mt-default-s\">\n<div class=\"ce_textarea attribute textarea\">\n<p> <\/p>\n<\/div>\n<\/div>\n                <\/div>\n                \n                <div class=\"hero-product__btn-hld u-btn-hld\">\n\n                                        <a class=\"hero-product__btn u-btn u-btn--normal\" href=\"https:\/\/pathlock.com\/de\/kontakt\/\" target=\"_blank\">\n                        <span class=\"text\">Demo anfragen<\/span>\n                    <\/a>\n                    \n                    \n                <\/div>\n\n            <\/div>\n\n            <div class=\"hero-product__right\">\n\n\n                <div class=\"hero-product__image\">\n                                                            <img decoding=\"async\" class=\"\" src=\"https:\/\/pathlock.com\/wp-content\/uploads\/fly-images\/33660\/Icon_LP_Emergancy-Access-Mgmt_500x500px-759x474-c.png\" data-src=\"https:\/\/pathlock.com\/wp-content\/uploads\/fly-images\/33660\/Icon_LP_Emergancy-Access-Mgmt_500x500px-759x474-c.png\" alt=\"Icon Superuser Management\" \/>\n                    \n                   \n                <\/div>\n\n\n            <\/div>\n\n        <\/div>\n        \n                \n\t<\/div>\n<\/section>\n\n\n\n\n            <script>\n            \/\/ Function to get the 'cid' from URL parameters, cookies, or localStorage\n            function getCID() {\n                var cid = null;\n\n                \/\/ 1. Try to get 'cid' from URL parameters\n                var urlParams = new URLSearchParams(window.location.search);\n                if (urlParams.has('cid')) {\n                    cid = urlParams.get('cid');\n                }\n\n                \/\/ 2. If not in URL, try to get 'cid' from localStorage\n                if (!cid) {\n                    try {\n                    cid = localStorage.getItem('salesforce_campaign_id');\n                    } catch (e) {\n                    \/\/ Handle localStorage errors\n                    }\n                }\n\n                \/\/ 3. If not in localStorage, try to get 'cid' from cookies\n                if (!cid) {\n                    var value = \"; \" + document.cookie;\n                    var parts = value.split(\"; salesforce_campaign_id=\");\n                    if (parts.length === 2) {\n                    cid = parts.pop().split(\";\").shift();\n                    }\n                }\n\n                return cid;\n                }\n\n            var cid = getCID(); \/\/ Retrieve the cid value\n\n       \n            if(cid == null){\n                cid = \"701PZ00000IlEYNYA3\"\n                \n            }\n          \n            <\/script>\n<section class=\"u-section u-section--content   is-gray \" data-block=\"content\">\n\n    <div class=\"u-wrapper u-wrapper--normal\">\n        <div class=\"content-hld\" data-aos=\"fade-in\">\n\n                        <p class=\"content__subtitle u-subtitle\">Superuser Management<\/p>\n            \n                        <h2 class=\"content__title u-title u-title--normal\">Applikations\u00fcbergreifendes Monitoring von Emergency Usern<\/h2>\n            \n                                    <div class=\"content__content u-content\">\n                <p>Im IT-Alltag gibt es immer wieder besondere Situationen, in denen Notfallbenutzer mit erweiterten Zugriffsrechten auf sensible Daten zugreifen m\u00fcssen. Um Ihrer gesetzlichen Sorgfaltspflicht nachkommen zu k\u00f6nnen, ist eine l\u00fcckenlose Dokumentation dieser Aktivit\u00e4ten erforderlich.<\/p>\n<p>Das <strong>Pathlock Superuser Management<\/strong> l\u00f6st diese Herausforderung und erm\u00f6glicht Ihren Emergency Usern einen tempor\u00e4ren Zugriff. Das Monitoring basiert auf den tats\u00e4chlich protokollierten Benutzeraktivit\u00e4ten, die problemlos in Ihr zentrales Security Operation Center (SOC) oder Monitoring-System (SIEM) integriert werden k\u00f6nnen. Das gilt nicht nur f\u00fcr klassische SAP- und S\/4HANA-Systeme, sondern auch f\u00fcr hybride ERP-Umgebungen.<\/p>\n            <\/div>\n            \n                        <div class=\"content__btn-hld u-btn-hld\">\n\n                                <a class=\"content__btn u-btn u-btn--normal\" href=\"https:\/\/pathlock.com\/de\/kontakt\/\" target=\"_blank\">\n                    <span class=\"text\">Kontakt zu einem Spezialisten <\/span>\n                <\/a>\n                \n                \n            <\/div>\n            \n        <\/div>\n\n    <\/div>\n\n    \n<\/section>\n\n\n\n\n<section class=\"u-section u-section--tile-grid js-scrolled-element\" data-block=\"tile-grid\" data-aos=\"fade-in\" data-aos=\"fade-in\" data-anchor=\"form-scroll\">\n\n\t<div class=\"u-wrapper u-wrapper--big\" >\n\n                <h2 class=\"tile-grid__title u-title u-title--normal\">\n            Ihre Vorteile auf einen Blick        <\/h2>\n        \n                <div class=\"tile-grid__list four-col\">\n\n                                    <div class=\"tile-grid__item\">\n     \n                                                <div class=\"tile-grid__item-title\">\n                    Cross-Application Zugriffe                <\/div>\n                \n                                <div class=\"text\">\n                    Sie k\u00f6nnen Superusern applikations\u00fcbergreifend Zugriff auf Ihre Systeme gew\u00e4hren, sowohl on-premise als auch in der Private Cloud. Der Genehmigungs-Workflow wird \u00fcber eine E-Mail-Benachrichtigung gesteuert.\r\n                <\/div>\n                                            <\/div>\n                                    <div class=\"tile-grid__item\">\n     \n                                                <div class=\"tile-grid__item-title\">\n                    Revisionssichere Protokollierung                 <\/div>\n                \n                                <div class=\"text\">\n                    F\u00fcr eine l\u00fcckenlose Pr\u00fcfung von Antr\u00e4gen, Genehmigungen, Aktivit\u00e4ten und Sperrungen werden s\u00e4mtliche Vorg\u00e4nge Ihrer privilegierten Benutzer mit einer konsolidierten \u00dcbersicht aller \u00c4nderungen pro Sitzung dokumentiert. \r\n\r\n                <\/div>\n                                            <\/div>\n                                    <div class=\"tile-grid__item\">\n     \n                                                <div class=\"tile-grid__item-title\">\n                    Automatisierte Prozessabwicklung                <\/div>\n                \n                                <div class=\"text\">\n                    Sie profitieren von der weitgehenden Automatisierung sowohl des ID-basierten Notfallzugangs als auch des rollenbasierten Zugangs (Erweiterung des bestehenden Nutzers), einschlie\u00dflich entsprechender R\u00fcckmeldungen.\r\n                <\/div>\n                                            <\/div>\n                                    <div class=\"tile-grid__item\">\n     \n                                                <div class=\"tile-grid__item-title\">\n                    Integration und Optimierung                <\/div>\n                \n                                <div class=\"text\">\n                    Vereinfachen Sie Ihre Workflows durch einen integrierten Genehmigungs- und Abmeldeprozess inklusive Single-Sign-On f\u00fcr all Ihre privilegierten Nutzer und profitieren Sie von der Integration in Ihr zentrales SOC- oder SIEM-Tool.\r\n\r\n\r\n\r\n\r\n\r\n                <\/div>\n                                            <\/div>\n            \n        <\/div>\n        \n\n\n    <\/div>\n\n<\/section>\n\n\n\n\n<section class=\"u-section u-section--content is-centered gray-bg-img\" data-block=\"content\">\n\n    <div class=\"u-wrapper u-wrapper--normal\">\n\n        <div class=\"content-hld is-centered cta-gray-hld\" data-aos=\"fade-in\">\n\n                                                <div class=\"content__photo\" data-aos=\"fade-in\">\n                        <img class=\"js-lazy\" data-src=\"https:\/\/pathlock.com\/wp-content\/uploads\/2022\/08\/iStock-1411083835-scaled.jpg\" alt=\"Due Diligence\" \/>\n                    <\/div>\n                            \n                            <h2 class=\"content__title u-title u-title--normal\">Unser Consulting-Team unterst\u00fctzt Sie gerne!<\/h2>\n            \n            \n                            <div class=\"content__btn-hld u-btn-hld\">\n                    <a class=\"content__btn u-btn u-btn--normal\" href=\"https:\/\/pathlock.com\/de\/access-governance-consulting\/\" target=\"_blank\">\n                        <span class=\"text\">Access Governance Consulting<\/span>\n                    <\/a>\n                <\/div>\n            \n        <\/div>\n\n    <\/div>\n\n<\/section>","protected":false},"excerpt":{"rendered":"","protected":false},"author":39,"featured_media":0,"parent":0,"menu_order":0,"comment_status":"closed","ping_status":"closed","template":"","meta":{"_acf_changed":true,"footnotes":""},"class_list":["post-33659","page","type-page","status-publish","hentry"],"acf":[],"yoast_head":"<!-- This site is optimized with the Yoast SEO Premium plugin v27.3 (Yoast SEO v27.4) - https:\/\/yoast.com\/product\/yoast-seo-premium-wordpress\/ -->\n<title>Superuser Management von Pathlock<\/title>\n<meta name=\"description\" content=\"Mit unserem Superuser Management gew\u00e4hren Sie ausgew\u00e4hlten Personen f\u00fcr einen begrenzten Zeitraum \u00fcberwachten Zugriff auf Ihre ERP-Systeme.\" \/>\n<meta name=\"robots\" content=\"index, follow, max-snippet:-1, max-image-preview:large, max-video-preview:-1\" \/>\n<link rel=\"canonical\" href=\"https:\/\/pathlock.com\/de\/superuser-management\/\" \/>\n<meta property=\"og:locale\" content=\"de_DE\" \/>\n<meta property=\"og:type\" content=\"article\" \/>\n<meta property=\"og:title\" content=\"Superuser Management von Pathlock\" \/>\n<meta property=\"og:description\" content=\"Mit unserem Superuser Management gew\u00e4hren Sie ausgew\u00e4hlten Personen f\u00fcr einen begrenzten Zeitraum \u00fcberwachten Zugriff auf Ihre ERP-Systeme.\" \/>\n<meta property=\"og:url\" content=\"https:\/\/pathlock.com\/de\/superuser-management\/\" \/>\n<meta property=\"og:site_name\" content=\"Pathlock\" \/>\n<meta property=\"article:modified_time\" content=\"2026-04-09T14:38:40+00:00\" \/>\n<meta property=\"og:image\" content=\"https:\/\/pathlock.com\/wp-content\/uploads\/2025\/06\/OpenGraph-Pathlock-Logo.webp\" \/>\n\t<meta property=\"og:image:width\" content=\"1200\" \/>\n\t<meta property=\"og:image:height\" content=\"630\" \/>\n\t<meta property=\"og:image:type\" content=\"image\/webp\" \/>\n<meta name=\"twitter:card\" content=\"summary_large_image\" \/>\n<meta name=\"twitter:title\" content=\"Superuser Management von Pathlock\" \/>\n<meta name=\"twitter:description\" content=\"Mit unserem Superuser Management gew\u00e4hren Sie ausgew\u00e4hlten Personen f\u00fcr einen begrenzten Zeitraum \u00fcberwachten Zugriff auf Ihre ERP-Systeme.\" \/>\n<meta name=\"twitter:site\" content=\"@pathlock\" \/>\n<script type=\"application\/ld+json\" class=\"yoast-schema-graph\">{\"@context\":\"https:\\\/\\\/schema.org\",\"@graph\":[{\"@type\":\"WebPage\",\"@id\":\"https:\\\/\\\/pathlock.com\\\/de\\\/superuser-management\\\/\",\"url\":\"https:\\\/\\\/pathlock.com\\\/de\\\/superuser-management\\\/\",\"name\":\"Superuser Management von Pathlock\",\"isPartOf\":{\"@id\":\"https:\\\/\\\/pathlock.com\\\/de\\\/#website\"},\"datePublished\":\"2023-08-25T09:29:02+00:00\",\"dateModified\":\"2026-04-09T14:38:40+00:00\",\"description\":\"Mit unserem Superuser Management gew\u00e4hren Sie ausgew\u00e4hlten Personen f\u00fcr einen begrenzten Zeitraum \u00fcberwachten Zugriff auf Ihre ERP-Systeme.\",\"breadcrumb\":{\"@id\":\"https:\\\/\\\/pathlock.com\\\/de\\\/superuser-management\\\/#breadcrumb\"},\"inLanguage\":\"de\",\"potentialAction\":[{\"@type\":\"ReadAction\",\"target\":[\"https:\\\/\\\/pathlock.com\\\/de\\\/superuser-management\\\/\"]}]},{\"@type\":\"BreadcrumbList\",\"@id\":\"https:\\\/\\\/pathlock.com\\\/de\\\/superuser-management\\\/#breadcrumb\",\"itemListElement\":[{\"@type\":\"ListItem\",\"position\":1,\"name\":\"Home\",\"item\":\"https:\\\/\\\/pathlock.com\\\/de\\\/\"},{\"@type\":\"ListItem\",\"position\":2,\"name\":\"Superuser Management\"}]},{\"@type\":\"WebSite\",\"@id\":\"https:\\\/\\\/pathlock.com\\\/de\\\/#website\",\"url\":\"https:\\\/\\\/pathlock.com\\\/de\\\/\",\"name\":\"Pathlock\",\"description\":\"The Leader in Application Security and Controls Automation\",\"publisher\":{\"@id\":\"https:\\\/\\\/pathlock.com\\\/de\\\/#organization\"},\"potentialAction\":[{\"@type\":\"SearchAction\",\"target\":{\"@type\":\"EntryPoint\",\"urlTemplate\":\"https:\\\/\\\/pathlock.com\\\/de\\\/?s={search_term_string}\"},\"query-input\":{\"@type\":\"PropertyValueSpecification\",\"valueRequired\":true,\"valueName\":\"search_term_string\"}}],\"inLanguage\":\"de\"},{\"@type\":\"Organization\",\"@id\":\"https:\\\/\\\/pathlock.com\\\/de\\\/#organization\",\"name\":\"Pathlock, Inc\",\"url\":\"https:\\\/\\\/pathlock.com\\\/de\\\/\",\"logo\":{\"@type\":\"ImageObject\",\"inLanguage\":\"de\",\"@id\":\"https:\\\/\\\/pathlock.com\\\/de\\\/#\\\/schema\\\/logo\\\/image\\\/\",\"url\":\"https:\\\/\\\/pathlock.com\\\/wp-content\\\/uploads\\\/2021\\\/11\\\/Zrzut-ekranu-2021-11-17-o-10.56.42.png\",\"contentUrl\":\"https:\\\/\\\/pathlock.com\\\/wp-content\\\/uploads\\\/2021\\\/11\\\/Zrzut-ekranu-2021-11-17-o-10.56.42.png\",\"width\":460,\"height\":148,\"caption\":\"Pathlock, Inc\"},\"image\":{\"@id\":\"https:\\\/\\\/pathlock.com\\\/de\\\/#\\\/schema\\\/logo\\\/image\\\/\"},\"sameAs\":[\"https:\\\/\\\/x.com\\\/pathlock\",\"https:\\\/\\\/www.linkedin.com\\\/company\\\/pathlock\",\"https:\\\/\\\/www.youtube.com\\\/channel\\\/UCgo4izMJ70K4gnyWQ_mP-OA\"]}]}<\/script>\n<!-- \/ Yoast SEO Premium plugin. -->","yoast_head_json":{"title":"Superuser Management von Pathlock","description":"Mit unserem Superuser Management gew\u00e4hren Sie ausgew\u00e4hlten Personen f\u00fcr einen begrenzten Zeitraum \u00fcberwachten Zugriff auf Ihre ERP-Systeme.","robots":{"index":"index","follow":"follow","max-snippet":"max-snippet:-1","max-image-preview":"max-image-preview:large","max-video-preview":"max-video-preview:-1"},"canonical":"https:\/\/pathlock.com\/de\/superuser-management\/","og_locale":"de_DE","og_type":"article","og_title":"Superuser Management von Pathlock","og_description":"Mit unserem Superuser Management gew\u00e4hren Sie ausgew\u00e4hlten Personen f\u00fcr einen begrenzten Zeitraum \u00fcberwachten Zugriff auf Ihre ERP-Systeme.","og_url":"https:\/\/pathlock.com\/de\/superuser-management\/","og_site_name":"Pathlock","article_modified_time":"2026-04-09T14:38:40+00:00","og_image":[{"width":1200,"height":630,"url":"https:\/\/pathlock.com\/wp-content\/uploads\/2025\/06\/OpenGraph-Pathlock-Logo.webp","type":"image\/webp"}],"twitter_card":"summary_large_image","twitter_title":"Superuser Management von Pathlock","twitter_description":"Mit unserem Superuser Management gew\u00e4hren Sie ausgew\u00e4hlten Personen f\u00fcr einen begrenzten Zeitraum \u00fcberwachten Zugriff auf Ihre ERP-Systeme.","twitter_site":"@pathlock","schema":{"@context":"https:\/\/schema.org","@graph":[{"@type":"WebPage","@id":"https:\/\/pathlock.com\/de\/superuser-management\/","url":"https:\/\/pathlock.com\/de\/superuser-management\/","name":"Superuser Management von Pathlock","isPartOf":{"@id":"https:\/\/pathlock.com\/de\/#website"},"datePublished":"2023-08-25T09:29:02+00:00","dateModified":"2026-04-09T14:38:40+00:00","description":"Mit unserem Superuser Management gew\u00e4hren Sie ausgew\u00e4hlten Personen f\u00fcr einen begrenzten Zeitraum \u00fcberwachten Zugriff auf Ihre ERP-Systeme.","breadcrumb":{"@id":"https:\/\/pathlock.com\/de\/superuser-management\/#breadcrumb"},"inLanguage":"de","potentialAction":[{"@type":"ReadAction","target":["https:\/\/pathlock.com\/de\/superuser-management\/"]}]},{"@type":"BreadcrumbList","@id":"https:\/\/pathlock.com\/de\/superuser-management\/#breadcrumb","itemListElement":[{"@type":"ListItem","position":1,"name":"Home","item":"https:\/\/pathlock.com\/de\/"},{"@type":"ListItem","position":2,"name":"Superuser Management"}]},{"@type":"WebSite","@id":"https:\/\/pathlock.com\/de\/#website","url":"https:\/\/pathlock.com\/de\/","name":"Pathlock","description":"The Leader in Application Security and Controls Automation","publisher":{"@id":"https:\/\/pathlock.com\/de\/#organization"},"potentialAction":[{"@type":"SearchAction","target":{"@type":"EntryPoint","urlTemplate":"https:\/\/pathlock.com\/de\/?s={search_term_string}"},"query-input":{"@type":"PropertyValueSpecification","valueRequired":true,"valueName":"search_term_string"}}],"inLanguage":"de"},{"@type":"Organization","@id":"https:\/\/pathlock.com\/de\/#organization","name":"Pathlock, Inc","url":"https:\/\/pathlock.com\/de\/","logo":{"@type":"ImageObject","inLanguage":"de","@id":"https:\/\/pathlock.com\/de\/#\/schema\/logo\/image\/","url":"https:\/\/pathlock.com\/wp-content\/uploads\/2021\/11\/Zrzut-ekranu-2021-11-17-o-10.56.42.png","contentUrl":"https:\/\/pathlock.com\/wp-content\/uploads\/2021\/11\/Zrzut-ekranu-2021-11-17-o-10.56.42.png","width":460,"height":148,"caption":"Pathlock, Inc"},"image":{"@id":"https:\/\/pathlock.com\/de\/#\/schema\/logo\/image\/"},"sameAs":["https:\/\/x.com\/pathlock","https:\/\/www.linkedin.com\/company\/pathlock","https:\/\/www.youtube.com\/channel\/UCgo4izMJ70K4gnyWQ_mP-OA"]}]}},"ACF":false,"_links":{"self":[{"href":"https:\/\/pathlock.com\/de\/wp-json\/wp\/v2\/pages\/33659","targetHints":{"allow":["GET"]}}],"collection":[{"href":"https:\/\/pathlock.com\/de\/wp-json\/wp\/v2\/pages"}],"about":[{"href":"https:\/\/pathlock.com\/de\/wp-json\/wp\/v2\/types\/page"}],"author":[{"embeddable":true,"href":"https:\/\/pathlock.com\/de\/wp-json\/wp\/v2\/users\/39"}],"replies":[{"embeddable":true,"href":"https:\/\/pathlock.com\/de\/wp-json\/wp\/v2\/comments?post=33659"}],"version-history":[{"count":0,"href":"https:\/\/pathlock.com\/de\/wp-json\/wp\/v2\/pages\/33659\/revisions"}],"wp:attachment":[{"href":"https:\/\/pathlock.com\/de\/wp-json\/wp\/v2\/media?parent=33659"}],"curies":[{"name":"wp","href":"https:\/\/api.w.org\/{rel}","templated":true}]}}