{"id":33575,"date":"2023-06-16T06:30:13","date_gmt":"2023-06-16T13:30:13","guid":{"rendered":"https:\/\/pathlock.com\/?page_id=33575"},"modified":"2026-04-09T10:26:59","modified_gmt":"2026-04-09T14:26:59","slug":"data-masking","status":"publish","type":"page","link":"https:\/\/pathlock.com\/de\/data-masking\/","title":{"rendered":"Data Masking"},"content":{"rendered":"\n\n    <link rel=\"stylesheet\" type=\"text\/css\" href=\"https:\/\/pathlock.com\/wp-content\/themes\/_pathlock-dist\/src\/css\/style.min.css?ver=1776687882\" \/>\n\n\n\n\n\n<section class=\"u-section u-section--hero-product !mt-0 pt-[120px]\">\n    <div class=\"u-wrapper u-wrapper--big\">\n\n        <div class=\"hero-product is-blue hero-product--large\">\n\n            <div class=\"hero-product__left\">\n\n                                <span class=\"hero-product__subtitle u-subtitle\">Pathlock Data Masking<\/span>\n                \n                                <h1 class=\"hero-product__title u-title u-title--normal\">Dynamische Maskierung zum Schutz Ihrer sensiblen Daten<\/h1>\n                \n                                <div class=\"hero-product__content u-content\">\n                    <p>Verbergen Sie vertrauliche Informationen und kritische Daten, die nicht von jedem und in jeder Situation einsehbar sein sollten.<\/p>\n                <\/div>\n                \n                <div class=\"hero-product__btn-hld u-btn-hld\">\n\n                                        <a class=\"hero-product__btn u-btn u-btn--normal\" href=\"https:\/\/pathlock.com\/de\/kontakt\/\" target=\"_blank\">\n                        <span class=\"text\">Demo anfragen<\/span>\n                    <\/a>\n                    \n                    \n                <\/div>\n\n            <\/div>\n\n            <div class=\"hero-product__right\">\n\n\n                <div class=\"hero-product__image\">\n                                                            <img decoding=\"async\" class=\"\" src=\"https:\/\/pathlock.com\/wp-content\/uploads\/fly-images\/33577\/Icon_LP_Data-Masking_500x500px-759x474-c.png\" data-src=\"https:\/\/pathlock.com\/wp-content\/uploads\/fly-images\/33577\/Icon_LP_Data-Masking_500x500px-759x474-c.png\" alt=\"Icon_LP_Data Masking_500x500px\" \/>\n                    \n                   \n                <\/div>\n\n\n            <\/div>\n\n        <\/div>\n        \n                \n\t<\/div>\n<\/section>\n\n\n\n\n            <script>\n            \/\/ Function to get the 'cid' from URL parameters, cookies, or localStorage\n            function getCID() {\n                var cid = null;\n\n                \/\/ 1. Try to get 'cid' from URL parameters\n                var urlParams = new URLSearchParams(window.location.search);\n                if (urlParams.has('cid')) {\n                    cid = urlParams.get('cid');\n                }\n\n                \/\/ 2. If not in URL, try to get 'cid' from localStorage\n                if (!cid) {\n                    try {\n                    cid = localStorage.getItem('salesforce_campaign_id');\n                    } catch (e) {\n                    \/\/ Handle localStorage errors\n                    }\n                }\n\n                \/\/ 3. If not in localStorage, try to get 'cid' from cookies\n                if (!cid) {\n                    var value = \"; \" + document.cookie;\n                    var parts = value.split(\"; salesforce_campaign_id=\");\n                    if (parts.length === 2) {\n                    cid = parts.pop().split(\";\").shift();\n                    }\n                }\n\n                return cid;\n                }\n\n            var cid = getCID(); \/\/ Retrieve the cid value\n\n       \n            if(cid == null){\n                cid = \"701PZ00000IlEYNYA3\"\n                \n            }\n          \n            <\/script>\n<section class=\"u-section u-section--content   is-gray \" data-block=\"content\">\n\n    <div class=\"u-wrapper u-wrapper--normal\">\n        <div class=\"content-hld\" data-aos=\"fade-in\">\n\n                        <p class=\"content__subtitle u-subtitle\">SAP DATA MASKING<\/p>\n            \n                        <h2 class=\"content__title u-title u-title--normal\">Verbesserter Schutz sensibler Daten durch feingranulare Ansichten<\/h2>\n            \n                                    <div class=\"content__content u-content\">\n                <p>In SAP-Anwendungen sind gro\u00dfe Mengen sensibler Daten enthalten, angefangen bei personenbezogenen Informationen bis hin zu Finanzzahlen. Eine Offenlegung dieser Daten &#8211; ob gezielt oder versehentlich &#8211; bietet potenzielle Angriffsfl\u00e4chen. Im Gegensatz zu Rollen- und Berechtigungskonzepten geht es bei der Datenmaskierung um das situationsbedingte Verbergen hochsensibler Datenfelder. Klassische Tools ber\u00fccksichtigen nicht den Kontext des Zugriffsrisikos, so k\u00f6nnen privilegierte User beispielsweise auf sensible Daten zugreifen, selbst wenn sie in einem bestimmten Rahmen gar nicht erforderlich w\u00e4ren.<\/p>\n<p><strong>Das Pathlock Data Masking<\/strong> verfolgt einen anderen Ansatz und hilft Ihnen dabei, die Ansichten von Datenfelder in SAP-Applikationen passgenau zu anonymisieren. Wir setzen dynamische Richtlinien in einem einzigen Regelsatz ein und ber\u00fccksichtigen dabei den Risikokontext, um Ihre sensiblen Daten zielgenauer zu sch\u00fctzen. Unser Regelwerk ist vollst\u00e4ndig individuell konfigurierbar, so k\u00f6nnen Sie jedes Datenfeld, jede Funktion oder jedes User Interface nach Ihren Bed\u00fcrfnissen anpassen.<\/p>\n<p> <\/p>\n            <\/div>\n            \n                        <div class=\"content__btn-hld u-btn-hld\">\n\n                                <a class=\"content__btn u-btn u-btn--normal\" href=\"https:\/\/pathlock.com\/de\/kontakt\/\" target=\"_blank\">\n                    <span class=\"text\">Kontakt zu einem Spezialisten <\/span>\n                <\/a>\n                \n                \n            <\/div>\n            \n        <\/div>\n\n    <\/div>\n\n    \n<\/section>\n\n\n\n\n<section class=\"u-section u-section--tile-grid js-scrolled-element\" data-block=\"tile-grid\" data-aos=\"fade-in\" data-aos=\"fade-in\" data-anchor=\"form-scroll\">\n\n\t<div class=\"u-wrapper u-wrapper--big\" >\n\n                <h2 class=\"tile-grid__title u-title u-title--normal\">\n            Ihre Vorteile auf einen Blick        <\/h2>\n        \n                <div class=\"tile-grid__list four-col\">\n\n                                    <div class=\"tile-grid__item\">\n     \n                                                <div class=\"tile-grid__item-title\">\n                    Einfache Einf\u00fchrung und Verwaltung                <\/div>\n                \n                                <div class=\"text\">\n                    Unser Data Masking ist leicht zu implementieren und zu verwalten. F\u00fcr die dynamische Datenmaskierung sorgt eine zentralisierte Engine. Modifikationen einzelner Applikationen sind nicht notwendig.                <\/div>\n                                            <\/div>\n                                    <div class=\"tile-grid__item\">\n     \n                                                <div class=\"tile-grid__item-title\">\n                    Umfangreicher Pr\u00fcfumfang                <\/div>\n                \n                                <div class=\"text\">\n                    Sie k\u00f6nnen mehrere Policies gleichzeitig auf ein Attribut anwenden (ITAR, GDPR, PII). Auch das\r\nEinlesen von Attributen aus externen Quellen, wie dem Active Directory, ist problemlos m\u00f6glich. \r\n                <\/div>\n                                            <\/div>\n                                    <div class=\"tile-grid__item\">\n     \n                                                <div class=\"tile-grid__item-title\">\n                    Detaillierte Auditberichte                 <\/div>\n                \n                                <div class=\"text\">\n                    Sie erhalten bessere, umfangreichere Analysen \u00fcber den Aufruf sensibler Daten und das als auditf\u00e4higen Report. Das Tool meldet Ihnen Alerts, wenn auf vertrauliche Informationen zugegriffen wurde. \r\n\r\n\r\n\r\n                <\/div>\n                                            <\/div>\n                                    <div class=\"tile-grid__item\">\n     \n                                                <div class=\"tile-grid__item-title\">\n                    Leicht zu installieren und kombinieren                <\/div>\n                \n                                <div class=\"text\">\n                    Die Installation erfolgt auf dem SAP Application Server, ohne zus\u00e4tzliche Hardware, und unterst\u00fctzt SAP Standard-Konfigurationen sowie Transporte. Mit unserer Threath Detection und dem Role Design kombinierbar.\r\n\r\n\r\n\r\n\r\n\r\n                <\/div>\n                                            <\/div>\n            \n        <\/div>\n        \n\n\n    <\/div>\n\n<\/section>\n\n\n\n\n<section class=\"u-section u-section--content is-centered gray-bg-img\" data-block=\"content\">\n\n    <div class=\"u-wrapper u-wrapper--normal\">\n\n        <div class=\"content-hld is-centered cta-gray-hld\" data-aos=\"fade-in\">\n\n                                                <div class=\"content__photo\" data-aos=\"fade-in\">\n                        <img class=\"js-lazy\" data-src=\"https:\/\/pathlock.com\/wp-content\/uploads\/2023\/02\/PLDE_Data-Masking-II-klein.jpeg\" alt=\"Webinar Data Masking\" \/>\n                    <\/div>\n                            \n                            <h2 class=\"content__title u-title u-title--normal\">Attributbasiertes Data Masking: So verbessern Sie den Schutz Ihrer sensiblen Daten wirkungsvoll<\/h2>\n            \n                            <div class=\"content__content u-content\">\n                    <p style=\"text-align: center;\">In diesem Webinar erfahren Sie, warum ein gutes Berechtigungskonzept f\u00fcr den Schutz Ihrer sensiblen Daten alleine nicht ausreichend Schutz bietet.<\/p>\n                <\/div>\n            \n                            <div class=\"content__btn-hld u-btn-hld\">\n                    <a class=\"content__btn u-btn u-btn--normal\" href=\"https:\/\/pathlock.com\/de\/resource\/webinar-attributbasiertes-data-masking-verbessern-sie-schutz-sensiblen-daten\/\" target=\"_blank\">\n                        <span class=\"text\">Webinar ansehen<\/span>\n                    <\/a>\n                <\/div>\n            \n        <\/div>\n\n    <\/div>\n\n<\/section>","protected":false},"excerpt":{"rendered":"","protected":false},"author":39,"featured_media":32594,"parent":0,"menu_order":0,"comment_status":"closed","ping_status":"closed","template":"","meta":{"_acf_changed":true,"footnotes":""},"class_list":["post-33575","page","type-page","status-publish","has-post-thumbnail","hentry"],"acf":[],"yoast_head":"<!-- This site is optimized with the Yoast SEO Premium plugin v27.3 (Yoast SEO v27.4) - https:\/\/yoast.com\/product\/yoast-seo-premium-wordpress\/ -->\n<title>SAP Data Masking | Dynamische Maskierung sch\u00fctzt Ihre Daten<\/title>\n<meta name=\"description\" content=\"Unser Data Masking verbirgt vertrauliche Informationen durch feingranulare Ansichten. Verbessern auch Sie den Schutz Ihrer sensiblen Daten!\" \/>\n<meta name=\"robots\" content=\"index, follow, max-snippet:-1, max-image-preview:large, max-video-preview:-1\" \/>\n<link rel=\"canonical\" href=\"https:\/\/pathlock.com\/de\/data-masking\/\" \/>\n<meta property=\"og:locale\" content=\"de_DE\" \/>\n<meta property=\"og:type\" content=\"article\" \/>\n<meta property=\"og:title\" content=\"SAP Data Masking | Dynamische Maskierung sch\u00fctzt Ihre Daten\" \/>\n<meta property=\"og:description\" content=\"Unser Data Masking verbirgt vertrauliche Informationen durch feingranulare Ansichten. Verbessern auch Sie den Schutz Ihrer sensiblen Daten!\" \/>\n<meta property=\"og:url\" content=\"https:\/\/pathlock.com\/de\/data-masking\/\" \/>\n<meta property=\"og:site_name\" content=\"Pathlock\" \/>\n<meta property=\"article:modified_time\" content=\"2026-04-09T14:26:59+00:00\" \/>\n<meta property=\"og:image\" content=\"https:\/\/pathlock.com\/wp-content\/uploads\/2023\/02\/PLDE_Data-Masking-II-klein.jpeg\" \/>\n\t<meta property=\"og:image:width\" content=\"2510\" \/>\n\t<meta property=\"og:image:height\" content=\"1670\" \/>\n\t<meta property=\"og:image:type\" content=\"image\/jpeg\" \/>\n<meta name=\"twitter:card\" content=\"summary_large_image\" \/>\n<meta name=\"twitter:title\" content=\"SAP Data Masking | Dynamische Maskierung sch\u00fctzt Ihre Daten\" \/>\n<meta name=\"twitter:description\" content=\"Unser Data Masking verbirgt vertrauliche Informationen durch feingranulare Ansichten. Verbessern auch Sie den Schutz Ihrer sensiblen Daten!\" \/>\n<meta name=\"twitter:site\" content=\"@pathlock\" \/>\n<meta name=\"twitter:label1\" content=\"Gesch\u00e4tzte Lesezeit\" \/>\n\t<meta name=\"twitter:data1\" content=\"1\u00a0Minute\" \/>\n<script type=\"application\/ld+json\" class=\"yoast-schema-graph\">{\"@context\":\"https:\\\/\\\/schema.org\",\"@graph\":[{\"@type\":\"WebPage\",\"@id\":\"https:\\\/\\\/pathlock.com\\\/de\\\/data-masking\\\/\",\"url\":\"https:\\\/\\\/pathlock.com\\\/de\\\/data-masking\\\/\",\"name\":\"SAP Data Masking | Dynamische Maskierung sch\u00fctzt Ihre Daten\",\"isPartOf\":{\"@id\":\"https:\\\/\\\/pathlock.com\\\/de\\\/#website\"},\"primaryImageOfPage\":{\"@id\":\"https:\\\/\\\/pathlock.com\\\/de\\\/data-masking\\\/#primaryimage\"},\"image\":{\"@id\":\"https:\\\/\\\/pathlock.com\\\/de\\\/data-masking\\\/#primaryimage\"},\"thumbnailUrl\":\"https:\\\/\\\/pathlock.com\\\/wp-content\\\/uploads\\\/2023\\\/02\\\/PLDE_Data-Masking-II-klein.jpeg\",\"datePublished\":\"2023-06-16T13:30:13+00:00\",\"dateModified\":\"2026-04-09T14:26:59+00:00\",\"description\":\"Unser Data Masking verbirgt vertrauliche Informationen durch feingranulare Ansichten. Verbessern auch Sie den Schutz Ihrer sensiblen Daten!\",\"breadcrumb\":{\"@id\":\"https:\\\/\\\/pathlock.com\\\/de\\\/data-masking\\\/#breadcrumb\"},\"inLanguage\":\"de\",\"potentialAction\":[{\"@type\":\"ReadAction\",\"target\":[\"https:\\\/\\\/pathlock.com\\\/de\\\/data-masking\\\/\"]}]},{\"@type\":\"ImageObject\",\"inLanguage\":\"de\",\"@id\":\"https:\\\/\\\/pathlock.com\\\/de\\\/data-masking\\\/#primaryimage\",\"url\":\"https:\\\/\\\/pathlock.com\\\/wp-content\\\/uploads\\\/2023\\\/02\\\/PLDE_Data-Masking-II-klein.jpeg\",\"contentUrl\":\"https:\\\/\\\/pathlock.com\\\/wp-content\\\/uploads\\\/2023\\\/02\\\/PLDE_Data-Masking-II-klein.jpeg\",\"width\":2510,\"height\":1670,\"caption\":\"PLDE_Data Masking\"},{\"@type\":\"BreadcrumbList\",\"@id\":\"https:\\\/\\\/pathlock.com\\\/de\\\/data-masking\\\/#breadcrumb\",\"itemListElement\":[{\"@type\":\"ListItem\",\"position\":1,\"name\":\"Home\",\"item\":\"https:\\\/\\\/pathlock.com\\\/de\\\/\"},{\"@type\":\"ListItem\",\"position\":2,\"name\":\"Data Masking\"}]},{\"@type\":\"WebSite\",\"@id\":\"https:\\\/\\\/pathlock.com\\\/de\\\/#website\",\"url\":\"https:\\\/\\\/pathlock.com\\\/de\\\/\",\"name\":\"Pathlock\",\"description\":\"The Leader in Application Security and Controls Automation\",\"publisher\":{\"@id\":\"https:\\\/\\\/pathlock.com\\\/de\\\/#organization\"},\"potentialAction\":[{\"@type\":\"SearchAction\",\"target\":{\"@type\":\"EntryPoint\",\"urlTemplate\":\"https:\\\/\\\/pathlock.com\\\/de\\\/?s={search_term_string}\"},\"query-input\":{\"@type\":\"PropertyValueSpecification\",\"valueRequired\":true,\"valueName\":\"search_term_string\"}}],\"inLanguage\":\"de\"},{\"@type\":\"Organization\",\"@id\":\"https:\\\/\\\/pathlock.com\\\/de\\\/#organization\",\"name\":\"Pathlock, Inc\",\"url\":\"https:\\\/\\\/pathlock.com\\\/de\\\/\",\"logo\":{\"@type\":\"ImageObject\",\"inLanguage\":\"de\",\"@id\":\"https:\\\/\\\/pathlock.com\\\/de\\\/#\\\/schema\\\/logo\\\/image\\\/\",\"url\":\"https:\\\/\\\/pathlock.com\\\/wp-content\\\/uploads\\\/2021\\\/11\\\/Zrzut-ekranu-2021-11-17-o-10.56.42.png\",\"contentUrl\":\"https:\\\/\\\/pathlock.com\\\/wp-content\\\/uploads\\\/2021\\\/11\\\/Zrzut-ekranu-2021-11-17-o-10.56.42.png\",\"width\":460,\"height\":148,\"caption\":\"Pathlock, Inc\"},\"image\":{\"@id\":\"https:\\\/\\\/pathlock.com\\\/de\\\/#\\\/schema\\\/logo\\\/image\\\/\"},\"sameAs\":[\"https:\\\/\\\/x.com\\\/pathlock\",\"https:\\\/\\\/www.linkedin.com\\\/company\\\/pathlock\",\"https:\\\/\\\/www.youtube.com\\\/channel\\\/UCgo4izMJ70K4gnyWQ_mP-OA\"]}]}<\/script>\n<!-- \/ Yoast SEO Premium plugin. -->","yoast_head_json":{"title":"SAP Data Masking | Dynamische Maskierung sch\u00fctzt Ihre Daten","description":"Unser Data Masking verbirgt vertrauliche Informationen durch feingranulare Ansichten. Verbessern auch Sie den Schutz Ihrer sensiblen Daten!","robots":{"index":"index","follow":"follow","max-snippet":"max-snippet:-1","max-image-preview":"max-image-preview:large","max-video-preview":"max-video-preview:-1"},"canonical":"https:\/\/pathlock.com\/de\/data-masking\/","og_locale":"de_DE","og_type":"article","og_title":"SAP Data Masking | Dynamische Maskierung sch\u00fctzt Ihre Daten","og_description":"Unser Data Masking verbirgt vertrauliche Informationen durch feingranulare Ansichten. Verbessern auch Sie den Schutz Ihrer sensiblen Daten!","og_url":"https:\/\/pathlock.com\/de\/data-masking\/","og_site_name":"Pathlock","article_modified_time":"2026-04-09T14:26:59+00:00","og_image":[{"width":2510,"height":1670,"url":"https:\/\/pathlock.com\/wp-content\/uploads\/2023\/02\/PLDE_Data-Masking-II-klein.jpeg","type":"image\/jpeg"}],"twitter_card":"summary_large_image","twitter_title":"SAP Data Masking | Dynamische Maskierung sch\u00fctzt Ihre Daten","twitter_description":"Unser Data Masking verbirgt vertrauliche Informationen durch feingranulare Ansichten. Verbessern auch Sie den Schutz Ihrer sensiblen Daten!","twitter_site":"@pathlock","twitter_misc":{"Gesch\u00e4tzte Lesezeit":"1\u00a0Minute"},"schema":{"@context":"https:\/\/schema.org","@graph":[{"@type":"WebPage","@id":"https:\/\/pathlock.com\/de\/data-masking\/","url":"https:\/\/pathlock.com\/de\/data-masking\/","name":"SAP Data Masking | Dynamische Maskierung sch\u00fctzt Ihre Daten","isPartOf":{"@id":"https:\/\/pathlock.com\/de\/#website"},"primaryImageOfPage":{"@id":"https:\/\/pathlock.com\/de\/data-masking\/#primaryimage"},"image":{"@id":"https:\/\/pathlock.com\/de\/data-masking\/#primaryimage"},"thumbnailUrl":"https:\/\/pathlock.com\/wp-content\/uploads\/2023\/02\/PLDE_Data-Masking-II-klein.jpeg","datePublished":"2023-06-16T13:30:13+00:00","dateModified":"2026-04-09T14:26:59+00:00","description":"Unser Data Masking verbirgt vertrauliche Informationen durch feingranulare Ansichten. Verbessern auch Sie den Schutz Ihrer sensiblen Daten!","breadcrumb":{"@id":"https:\/\/pathlock.com\/de\/data-masking\/#breadcrumb"},"inLanguage":"de","potentialAction":[{"@type":"ReadAction","target":["https:\/\/pathlock.com\/de\/data-masking\/"]}]},{"@type":"ImageObject","inLanguage":"de","@id":"https:\/\/pathlock.com\/de\/data-masking\/#primaryimage","url":"https:\/\/pathlock.com\/wp-content\/uploads\/2023\/02\/PLDE_Data-Masking-II-klein.jpeg","contentUrl":"https:\/\/pathlock.com\/wp-content\/uploads\/2023\/02\/PLDE_Data-Masking-II-klein.jpeg","width":2510,"height":1670,"caption":"PLDE_Data Masking"},{"@type":"BreadcrumbList","@id":"https:\/\/pathlock.com\/de\/data-masking\/#breadcrumb","itemListElement":[{"@type":"ListItem","position":1,"name":"Home","item":"https:\/\/pathlock.com\/de\/"},{"@type":"ListItem","position":2,"name":"Data Masking"}]},{"@type":"WebSite","@id":"https:\/\/pathlock.com\/de\/#website","url":"https:\/\/pathlock.com\/de\/","name":"Pathlock","description":"The Leader in Application Security and Controls Automation","publisher":{"@id":"https:\/\/pathlock.com\/de\/#organization"},"potentialAction":[{"@type":"SearchAction","target":{"@type":"EntryPoint","urlTemplate":"https:\/\/pathlock.com\/de\/?s={search_term_string}"},"query-input":{"@type":"PropertyValueSpecification","valueRequired":true,"valueName":"search_term_string"}}],"inLanguage":"de"},{"@type":"Organization","@id":"https:\/\/pathlock.com\/de\/#organization","name":"Pathlock, Inc","url":"https:\/\/pathlock.com\/de\/","logo":{"@type":"ImageObject","inLanguage":"de","@id":"https:\/\/pathlock.com\/de\/#\/schema\/logo\/image\/","url":"https:\/\/pathlock.com\/wp-content\/uploads\/2021\/11\/Zrzut-ekranu-2021-11-17-o-10.56.42.png","contentUrl":"https:\/\/pathlock.com\/wp-content\/uploads\/2021\/11\/Zrzut-ekranu-2021-11-17-o-10.56.42.png","width":460,"height":148,"caption":"Pathlock, Inc"},"image":{"@id":"https:\/\/pathlock.com\/de\/#\/schema\/logo\/image\/"},"sameAs":["https:\/\/x.com\/pathlock","https:\/\/www.linkedin.com\/company\/pathlock","https:\/\/www.youtube.com\/channel\/UCgo4izMJ70K4gnyWQ_mP-OA"]}]}},"ACF":false,"_links":{"self":[{"href":"https:\/\/pathlock.com\/de\/wp-json\/wp\/v2\/pages\/33575","targetHints":{"allow":["GET"]}}],"collection":[{"href":"https:\/\/pathlock.com\/de\/wp-json\/wp\/v2\/pages"}],"about":[{"href":"https:\/\/pathlock.com\/de\/wp-json\/wp\/v2\/types\/page"}],"author":[{"embeddable":true,"href":"https:\/\/pathlock.com\/de\/wp-json\/wp\/v2\/users\/39"}],"replies":[{"embeddable":true,"href":"https:\/\/pathlock.com\/de\/wp-json\/wp\/v2\/comments?post=33575"}],"version-history":[{"count":0,"href":"https:\/\/pathlock.com\/de\/wp-json\/wp\/v2\/pages\/33575\/revisions"}],"wp:featuredmedia":[{"embeddable":true,"href":"https:\/\/pathlock.com\/de\/wp-json\/wp\/v2\/media\/32594"}],"wp:attachment":[{"href":"https:\/\/pathlock.com\/de\/wp-json\/wp\/v2\/media?parent=33575"}],"curies":[{"name":"wp","href":"https:\/\/api.w.org\/{rel}","templated":true}]}}