{"id":33442,"date":"2023-06-14T06:02:48","date_gmt":"2023-06-14T13:02:48","guid":{"rendered":"https:\/\/pathlock.com\/?page_id=33442"},"modified":"2026-04-09T10:40:22","modified_gmt":"2026-04-09T14:40:22","slug":"transportkontrollen","status":"publish","type":"page","link":"https:\/\/pathlock.com\/de\/transportkontrollen\/","title":{"rendered":"Transportkontrollen"},"content":{"rendered":"\n\n    <link rel=\"stylesheet\" type=\"text\/css\" href=\"https:\/\/pathlock.com\/wp-content\/themes\/_pathlock-dist\/src\/css\/style.min.css?ver=1776346913\" \/>\n\n\n\n\n\n<section class=\"u-section u-section--hero-product !mt-0 pt-[120px]\">\n    <div class=\"u-wrapper u-wrapper--big\">\n\n        <div class=\"hero-product is-blue hero-product--large\">\n\n            <div class=\"hero-product__left\">\n\n                                <span class=\"hero-product__subtitle u-subtitle\">Pathlock Transport Control<\/span>\n                \n                                <h1 class=\"hero-product__title u-title u-title--normal\">Automatisierte SAP-Transportkontrollen <\/h1>\n                \n                                <div class=\"hero-product__content u-content\">\n                    <p>\u00dcberwachen Sie kontinuierlich den Export und Import von SAP-Transporten und blockieren Sie automatisch kritische Objekte, noch bevor sie transportiert werden.<\/p>\n                <\/div>\n                \n                <div class=\"hero-product__btn-hld u-btn-hld\">\n\n                                        <a class=\"hero-product__btn u-btn u-btn--normal\" href=\"https:\/\/pathlock.com\/de\/kontakt\/\" target=\"_blank\">\n                        <span class=\"text\">Demo anfragen<\/span>\n                    <\/a>\n                    \n                    \n                <\/div>\n\n            <\/div>\n\n            <div class=\"hero-product__right\">\n\n\n                <div class=\"hero-product__image\">\n                                                            <img decoding=\"async\" class=\"\" src=\"https:\/\/pathlock.com\/wp-content\/uploads\/fly-images\/33529\/Icon_LP_Transport-Control_500x500px_III-759x474-c.png\" data-src=\"https:\/\/pathlock.com\/wp-content\/uploads\/fly-images\/33529\/Icon_LP_Transport-Control_500x500px_III-759x474-c.png\" alt=\"PLDE_Icon_LP_Transport Control_500x500px\" \/>\n                    \n                   \n                <\/div>\n\n\n            <\/div>\n\n        <\/div>\n        \n                \n\t<\/div>\n<\/section>\n\n\n\n\n            <script>\n            \/\/ Function to get the 'cid' from URL parameters, cookies, or localStorage\n            function getCID() {\n                var cid = null;\n\n                \/\/ 1. Try to get 'cid' from URL parameters\n                var urlParams = new URLSearchParams(window.location.search);\n                if (urlParams.has('cid')) {\n                    cid = urlParams.get('cid');\n                }\n\n                \/\/ 2. If not in URL, try to get 'cid' from localStorage\n                if (!cid) {\n                    try {\n                    cid = localStorage.getItem('salesforce_campaign_id');\n                    } catch (e) {\n                    \/\/ Handle localStorage errors\n                    }\n                }\n\n                \/\/ 3. If not in localStorage, try to get 'cid' from cookies\n                if (!cid) {\n                    var value = \"; \" + document.cookie;\n                    var parts = value.split(\"; salesforce_campaign_id=\");\n                    if (parts.length === 2) {\n                    cid = parts.pop().split(\";\").shift();\n                    }\n                }\n\n                return cid;\n                }\n\n            var cid = getCID(); \/\/ Retrieve the cid value\n\n       \n            if(cid == null){\n                cid = \"701PZ00000IlEYNYA3\"\n                \n            }\n          \n            <\/script>\n<section class=\"u-section u-section--content   is-gray \" data-block=\"content\">\n\n    <div class=\"u-wrapper u-wrapper--normal\">\n        <div class=\"content-hld\" data-aos=\"fade-in\">\n\n                        <p class=\"content__subtitle u-subtitle\">SAP TRANSPORT CONTROLS<\/p>\n            \n                        <h2 class=\"content__title u-title u-title--normal\">Kritische Objekte in SAP-Transporten erkennen und blockieren <\/h2>\n            \n                                    <div class=\"content__content u-content\">\n                <p><span class=\"ui-provider gs b c d e f g h i j k l m n o p q r s t u v w x y z ab ac ae af ag ah ai aj ak\" dir=\"ltr\">Transporte sind in jeder SAP-Umgebung ein wesentlicher Bestandteil. Mit ihnen werden \u00c4nderungen in andere Systeme \u00fcbertragen, neue Funktionen implementiert oder Updates installiert. Ungepr\u00fcft bieten Transporte jedoch auch m\u00f6gliche Einfallstore f\u00fcr die Einspielung risikobehafteter Objekte. Der SAP-Standard bietet dabei kaum verl\u00e4ssliche Optionen, m\u00f6gliche Bedrohungen rechtzeitig zu erkennen.<\/span><\/p>\n<p><span class=\"ui-provider gs b c d e f g h i j k l m n o p q r s t u v w x y z ab ac ae af ag ah ai aj ak\" dir=\"ltr\"> Entwickler ben\u00f6tigen die Berechtigung, Code zu \u00e4ndern und die M\u00f6glichkeit, Transporte aus dem Entwicklungssystem zu \u00fcbertragen.\u00a0<\/span>Doch Entwicklungssysteme priorisieren im Security Scope kaum und es wird wenig auf Audits oder Auditlogs geachtet. Zudem ist ABAP-Coding un\u00fcbersichtlich mit 10.000+ Zeilen sowie Funktionsgruppen aus Hunderten Bausteinen. Ein manuelles Audit ist daher angesichts der schieren Datenmenge keine realistische Option.<\/p>\n<p><strong>Pathlock Transport Control<\/strong> erm\u00f6glicht es Ihnen, Transporte mit verd\u00e4chtigen Inhalten kontinuierlich zu \u00fcberwachen, zu bewerten und gegebenenfalls bereits vor dem Eintreffen im System zu blockieren. Das Tool erweitert den SAP-Standard &#8222;Transport Management System&#8220; (TMS) um vorkonfigurierte Sicherheitskontrollen und bietet zus\u00e4tzliche Automatisierungs-Funktionen. Durch die automatische Sperrung fehlerhafter Transporte k\u00f6nnen Ihre Entwicklungsteams Probleme beheben, noch bevor die Qualit\u00e4t, Sicherheit oder Compliance Ihrer SAP-Systeme beeintr\u00e4chtigt werden. Dabei spielt es keine Rolle, ob es sich bei den kritischen Objekten um unzureichende Codierung, fehlerhafte Systemkonfiguration oder um bewusste Manipulation von Daten, Rollen oder Berechtigungen handelt. Ein zentrales Security Dashboard zeigt Ihnen alle Transporte und Objekte an, die nicht Ihren Sicherheits- und Compliance-Anforderungen entsprechen.<\/p>\n            <\/div>\n            \n                        <div class=\"content__btn-hld u-btn-hld\">\n\n                                <a class=\"content__btn u-btn u-btn--normal\" href=\"https:\/\/pathlock.com\/de\/kontakt\/\" target=\"_blank\">\n                    <span class=\"text\">Kontakt zu einem Spezialisten <\/span>\n                <\/a>\n                \n                \n            <\/div>\n            \n        <\/div>\n\n    <\/div>\n\n    \n<\/section>\n\n\n\n\n<section class=\"u-section u-section--tile-grid js-scrolled-element\" data-block=\"tile-grid\" data-aos=\"fade-in\" data-aos=\"fade-in\" data-anchor=\"form-scroll\">\n\n\t<div class=\"u-wrapper u-wrapper--big\" >\n\n                <h2 class=\"tile-grid__title u-title u-title--normal\">\n            Ihre Vorteile auf einen Blick        <\/h2>\n        \n                <div class=\"tile-grid__list four-col\">\n\n                                    <div class=\"tile-grid__item\">\n     \n                                                <div class=\"tile-grid__item-title\">\n                    SAP-Transporte effizient kontrollieren                <\/div>\n                \n                                <div class=\"text\">\n                    Reduzierung der manuellen Aufw\u00e4nde und gleichzeitig Erh\u00f6hung Ihres Security Levels durch intelligente Erweiterung der SAP-Standardfunktionalit\u00e4ten.                <\/div>\n                                            <\/div>\n                                    <div class=\"tile-grid__item\">\n     \n                                                <div class=\"tile-grid__item-title\">\n                    Tiefgreifende Kontrollanalysen                <\/div>\n                \n                                <div class=\"text\">\n                    Fr\u00fchzeitige Identifizierung und Blockierung potenzieller Bedrohungen, bereits w\u00e4hrend des Prozesses und noch vor Einspielung des Transports in Ihre Systeme.\r\n  \r\n                <\/div>\n                                            <\/div>\n                                    <div class=\"tile-grid__item\">\n     \n                                                <div class=\"tile-grid__item-title\">\n                    Umfangreiches Regelwerk                <\/div>\n                \n                                <div class=\"text\">\n                    Unser Content basiert auf jahrelanger Erfahrung und ist optional individuell erweiterbar. Sie k\u00f6nnen eigene Pattern anlegen und Suchmuster definieren.\r\n\r\n\r\n                <\/div>\n                                            <\/div>\n                                    <div class=\"tile-grid__item\">\n     \n                                                <div class=\"tile-grid__item-title\">\n                    Nahtlose Prozessintegration                <\/div>\n                \n                                <div class=\"text\">\n                    Kritische Inhalte werden in Echtzeit erkannt, automatisch blockiert und im Security Dashboard getrackt.  Integration in Pathlock Threat Detection oder Ihr SIEM-Tool.                <\/div>\n                                            <\/div>\n            \n        <\/div>\n        \n\n\n    <\/div>\n\n<\/section>\n\n\n\n\n<section class=\"u-section u-section--content is-centered gray-bg-img\" data-block=\"content\">\n\n    <div class=\"u-wrapper u-wrapper--normal\">\n\n        <div class=\"content-hld is-centered cta-gray-hld\" data-aos=\"fade-in\">\n\n                                                <div class=\"content__photo\" data-aos=\"fade-in\">\n                        <img class=\"js-lazy\" data-src=\"https:\/\/pathlock.com\/wp-content\/uploads\/2023\/02\/PLDE_Transport-Controls.jpg\" alt=\"PLDE_Transport Controls\" \/>\n                    <\/div>\n                            \n                            <h2 class=\"content__title u-title u-title--normal\">SAP-Transportkontrollen: Ihr n\u00e4chster Schritt zur Risikominimierung<\/h2>\n            \n                            <div class=\"content__content u-content\">\n                    <p style=\"text-align: center;\">Wir zeigen Ihnen in einer Live-Demo komplexe Bedrohungsszenarien und wie es zu einen m\u00f6glichen Kontrollverlust \u00fcber Ihre SAP-Systeme kommen kann.<\/p>\n                <\/div>\n            \n                            <div class=\"content__btn-hld u-btn-hld\">\n                    <a class=\"content__btn u-btn u-btn--normal\" href=\"https:\/\/pathlock.com\/de\/resource\/webinar-sap-transportkontrollen-ihr-naechster-schritt-zur-risikominimierung\/\" target=\"_blank\">\n                        <span class=\"text\">Webinar ansehen<\/span>\n                    <\/a>\n                <\/div>\n            \n        <\/div>\n\n    <\/div>\n\n<\/section>","protected":false},"excerpt":{"rendered":"","protected":false},"author":39,"featured_media":0,"parent":0,"menu_order":0,"comment_status":"closed","ping_status":"closed","template":"","meta":{"_acf_changed":true,"footnotes":""},"class_list":["post-33442","page","type-page","status-publish","hentry"],"acf":[],"yoast_head":"<!-- This site is optimized with the Yoast SEO Premium plugin v27.3 (Yoast SEO v27.4) - https:\/\/yoast.com\/product\/yoast-seo-premium-wordpress\/ -->\n<title>SAP Transport Control | Automatisierte Transportkontrollen<\/title>\n<meta name=\"description\" content=\"Mit unseren Tool SAP Transport Control \u00fcberwachen Sie kontinuierlich den Export und Import von SAP-Transporten.\" \/>\n<meta name=\"robots\" content=\"index, follow, max-snippet:-1, max-image-preview:large, max-video-preview:-1\" \/>\n<link rel=\"canonical\" href=\"https:\/\/pathlock.com\/de\/transportkontrollen\/\" \/>\n<meta property=\"og:locale\" content=\"de_DE\" \/>\n<meta property=\"og:type\" content=\"article\" \/>\n<meta property=\"og:title\" content=\"SAP Transport Control | Automatisierte Transportkontrollen\" \/>\n<meta property=\"og:description\" content=\"Mit unseren Tool SAP Transport Control \u00fcberwachen Sie kontinuierlich den Export und Import von SAP-Transporten.\" \/>\n<meta property=\"og:url\" content=\"https:\/\/pathlock.com\/de\/transportkontrollen\/\" \/>\n<meta property=\"og:site_name\" content=\"Pathlock\" \/>\n<meta property=\"article:modified_time\" content=\"2026-04-09T14:40:22+00:00\" \/>\n<meta property=\"og:image\" content=\"https:\/\/pathlock.com\/wp-content\/uploads\/2025\/06\/OpenGraph-Pathlock-Logo.webp\" \/>\n\t<meta property=\"og:image:width\" content=\"1200\" \/>\n\t<meta property=\"og:image:height\" content=\"630\" \/>\n\t<meta property=\"og:image:type\" content=\"image\/webp\" \/>\n<meta name=\"twitter:card\" content=\"summary_large_image\" \/>\n<meta name=\"twitter:title\" content=\"SAP Transport Control | Automatisierte Transportkontrollen\" \/>\n<meta name=\"twitter:description\" content=\"Mit unseren Tool SAP Transport Control \u00fcberwachen Sie kontinuierlich den Export und Import von SAP-Transporten.\" \/>\n<meta name=\"twitter:site\" content=\"@pathlock\" \/>\n<script type=\"application\/ld+json\" class=\"yoast-schema-graph\">{\"@context\":\"https:\\\/\\\/schema.org\",\"@graph\":[{\"@type\":\"WebPage\",\"@id\":\"https:\\\/\\\/pathlock.com\\\/de\\\/transportkontrollen\\\/\",\"url\":\"https:\\\/\\\/pathlock.com\\\/de\\\/transportkontrollen\\\/\",\"name\":\"SAP Transport Control | Automatisierte Transportkontrollen\",\"isPartOf\":{\"@id\":\"https:\\\/\\\/pathlock.com\\\/de\\\/#website\"},\"datePublished\":\"2023-06-14T13:02:48+00:00\",\"dateModified\":\"2026-04-09T14:40:22+00:00\",\"description\":\"Mit unseren Tool SAP Transport Control \u00fcberwachen Sie kontinuierlich den Export und Import von SAP-Transporten.\",\"breadcrumb\":{\"@id\":\"https:\\\/\\\/pathlock.com\\\/de\\\/transportkontrollen\\\/#breadcrumb\"},\"inLanguage\":\"de\",\"potentialAction\":[{\"@type\":\"ReadAction\",\"target\":[\"https:\\\/\\\/pathlock.com\\\/de\\\/transportkontrollen\\\/\"]}]},{\"@type\":\"BreadcrumbList\",\"@id\":\"https:\\\/\\\/pathlock.com\\\/de\\\/transportkontrollen\\\/#breadcrumb\",\"itemListElement\":[{\"@type\":\"ListItem\",\"position\":1,\"name\":\"Home\",\"item\":\"https:\\\/\\\/pathlock.com\\\/de\\\/\"},{\"@type\":\"ListItem\",\"position\":2,\"name\":\"Transportkontrollen\"}]},{\"@type\":\"WebSite\",\"@id\":\"https:\\\/\\\/pathlock.com\\\/de\\\/#website\",\"url\":\"https:\\\/\\\/pathlock.com\\\/de\\\/\",\"name\":\"Pathlock\",\"description\":\"The Leader in Application Security and Controls Automation\",\"publisher\":{\"@id\":\"https:\\\/\\\/pathlock.com\\\/de\\\/#organization\"},\"potentialAction\":[{\"@type\":\"SearchAction\",\"target\":{\"@type\":\"EntryPoint\",\"urlTemplate\":\"https:\\\/\\\/pathlock.com\\\/de\\\/?s={search_term_string}\"},\"query-input\":{\"@type\":\"PropertyValueSpecification\",\"valueRequired\":true,\"valueName\":\"search_term_string\"}}],\"inLanguage\":\"de\"},{\"@type\":\"Organization\",\"@id\":\"https:\\\/\\\/pathlock.com\\\/de\\\/#organization\",\"name\":\"Pathlock, Inc\",\"url\":\"https:\\\/\\\/pathlock.com\\\/de\\\/\",\"logo\":{\"@type\":\"ImageObject\",\"inLanguage\":\"de\",\"@id\":\"https:\\\/\\\/pathlock.com\\\/de\\\/#\\\/schema\\\/logo\\\/image\\\/\",\"url\":\"https:\\\/\\\/pathlock.com\\\/wp-content\\\/uploads\\\/2021\\\/11\\\/Zrzut-ekranu-2021-11-17-o-10.56.42.png\",\"contentUrl\":\"https:\\\/\\\/pathlock.com\\\/wp-content\\\/uploads\\\/2021\\\/11\\\/Zrzut-ekranu-2021-11-17-o-10.56.42.png\",\"width\":460,\"height\":148,\"caption\":\"Pathlock, Inc\"},\"image\":{\"@id\":\"https:\\\/\\\/pathlock.com\\\/de\\\/#\\\/schema\\\/logo\\\/image\\\/\"},\"sameAs\":[\"https:\\\/\\\/x.com\\\/pathlock\",\"https:\\\/\\\/www.linkedin.com\\\/company\\\/pathlock\",\"https:\\\/\\\/www.youtube.com\\\/channel\\\/UCgo4izMJ70K4gnyWQ_mP-OA\"]}]}<\/script>\n<!-- \/ Yoast SEO Premium plugin. -->","yoast_head_json":{"title":"SAP Transport Control | Automatisierte Transportkontrollen","description":"Mit unseren Tool SAP Transport Control \u00fcberwachen Sie kontinuierlich den Export und Import von SAP-Transporten.","robots":{"index":"index","follow":"follow","max-snippet":"max-snippet:-1","max-image-preview":"max-image-preview:large","max-video-preview":"max-video-preview:-1"},"canonical":"https:\/\/pathlock.com\/de\/transportkontrollen\/","og_locale":"de_DE","og_type":"article","og_title":"SAP Transport Control | Automatisierte Transportkontrollen","og_description":"Mit unseren Tool SAP Transport Control \u00fcberwachen Sie kontinuierlich den Export und Import von SAP-Transporten.","og_url":"https:\/\/pathlock.com\/de\/transportkontrollen\/","og_site_name":"Pathlock","article_modified_time":"2026-04-09T14:40:22+00:00","og_image":[{"width":1200,"height":630,"url":"https:\/\/pathlock.com\/wp-content\/uploads\/2025\/06\/OpenGraph-Pathlock-Logo.webp","type":"image\/webp"}],"twitter_card":"summary_large_image","twitter_title":"SAP Transport Control | Automatisierte Transportkontrollen","twitter_description":"Mit unseren Tool SAP Transport Control \u00fcberwachen Sie kontinuierlich den Export und Import von SAP-Transporten.","twitter_site":"@pathlock","schema":{"@context":"https:\/\/schema.org","@graph":[{"@type":"WebPage","@id":"https:\/\/pathlock.com\/de\/transportkontrollen\/","url":"https:\/\/pathlock.com\/de\/transportkontrollen\/","name":"SAP Transport Control | Automatisierte Transportkontrollen","isPartOf":{"@id":"https:\/\/pathlock.com\/de\/#website"},"datePublished":"2023-06-14T13:02:48+00:00","dateModified":"2026-04-09T14:40:22+00:00","description":"Mit unseren Tool SAP Transport Control \u00fcberwachen Sie kontinuierlich den Export und Import von SAP-Transporten.","breadcrumb":{"@id":"https:\/\/pathlock.com\/de\/transportkontrollen\/#breadcrumb"},"inLanguage":"de","potentialAction":[{"@type":"ReadAction","target":["https:\/\/pathlock.com\/de\/transportkontrollen\/"]}]},{"@type":"BreadcrumbList","@id":"https:\/\/pathlock.com\/de\/transportkontrollen\/#breadcrumb","itemListElement":[{"@type":"ListItem","position":1,"name":"Home","item":"https:\/\/pathlock.com\/de\/"},{"@type":"ListItem","position":2,"name":"Transportkontrollen"}]},{"@type":"WebSite","@id":"https:\/\/pathlock.com\/de\/#website","url":"https:\/\/pathlock.com\/de\/","name":"Pathlock","description":"The Leader in Application Security and Controls Automation","publisher":{"@id":"https:\/\/pathlock.com\/de\/#organization"},"potentialAction":[{"@type":"SearchAction","target":{"@type":"EntryPoint","urlTemplate":"https:\/\/pathlock.com\/de\/?s={search_term_string}"},"query-input":{"@type":"PropertyValueSpecification","valueRequired":true,"valueName":"search_term_string"}}],"inLanguage":"de"},{"@type":"Organization","@id":"https:\/\/pathlock.com\/de\/#organization","name":"Pathlock, Inc","url":"https:\/\/pathlock.com\/de\/","logo":{"@type":"ImageObject","inLanguage":"de","@id":"https:\/\/pathlock.com\/de\/#\/schema\/logo\/image\/","url":"https:\/\/pathlock.com\/wp-content\/uploads\/2021\/11\/Zrzut-ekranu-2021-11-17-o-10.56.42.png","contentUrl":"https:\/\/pathlock.com\/wp-content\/uploads\/2021\/11\/Zrzut-ekranu-2021-11-17-o-10.56.42.png","width":460,"height":148,"caption":"Pathlock, Inc"},"image":{"@id":"https:\/\/pathlock.com\/de\/#\/schema\/logo\/image\/"},"sameAs":["https:\/\/x.com\/pathlock","https:\/\/www.linkedin.com\/company\/pathlock","https:\/\/www.youtube.com\/channel\/UCgo4izMJ70K4gnyWQ_mP-OA"]}]}},"ACF":false,"_links":{"self":[{"href":"https:\/\/pathlock.com\/de\/wp-json\/wp\/v2\/pages\/33442","targetHints":{"allow":["GET"]}}],"collection":[{"href":"https:\/\/pathlock.com\/de\/wp-json\/wp\/v2\/pages"}],"about":[{"href":"https:\/\/pathlock.com\/de\/wp-json\/wp\/v2\/types\/page"}],"author":[{"embeddable":true,"href":"https:\/\/pathlock.com\/de\/wp-json\/wp\/v2\/users\/39"}],"replies":[{"embeddable":true,"href":"https:\/\/pathlock.com\/de\/wp-json\/wp\/v2\/comments?post=33442"}],"version-history":[{"count":0,"href":"https:\/\/pathlock.com\/de\/wp-json\/wp\/v2\/pages\/33442\/revisions"}],"wp:attachment":[{"href":"https:\/\/pathlock.com\/de\/wp-json\/wp\/v2\/media?parent=33442"}],"curies":[{"name":"wp","href":"https:\/\/api.w.org\/{rel}","templated":true}]}}