{"id":33438,"date":"2023-06-14T23:42:43","date_gmt":"2023-06-15T06:42:43","guid":{"rendered":"https:\/\/pathlock.com\/?page_id=33438"},"modified":"2026-04-09T10:21:50","modified_gmt":"2026-04-09T14:21:50","slug":"code-scanning","status":"publish","type":"page","link":"https:\/\/pathlock.com\/de\/code-scanning\/","title":{"rendered":"Code Scanning"},"content":{"rendered":"\n\n    <link rel=\"stylesheet\" type=\"text\/css\" href=\"https:\/\/pathlock.com\/wp-content\/themes\/_pathlock-dist\/src\/css\/style.min.css?ver=1776346913\" \/>\n\n\n\n\n\n<section class=\"u-section u-section--hero-product !mt-0 pt-[120px]\">\n    <div class=\"u-wrapper u-wrapper--big\">\n\n        <div class=\"hero-product is-blue hero-product--large\">\n\n            <div class=\"hero-product__left\">\n\n                                <span class=\"hero-product__subtitle u-subtitle\">Pathlock Code Scanning<\/span>\n                \n                                <h1 class=\"hero-product__title u-title u-title--normal\">Automatisierte Codepr\u00fcfungen<\/h1>\n                \n                                <div class=\"hero-product__content u-content\">\n                    <p>Ersetzen Sie zeit- und ressourcenaufw\u00e4ndiges, manuelles Testen durch unser automatisiertes Code Scanning.<\/p>\n                <\/div>\n                \n                <div class=\"hero-product__btn-hld u-btn-hld\">\n\n                                        <a class=\"hero-product__btn u-btn u-btn--normal\" href=\"https:\/\/pathlock.com\/de\/kontakt\/\" target=\"_blank\">\n                        <span class=\"text\">Demo anfragen<\/span>\n                    <\/a>\n                    \n                    \n                <\/div>\n\n            <\/div>\n\n            <div class=\"hero-product__right\">\n\n\n                <div class=\"hero-product__image\">\n                                                            <img decoding=\"async\" class=\"\" src=\"https:\/\/pathlock.com\/wp-content\/uploads\/fly-images\/33532\/Icon_LP_Code-Scanning_500x500px-759x474-c.png\" data-src=\"https:\/\/pathlock.com\/wp-content\/uploads\/fly-images\/33532\/Icon_LP_Code-Scanning_500x500px-759x474-c.png\" alt=\"PLDE_Icon_LP_Code Scanning_500x500px\" \/>\n                    \n                   \n                <\/div>\n\n\n            <\/div>\n\n        <\/div>\n        \n                \n\t<\/div>\n<\/section>\n\n\n\n\n            <script>\n            \/\/ Function to get the 'cid' from URL parameters, cookies, or localStorage\n            function getCID() {\n                var cid = null;\n\n                \/\/ 1. Try to get 'cid' from URL parameters\n                var urlParams = new URLSearchParams(window.location.search);\n                if (urlParams.has('cid')) {\n                    cid = urlParams.get('cid');\n                }\n\n                \/\/ 2. If not in URL, try to get 'cid' from localStorage\n                if (!cid) {\n                    try {\n                    cid = localStorage.getItem('salesforce_campaign_id');\n                    } catch (e) {\n                    \/\/ Handle localStorage errors\n                    }\n                }\n\n                \/\/ 3. If not in localStorage, try to get 'cid' from cookies\n                if (!cid) {\n                    var value = \"; \" + document.cookie;\n                    var parts = value.split(\"; salesforce_campaign_id=\");\n                    if (parts.length === 2) {\n                    cid = parts.pop().split(\";\").shift();\n                    }\n                }\n\n                return cid;\n                }\n\n            var cid = getCID(); \/\/ Retrieve the cid value\n\n       \n            if(cid == null){\n                cid = \"701PZ00000IlEYNYA3\"\n                \n            }\n          \n            <\/script>\n<section class=\"u-section u-section--content   is-gray \" data-block=\"content\">\n\n    <div class=\"u-wrapper u-wrapper--normal\">\n        <div class=\"content-hld\" data-aos=\"fade-in\">\n\n                        <p class=\"content__subtitle u-subtitle\">SAP CODE SCANNING<\/p>\n            \n                        <h2 class=\"content__title u-title u-title--normal\">Zuverl\u00e4ssige Schlie\u00dfung der Sicherheitsl\u00fccken in Ihrem ABAP-Coding <\/h2>\n            \n                                    <div class=\"content__content u-content\">\n                <p>Eine solide Basisabsicherung Ihrer SAP-Systeme ist nur mit einem ganzheitlichen Security-Ansatz m\u00f6glich und das schlie\u00dft auch Ihr ABAP-Coding mit ein. Dabei ist der regelm\u00e4\u00dfig Check Ihrer Eigenentwicklungen genau so wichtig, wie die Analyse Ihrer 3rd-Party Addons. Leider z\u00f6gern zu viele Unternehmen noch immer, weil sie die zu erwartende Anzahl identifizierter Schwachstellen f\u00fcrchten. Die Behebung m\u00f6glicher Angriffsfl\u00e4chen ist allerdings eine Schl\u00fcsselkomponente f\u00fcr die Einhaltung Ihrer Compliance-Richtlinien.<\/p>\n<p><strong>Das Pathlock Code Scanning<\/strong> stellt sich dieser Herausforderung. Mit uns erhalten Sie ein automatisiertes Review-Tool, das Code-Fehler identifiziert und gleichzeitig verhindert, dass fehlerhafte Codes die Security-, Compliance- und Performance-Standards beeintr\u00e4chtigen. Durch das proaktive Scannen k\u00f6nnen Sie m\u00f6gliche Fehler schneller beseitigen und erh\u00f6hen somit das Sicherheitslevel Ihrer SAP-Systeme.<\/p>\n<p><span class=\"ui-provider gs b c d e f g h i j k l m n o p q r s t u v w x y z ab ac ae af ag ah ai aj ak\" dir=\"ltr\">Unsere Pathlock-L\u00f6sung kann auch als Erweiterung des SAP ABAP Test Cockpits (SAP ATC), das nicht auf Security fokussiert ist, genutzt werden. So vereinen Sie die Vorteile einer Standard-L\u00f6sung mit umfangreichen Security Test-Cases,<\/span><span class=\"ui-provider gs b c d e f g h i j k l m n o p q r s t u v w x y z ab ac ae af ag ah ai aj ak\" dir=\"ltr\"> um m\u00f6gliche Sicherheitsl\u00fccken effektiv zu schlie\u00dfen.<\/span><\/p>\n            <\/div>\n            \n                        <div class=\"content__btn-hld u-btn-hld\">\n\n                                <a class=\"content__btn u-btn u-btn--normal\" href=\"https:\/\/pathlock.com\/de\/kontakt\/\" target=\"_blank\">\n                    <span class=\"text\">Kontakt mit Security-Experten<\/span>\n                <\/a>\n                \n                \n            <\/div>\n            \n        <\/div>\n\n    <\/div>\n\n    \n<\/section>\n\n\n\n\n<section class=\"u-section u-section--tile-grid js-scrolled-element\" data-block=\"tile-grid\" data-aos=\"fade-in\" data-aos=\"fade-in\" data-anchor=\"form-scroll\">\n\n\t<div class=\"u-wrapper u-wrapper--big\" >\n\n                <h2 class=\"tile-grid__title u-title u-title--normal\">\n            Ihre Vorteile auf einen Blick        <\/h2>\n        \n                <div class=\"tile-grid__list four-col\">\n\n                                    <div class=\"tile-grid__item\">\n     \n                                                <div class=\"tile-grid__item-title\">\n                    Einfach implementierbar                <\/div>\n                \n                                <div class=\"text\">\n                    Nah am SAP-Standard und daher einfach in Ihre DevOps zu integrieren. S\u00e4mtliche Daten bleiben in Ihrer IT-Umgebung, es ist keine zus\u00e4tzliche Hardware erforderlich.\r\n \r\n  \r\n                <\/div>\n                                            <\/div>\n                                    <div class=\"tile-grid__item\">\n     \n                                                <div class=\"tile-grid__item-title\">\n                    Breites Testcase Spektrum                 <\/div>\n                \n                                <div class=\"text\">\n                    Das Regelwerk beinhaltet mehr als 70 Testf\u00e4lle, die kontinuierlich f\u00fcr Sie erweitert werden. Vorhandene SAP ATC-Pr\u00fcfroutinen und Policies k\u00f6nnen Sie unver\u00e4ndert nutzen.\r\n\r\n                <\/div>\n                                            <\/div>\n                                    <div class=\"tile-grid__item\">\n     \n                                                <div class=\"tile-grid__item-title\">\n                    Erweiterung des Audit-Frameworks                <\/div>\n                \n                                <div class=\"text\">\n                    Kontinuierliche Analyse Ihrer Schwachstellen \u00fcber alle SAP-Systeme hinweg durch nahtlose Anbindung an das Audit-Framework. Schnittstelle zur Integration Ihrer eigenen Pr\u00fcfregeln.                <\/div>\n                                            <\/div>\n                                    <div class=\"tile-grid__item\">\n     \n                                                <div class=\"tile-grid__item-title\">\n                    Nahtlose Prozessintegration                <\/div>\n                \n                                <div class=\"text\">\n                    Das Tool kann sowohl eigenst\u00e4ndig als auch zur Erweiterung des SAP ATC integriert werden. Kombinierbar mit anderen L\u00f6sungen wie dem Pathlock Vulnerability Management.                <\/div>\n                                            <\/div>\n            \n        <\/div>\n        \n\n\n    <\/div>\n\n<\/section>\n\n\n\n\n<section class=\"u-section u-section--content is-centered gray-bg-img\" data-block=\"content\">\n\n    <div class=\"u-wrapper u-wrapper--normal\">\n\n        <div class=\"content-hld is-centered cta-gray-hld\" data-aos=\"fade-in\">\n\n                                                <div class=\"content__photo\" data-aos=\"fade-in\">\n                        <img class=\"js-lazy\" data-src=\"https:\/\/pathlock.com\/wp-content\/uploads\/2024\/03\/CodeScanning_16-9-jpeg.webp\" alt=\"Hacker with computer code and hacking interface Code Scanning\" \/>\n                    <\/div>\n                            \n                            <h2 class=\"content__title u-title u-title--normal\">Code Scanning &#8211; mehr als ein Entwicklertool<\/h2>\n            \n                            <div class=\"content__content u-content\">\n                    <p>Erfahren Sie, wie sich mit ausgefeilten Code Scanning-Techniken kritische Angriffsvektoren im ABAP-Code vermeiden lassen.<\/p>\n                <\/div>\n            \n                            <div class=\"content__btn-hld u-btn-hld\">\n                    <a class=\"content__btn u-btn u-btn--normal\" href=\"https:\/\/pathlock.com\/de\/resource\/code-scanning-mehr-als-ein-entwicklertool\/\" target=\"_self\">\n                        <span class=\"text\">Zum Video <\/span>\n                    <\/a>\n                <\/div>\n            \n        <\/div>\n\n    <\/div>\n\n<\/section>","protected":false},"excerpt":{"rendered":"","protected":false},"author":39,"featured_media":0,"parent":0,"menu_order":0,"comment_status":"closed","ping_status":"closed","template":"","meta":{"_acf_changed":true,"footnotes":""},"class_list":["post-33438","page","type-page","status-publish","hentry"],"acf":[],"yoast_head":"<!-- This site is optimized with the Yoast SEO Premium plugin v27.3 (Yoast SEO v27.4) - https:\/\/yoast.com\/product\/yoast-seo-premium-wordpress\/ -->\n<title>SAP Code Scanning | Automatisierte Codepr\u00fcfungen<\/title>\n<meta name=\"description\" content=\"Mit dem Pathlock Code Scanning erhalten Sie ein automatisiertes Review-Tool, das fehlerhaften Code identifiziert und blockiert.\" \/>\n<meta name=\"robots\" content=\"index, follow, max-snippet:-1, max-image-preview:large, max-video-preview:-1\" \/>\n<link rel=\"canonical\" href=\"https:\/\/pathlock.com\/de\/code-scanning\/\" \/>\n<meta property=\"og:locale\" content=\"de_DE\" \/>\n<meta property=\"og:type\" content=\"article\" \/>\n<meta property=\"og:title\" content=\"SAP Code Scanning | Automatisierte Codepr\u00fcfungen\" \/>\n<meta property=\"og:description\" content=\"Mit dem Pathlock Code Scanning erhalten Sie ein automatisiertes Review-Tool, das fehlerhaften Code identifiziert und blockiert.\" \/>\n<meta property=\"og:url\" content=\"https:\/\/pathlock.com\/de\/code-scanning\/\" \/>\n<meta property=\"og:site_name\" content=\"Pathlock\" \/>\n<meta property=\"article:modified_time\" content=\"2026-04-09T14:21:50+00:00\" \/>\n<meta property=\"og:image\" content=\"https:\/\/pathlock.com\/wp-content\/uploads\/2025\/06\/OpenGraph-Pathlock-Logo.webp\" \/>\n\t<meta property=\"og:image:width\" content=\"1200\" \/>\n\t<meta property=\"og:image:height\" content=\"630\" \/>\n\t<meta property=\"og:image:type\" content=\"image\/webp\" \/>\n<meta name=\"twitter:card\" content=\"summary_large_image\" \/>\n<meta name=\"twitter:title\" content=\"SAP Code Scanning | Automatisierte Codepr\u00fcfungen\" \/>\n<meta name=\"twitter:description\" content=\"Mit dem Pathlock Code Scanning erhalten Sie ein automatisiertes Review-Tool, das fehlerhaften Code identifiziert und blockiert.\" \/>\n<meta name=\"twitter:site\" content=\"@pathlock\" \/>\n<script type=\"application\/ld+json\" class=\"yoast-schema-graph\">{\"@context\":\"https:\\\/\\\/schema.org\",\"@graph\":[{\"@type\":\"WebPage\",\"@id\":\"https:\\\/\\\/pathlock.com\\\/de\\\/code-scanning\\\/\",\"url\":\"https:\\\/\\\/pathlock.com\\\/de\\\/code-scanning\\\/\",\"name\":\"SAP Code Scanning | Automatisierte Codepr\u00fcfungen\",\"isPartOf\":{\"@id\":\"https:\\\/\\\/pathlock.com\\\/de\\\/#website\"},\"datePublished\":\"2023-06-15T06:42:43+00:00\",\"dateModified\":\"2026-04-09T14:21:50+00:00\",\"description\":\"Mit dem Pathlock Code Scanning erhalten Sie ein automatisiertes Review-Tool, das fehlerhaften Code identifiziert und blockiert.\",\"breadcrumb\":{\"@id\":\"https:\\\/\\\/pathlock.com\\\/de\\\/code-scanning\\\/#breadcrumb\"},\"inLanguage\":\"de\",\"potentialAction\":[{\"@type\":\"ReadAction\",\"target\":[\"https:\\\/\\\/pathlock.com\\\/de\\\/code-scanning\\\/\"]}]},{\"@type\":\"BreadcrumbList\",\"@id\":\"https:\\\/\\\/pathlock.com\\\/de\\\/code-scanning\\\/#breadcrumb\",\"itemListElement\":[{\"@type\":\"ListItem\",\"position\":1,\"name\":\"Home\",\"item\":\"https:\\\/\\\/pathlock.com\\\/de\\\/\"},{\"@type\":\"ListItem\",\"position\":2,\"name\":\"Code Scanning\"}]},{\"@type\":\"WebSite\",\"@id\":\"https:\\\/\\\/pathlock.com\\\/de\\\/#website\",\"url\":\"https:\\\/\\\/pathlock.com\\\/de\\\/\",\"name\":\"Pathlock\",\"description\":\"The Leader in Application Security and Controls Automation\",\"publisher\":{\"@id\":\"https:\\\/\\\/pathlock.com\\\/de\\\/#organization\"},\"potentialAction\":[{\"@type\":\"SearchAction\",\"target\":{\"@type\":\"EntryPoint\",\"urlTemplate\":\"https:\\\/\\\/pathlock.com\\\/de\\\/?s={search_term_string}\"},\"query-input\":{\"@type\":\"PropertyValueSpecification\",\"valueRequired\":true,\"valueName\":\"search_term_string\"}}],\"inLanguage\":\"de\"},{\"@type\":\"Organization\",\"@id\":\"https:\\\/\\\/pathlock.com\\\/de\\\/#organization\",\"name\":\"Pathlock, Inc\",\"url\":\"https:\\\/\\\/pathlock.com\\\/de\\\/\",\"logo\":{\"@type\":\"ImageObject\",\"inLanguage\":\"de\",\"@id\":\"https:\\\/\\\/pathlock.com\\\/de\\\/#\\\/schema\\\/logo\\\/image\\\/\",\"url\":\"https:\\\/\\\/pathlock.com\\\/wp-content\\\/uploads\\\/2021\\\/11\\\/Zrzut-ekranu-2021-11-17-o-10.56.42.png\",\"contentUrl\":\"https:\\\/\\\/pathlock.com\\\/wp-content\\\/uploads\\\/2021\\\/11\\\/Zrzut-ekranu-2021-11-17-o-10.56.42.png\",\"width\":460,\"height\":148,\"caption\":\"Pathlock, Inc\"},\"image\":{\"@id\":\"https:\\\/\\\/pathlock.com\\\/de\\\/#\\\/schema\\\/logo\\\/image\\\/\"},\"sameAs\":[\"https:\\\/\\\/x.com\\\/pathlock\",\"https:\\\/\\\/www.linkedin.com\\\/company\\\/pathlock\",\"https:\\\/\\\/www.youtube.com\\\/channel\\\/UCgo4izMJ70K4gnyWQ_mP-OA\"]}]}<\/script>\n<!-- \/ Yoast SEO Premium plugin. -->","yoast_head_json":{"title":"SAP Code Scanning | Automatisierte Codepr\u00fcfungen","description":"Mit dem Pathlock Code Scanning erhalten Sie ein automatisiertes Review-Tool, das fehlerhaften Code identifiziert und blockiert.","robots":{"index":"index","follow":"follow","max-snippet":"max-snippet:-1","max-image-preview":"max-image-preview:large","max-video-preview":"max-video-preview:-1"},"canonical":"https:\/\/pathlock.com\/de\/code-scanning\/","og_locale":"de_DE","og_type":"article","og_title":"SAP Code Scanning | Automatisierte Codepr\u00fcfungen","og_description":"Mit dem Pathlock Code Scanning erhalten Sie ein automatisiertes Review-Tool, das fehlerhaften Code identifiziert und blockiert.","og_url":"https:\/\/pathlock.com\/de\/code-scanning\/","og_site_name":"Pathlock","article_modified_time":"2026-04-09T14:21:50+00:00","og_image":[{"width":1200,"height":630,"url":"https:\/\/pathlock.com\/wp-content\/uploads\/2025\/06\/OpenGraph-Pathlock-Logo.webp","type":"image\/webp"}],"twitter_card":"summary_large_image","twitter_title":"SAP Code Scanning | Automatisierte Codepr\u00fcfungen","twitter_description":"Mit dem Pathlock Code Scanning erhalten Sie ein automatisiertes Review-Tool, das fehlerhaften Code identifiziert und blockiert.","twitter_site":"@pathlock","schema":{"@context":"https:\/\/schema.org","@graph":[{"@type":"WebPage","@id":"https:\/\/pathlock.com\/de\/code-scanning\/","url":"https:\/\/pathlock.com\/de\/code-scanning\/","name":"SAP Code Scanning | Automatisierte Codepr\u00fcfungen","isPartOf":{"@id":"https:\/\/pathlock.com\/de\/#website"},"datePublished":"2023-06-15T06:42:43+00:00","dateModified":"2026-04-09T14:21:50+00:00","description":"Mit dem Pathlock Code Scanning erhalten Sie ein automatisiertes Review-Tool, das fehlerhaften Code identifiziert und blockiert.","breadcrumb":{"@id":"https:\/\/pathlock.com\/de\/code-scanning\/#breadcrumb"},"inLanguage":"de","potentialAction":[{"@type":"ReadAction","target":["https:\/\/pathlock.com\/de\/code-scanning\/"]}]},{"@type":"BreadcrumbList","@id":"https:\/\/pathlock.com\/de\/code-scanning\/#breadcrumb","itemListElement":[{"@type":"ListItem","position":1,"name":"Home","item":"https:\/\/pathlock.com\/de\/"},{"@type":"ListItem","position":2,"name":"Code Scanning"}]},{"@type":"WebSite","@id":"https:\/\/pathlock.com\/de\/#website","url":"https:\/\/pathlock.com\/de\/","name":"Pathlock","description":"The Leader in Application Security and Controls Automation","publisher":{"@id":"https:\/\/pathlock.com\/de\/#organization"},"potentialAction":[{"@type":"SearchAction","target":{"@type":"EntryPoint","urlTemplate":"https:\/\/pathlock.com\/de\/?s={search_term_string}"},"query-input":{"@type":"PropertyValueSpecification","valueRequired":true,"valueName":"search_term_string"}}],"inLanguage":"de"},{"@type":"Organization","@id":"https:\/\/pathlock.com\/de\/#organization","name":"Pathlock, Inc","url":"https:\/\/pathlock.com\/de\/","logo":{"@type":"ImageObject","inLanguage":"de","@id":"https:\/\/pathlock.com\/de\/#\/schema\/logo\/image\/","url":"https:\/\/pathlock.com\/wp-content\/uploads\/2021\/11\/Zrzut-ekranu-2021-11-17-o-10.56.42.png","contentUrl":"https:\/\/pathlock.com\/wp-content\/uploads\/2021\/11\/Zrzut-ekranu-2021-11-17-o-10.56.42.png","width":460,"height":148,"caption":"Pathlock, Inc"},"image":{"@id":"https:\/\/pathlock.com\/de\/#\/schema\/logo\/image\/"},"sameAs":["https:\/\/x.com\/pathlock","https:\/\/www.linkedin.com\/company\/pathlock","https:\/\/www.youtube.com\/channel\/UCgo4izMJ70K4gnyWQ_mP-OA"]}]}},"ACF":false,"_links":{"self":[{"href":"https:\/\/pathlock.com\/de\/wp-json\/wp\/v2\/pages\/33438","targetHints":{"allow":["GET"]}}],"collection":[{"href":"https:\/\/pathlock.com\/de\/wp-json\/wp\/v2\/pages"}],"about":[{"href":"https:\/\/pathlock.com\/de\/wp-json\/wp\/v2\/types\/page"}],"author":[{"embeddable":true,"href":"https:\/\/pathlock.com\/de\/wp-json\/wp\/v2\/users\/39"}],"replies":[{"embeddable":true,"href":"https:\/\/pathlock.com\/de\/wp-json\/wp\/v2\/comments?post=33438"}],"version-history":[{"count":0,"href":"https:\/\/pathlock.com\/de\/wp-json\/wp\/v2\/pages\/33438\/revisions"}],"wp:attachment":[{"href":"https:\/\/pathlock.com\/de\/wp-json\/wp\/v2\/media?parent=33438"}],"curies":[{"name":"wp","href":"https:\/\/api.w.org\/{rel}","templated":true}]}}