{"id":32173,"date":"2023-01-11T04:25:43","date_gmt":"2023-01-11T12:25:43","guid":{"rendered":"https:\/\/pathlockstg.wpengine.com\/?page_id=32044"},"modified":"2026-04-09T10:30:10","modified_gmt":"2026-04-09T14:30:10","slug":"finanzmanager","status":"publish","type":"page","link":"https:\/\/pathlock.com\/de\/finanzmanager\/","title":{"rendered":"Finanzmanager"},"content":{"rendered":"\n\n    <link rel=\"stylesheet\" type=\"text\/css\" href=\"https:\/\/pathlock.com\/wp-content\/themes\/_pathlock-dist\/src\/css\/style.min.css?ver=1778066848\" \/>\n\n\n\n\n<section class=\"u-section u-section--hero-product  !mt-0 pt-[120px] \" data-block=\"hero-product\" data-aos=\"fade-in\">\n\n    <div class=\"u-wrapper u-wrapper--big\">\n\n        <div class=\"hero-product hero-product--right is-blue\">\n         \n            <div class=\"hero-product__left\">\n\n                \n                                <h1 class=\"hero-product__title u-title u-title--normal\">Pathlock Suite f\u00fcr Finanzmanager<\/h1>\n                \n                                <div class=\"hero-product__content u-content\">\n                    <p>Gr\u00f6\u00dftm\u00f6gliche Transparenz und maximale Einsparungen bei der Steuerung und Kontrolle aller finanziellen Gesch\u00e4ftsprozesse.<\/p>\n                <\/div>\n                \n                <div class=\"hero-product__btn-hld u-btn-hld\">\n\n                                        <a class=\"hero-product__btn u-btn u-btn--normal \" href=\"https:\/\/pathlock.com\/de\/kontakt\/\"  target=\"_blank\" data-anchor=\"form-scroll\">\n                        <span class=\"text\">Demo anfragen<\/span>\n                    <\/a>\n                    \n                    \n                <\/div>\n\n            <\/div>\n\n            <div class=\"hero-product__right is-image\">\n\n                <div class=\"hero-product--blur-accent\">\n                    <img class=\"js-lazy\" data-src=\"https:\/\/pathlock.com\/wp-content\/themes\/_pathlock-dist\/src\/img\/gradient-green.png\" alt=\"Gradient\" >\n                <\/div>\n\n\n                <div class=\"hero-product__image\">\n\n                                            <img decoding=\"async\" class=\"\" src=\"https:\/\/pathlock.com\/wp-content\/uploads\/fly-images\/29327\/Audit_1-1-759x474-c.jpg\" alt=\"Pathlock for CFO\" \/>\n                                    <\/div>\n\n\n            <\/div>\n\n        <\/div>\n\n\t<\/div>\n\n<\/section>\n\n\n\n\n\n<section class=\"u-section u-section--photo-with-text is-gray\"\n         data-block=\"photo-with-text\">\n\n    <div class=\"u-wrapper u-wrapper--normal\">\n\n        <div class=\"photo-with-text-hld is-photo-on-left\">\n\n            <div class=\"photo-with-text__row\">\n\n                <div class=\"photo-with-text__col photo-with-text__col--content\" data-aos=\"fade-in\">\n\n                    <div class=\"photo-with-text__content-hld\">\n\n                                                    <h2 class=\"photo-with-text__title u-title u-title--normal\">\n                                                                Bis zu 90% weniger fakturierbarer Aufwand f\u00fcr externe Auditoren                            <\/h2>\n                        \n                                                    <div class=\"photo-with-text__content u-content\">\n                                <p>Die Pathlock Suite unterst\u00fctzt Finanzteams dabei, Audit-Prozesse zu optimieren. Automatisieren Sie das Reporting und die Dokumentation bei der Zertifizierung Ihrer Compliance, der Einhaltung gesetzlicher Vorgaben und der Erf\u00fcllung internationaler Standards.<\/p>\n<p>Alle Wirtschaftspr\u00fcfungsgesellschaften akzeptieren unsere Pr\u00fcfberichte.<\/p>\n                            <\/div>\n                        \n                        \n                    <\/div>\n\n                <\/div>\n\n                <div class=\"photo-with-text__col photo-with-text__col--photo\">\n\n                    <div class=\"photo-with-text__photo\" data-aos=\"xxx\">\n\n\n                                                    <img decoding=\"async\" class=\"js-lazy is-fitted\"\n                                 src=\"data:image\/svg+xml,%3Csvg xmlns='http: \/\/www.w3.org\/2000\/svg' viewBox='0 0 3 2'%3E%3C\/svg%3E\"\n                                 data-src=\"https:\/\/pathlock.com\/wp-content\/uploads\/fly-images\/29329\/Frame-1144-1200x900-c.png\"\n                                 alt=\"Frame-1144\"\/>\n                        \n                    <\/div>\n\n                <\/div>\n\n            <\/div>\n\n        <\/div>\n\n    <\/div>\n\n<\/section>\n\n\n\n<section class=\"u-section u-section--photo-with-text  \" data-block=\"photo-small-with-text\">\n\n    <div class=\"u-wrapper u-wrapper--big\">\n\n        <div class=\"photo-with-text-hld is-photo-on-right is-small\">\n\n            <div class=\"photo-with-text__row\">\n\n                <div class=\"photo-with-text__col photo-with-text__col--content\" data-aos=\"fade-in\">\n\n                    <div class=\"photo-with-text__content-hld\">\n\n                                                <h2 class=\"photo-with-text__title u-title u-title--normal\">\n                                                        Profitieren Sie von der branchenweit umfangreichsten Bibliothek an Kontrollen f\u00fcr Ihre Business-Anwendungen                        <\/h2>\n                        \n                                                <div class=\"photo-with-text__content u-content\">\n                            <p>Da Gesch\u00e4ftsprozesse zunehmend \u00fcber mehrere &#8222;Best-of-Breed&#8220;-Anwendungen verteilt sind, werden interne Kontrollen zur Funktionstrennung immer wichtiger. Die Pathlock Suite sch\u00fctzt Sie vor gravierenden L\u00fccken in der Kontrolle Ihrer Finanzdaten und ebenso vor Datenschutzverst\u00f6\u00dfen durch eine kontinuierliche \u00dcberwachung und eine Vielzahl weiterer M\u00f6glichkeiten.<\/p>\n                        <\/div>\n                        \n                                            <\/div>\n                <\/div>\n\n                <div class=\"photo-with-text__col photo-with-text__col--photo\">\n\n                    <div class=\"photo-with-text__photo\" data-aos=\"xxx\">\n\n                                                <img decoding=\"async\" class=\"js-lazy is-fitted\" src=\"data:image\/svg+xml,%3Csvg xmlns='http: \/\/www.w3.org\/2000\/svg' viewBox='0 0 3 2'%3E%3C\/svg%3E\" data-src=\"https:\/\/pathlock.com\/wp-content\/uploads\/fly-images\/30880\/iStock-1330234595-1-759x570-c.jpg\" alt=\"Closeup shot of an unrecognisable businesswoman calculating finances in an office\" \/>\n                        \n                    <\/div>\n\n                <\/div>\n\n            <\/div>\n\n        <\/div>\n\n    <\/div>\n\n<\/section>\n\n\n\n\n<section class=\"u-section u-section--tile-grid\" data-block=\"tile-grid\" data-aos=\"fade-in\" data-aos=\"fade-in\">\n\n\t<div class=\"u-wrapper u-wrapper--big\">\n\n        \n        \n                <div class=\"tile-grid__list\">\n\n                                    <div class=\"tile-grid__item\">\n\n                                <div class=\"img-hld\">\n                    <img class=\"js-lazy no-override\" data-src=\"https:\/\/pathlock.com\/wp-content\/uploads\/2023\/02\/Group-381.png\" alt=\"PLDE_Icon_Kontrollfunktionen\" \/>\n                <\/div>\n                \n                                <div class=\"text\">\n                    Unternehmen weltweit vertrauen t\u00e4glich auf die umfangreichste Bibliothek von Kontrollfunktionen f\u00fcr alle f\u00fchrenden Business-Anwendungen.                <\/div>\n                \n            <\/div>\n                                    <div class=\"tile-grid__item\">\n\n                                <div class=\"img-hld\">\n                    <img class=\"js-lazy no-override\" data-src=\"https:\/\/pathlock.com\/wp-content\/uploads\/2023\/02\/Group-748.png\" alt=\"\" \/>\n                <\/div>\n                \n                                <div class=\"text\">\n                    Die Pathlock Suite verk\u00fcrzt Ihren Audit- und Compliance-Prozess durch die Automatisierung der Dokumentation und des Reportings.                <\/div>\n                \n            <\/div>\n                                    <div class=\"tile-grid__item\">\n\n                                <div class=\"img-hld\">\n                    <img class=\"js-lazy no-override\" data-src=\"https:\/\/pathlock.com\/wp-content\/uploads\/2023\/03\/PLDE_Icon_Schloss_klein.png\" alt=\"PLDE_Icon_Schloss_klein\" \/>\n                <\/div>\n                \n                                <div class=\"text\">\n                    Beschleunigen Sie die Transformation Ihrer digitalen Gesch\u00e4ftsprozesse mit einer zuverl\u00e4ssigen Basis f\u00fcr Ihre Application Governance.                <\/div>\n                \n            <\/div>\n            \n        <\/div>\n        \n        \n    <\/div>\n\n<\/section>\n\n\n\n            <script>\n            \/\/ Function to get the 'cid' from URL parameters, cookies, or localStorage\n            function getCID() {\n                var cid = null;\n\n                \/\/ 1. Try to get 'cid' from URL parameters\n                var urlParams = new URLSearchParams(window.location.search);\n                if (urlParams.has('cid')) {\n                    cid = urlParams.get('cid');\n                }\n\n                \/\/ 2. If not in URL, try to get 'cid' from localStorage\n                if (!cid) {\n                    try {\n                    cid = localStorage.getItem('salesforce_campaign_id');\n                    } catch (e) {\n                    \/\/ Handle localStorage errors\n                    }\n                }\n\n                \/\/ 3. If not in localStorage, try to get 'cid' from cookies\n                if (!cid) {\n                    var value = \"; \" + document.cookie;\n                    var parts = value.split(\"; salesforce_campaign_id=\");\n                    if (parts.length === 2) {\n                    cid = parts.pop().split(\";\").shift();\n                    }\n                }\n\n                return cid;\n                }\n\n            var cid = getCID(); \/\/ Retrieve the cid value\n\n       \n            if(cid == null){\n                cid = \"701PZ00000IlEYNYA3\"\n                \n            }\n          \n            <\/script>\n<section class=\"u-section u-section--content is-centered  is-gray \" data-block=\"content\">\n\n    <div class=\"u-wrapper u-wrapper--normal\">\n        <div class=\"content-hld\" data-aos=\"fade-in\">\n\n                        <p class=\"content__subtitle u-subtitle\">Weitere L\u00f6sungen f\u00fcr<\/p>\n            \n                        <h2 class=\"content__title u-title u-title--normal\">CISOs und IT Security-Verantwortliche<\/h2>\n            \n                        \n                        <div class=\"content__btn-hld u-btn-hld\">\n\n                                <a class=\"content__btn u-btn u-btn--normal\" href=\"https:\/\/pathlock.com\/de\/cisos-it-security\/\" target=\"_self\">\n                    <span class=\"text\">Jetzt informieren<\/span>\n                <\/a>\n                \n                \n            <\/div>\n            \n        <\/div>\n\n    <\/div>\n\n    \n<\/section>\n","protected":false},"excerpt":{"rendered":"","protected":false},"author":39,"featured_media":0,"parent":0,"menu_order":0,"comment_status":"closed","ping_status":"closed","template":"","meta":{"_acf_changed":true,"content-type":"","footnotes":""},"class_list":["post-32173","page","type-page","status-publish","hentry"],"acf":[],"yoast_head":"<!-- This site is optimized with the Yoast SEO Premium plugin v27.3 (Yoast SEO v27.5) - https:\/\/yoast.com\/product\/yoast-seo-premium-wordpress\/ -->\n<title>Pathlock Suite bietet automatisierte L\u00f6sungen f\u00fcr Finanzmanager<\/title>\n<meta name=\"description\" content=\"Finanzmanager erhalten gr\u00f6\u00dftm\u00f6gliche Transparenz und maximale Einsparungen bei der Steuerung und Kontrolle finanzieller Prozesse.\" \/>\n<meta name=\"robots\" content=\"index, follow, max-snippet:-1, max-image-preview:large, max-video-preview:-1\" \/>\n<link rel=\"canonical\" href=\"https:\/\/pathlock.com\/de\/finanzmanager\/\" \/>\n<meta property=\"og:locale\" content=\"de_DE\" \/>\n<meta property=\"og:type\" content=\"article\" \/>\n<meta property=\"og:title\" content=\"Pathlock Suite bietet automatisierte L\u00f6sungen f\u00fcr Finanzmanager\" \/>\n<meta property=\"og:description\" content=\"Wir bieten Ihnen gr\u00f6\u00dftm\u00f6gliche Transparenz und maximale Einsparungen bei der Steuerung und Kontrolle aller finanziellen Gesch\u00e4ftsprozesse.\" \/>\n<meta property=\"og:url\" content=\"https:\/\/pathlock.com\/de\/finanzmanager\/\" \/>\n<meta property=\"og:site_name\" content=\"Pathlock\" \/>\n<meta property=\"article:modified_time\" content=\"2026-04-09T14:30:10+00:00\" \/>\n<meta property=\"og:image\" content=\"https:\/\/pathlock.com\/wp-content\/uploads\/2025\/06\/OpenGraph-Pathlock-Logo.webp\" \/>\n\t<meta property=\"og:image:width\" content=\"1200\" \/>\n\t<meta property=\"og:image:height\" content=\"630\" \/>\n\t<meta property=\"og:image:type\" content=\"image\/webp\" \/>\n<meta name=\"twitter:card\" content=\"summary_large_image\" \/>\n<meta name=\"twitter:title\" content=\"Pathlock Suite bietet automatisierte L\u00f6sungen f\u00fcr Finanzmanager\" \/>\n<meta name=\"twitter:description\" content=\"Finanzmanager erhalten gr\u00f6\u00dftm\u00f6gliche Transparenz und maximale Einsparungen bei der Steuerung und Kontrolle finanzieller Prozesse.\" \/>\n<meta name=\"twitter:site\" content=\"@pathlock\" \/>\n<script type=\"application\/ld+json\" class=\"yoast-schema-graph\">{\"@context\":\"https:\\\/\\\/schema.org\",\"@graph\":[{\"@type\":\"WebPage\",\"@id\":\"https:\\\/\\\/pathlock.com\\\/de\\\/finanzmanager\\\/\",\"url\":\"https:\\\/\\\/pathlock.com\\\/de\\\/finanzmanager\\\/\",\"name\":\"Pathlock Suite bietet automatisierte L\u00f6sungen f\u00fcr Finanzmanager\",\"isPartOf\":{\"@id\":\"https:\\\/\\\/pathlock.com\\\/de\\\/#website\"},\"datePublished\":\"2023-01-11T12:25:43+00:00\",\"dateModified\":\"2026-04-09T14:30:10+00:00\",\"description\":\"Finanzmanager erhalten gr\u00f6\u00dftm\u00f6gliche Transparenz und maximale Einsparungen bei der Steuerung und Kontrolle finanzieller Prozesse.\",\"breadcrumb\":{\"@id\":\"https:\\\/\\\/pathlock.com\\\/de\\\/finanzmanager\\\/#breadcrumb\"},\"inLanguage\":\"de\",\"potentialAction\":[{\"@type\":\"ReadAction\",\"target\":[\"https:\\\/\\\/pathlock.com\\\/de\\\/finanzmanager\\\/\"]}]},{\"@type\":\"BreadcrumbList\",\"@id\":\"https:\\\/\\\/pathlock.com\\\/de\\\/finanzmanager\\\/#breadcrumb\",\"itemListElement\":[{\"@type\":\"ListItem\",\"position\":1,\"name\":\"Home\",\"item\":\"https:\\\/\\\/pathlock.com\\\/de\\\/\"},{\"@type\":\"ListItem\",\"position\":2,\"name\":\"Finanzmanager\"}]},{\"@type\":\"WebSite\",\"@id\":\"https:\\\/\\\/pathlock.com\\\/de\\\/#website\",\"url\":\"https:\\\/\\\/pathlock.com\\\/de\\\/\",\"name\":\"Pathlock\",\"description\":\"The Leader in Application Security and Controls Automation\",\"publisher\":{\"@id\":\"https:\\\/\\\/pathlock.com\\\/de\\\/#organization\"},\"potentialAction\":[{\"@type\":\"SearchAction\",\"target\":{\"@type\":\"EntryPoint\",\"urlTemplate\":\"https:\\\/\\\/pathlock.com\\\/de\\\/?s={search_term_string}\"},\"query-input\":{\"@type\":\"PropertyValueSpecification\",\"valueRequired\":true,\"valueName\":\"search_term_string\"}}],\"inLanguage\":\"de\"},{\"@type\":\"Organization\",\"@id\":\"https:\\\/\\\/pathlock.com\\\/de\\\/#organization\",\"name\":\"Pathlock, Inc\",\"url\":\"https:\\\/\\\/pathlock.com\\\/de\\\/\",\"logo\":{\"@type\":\"ImageObject\",\"inLanguage\":\"de\",\"@id\":\"https:\\\/\\\/pathlock.com\\\/de\\\/#\\\/schema\\\/logo\\\/image\\\/\",\"url\":\"https:\\\/\\\/pathlock.com\\\/wp-content\\\/uploads\\\/2021\\\/11\\\/Zrzut-ekranu-2021-11-17-o-10.56.42.png\",\"contentUrl\":\"https:\\\/\\\/pathlock.com\\\/wp-content\\\/uploads\\\/2021\\\/11\\\/Zrzut-ekranu-2021-11-17-o-10.56.42.png\",\"width\":460,\"height\":148,\"caption\":\"Pathlock, Inc\"},\"image\":{\"@id\":\"https:\\\/\\\/pathlock.com\\\/de\\\/#\\\/schema\\\/logo\\\/image\\\/\"},\"sameAs\":[\"https:\\\/\\\/x.com\\\/pathlock\",\"https:\\\/\\\/www.linkedin.com\\\/company\\\/pathlock\",\"https:\\\/\\\/www.youtube.com\\\/channel\\\/UCgo4izMJ70K4gnyWQ_mP-OA\"]}]}<\/script>\n<!-- \/ Yoast SEO Premium plugin. -->","yoast_head_json":{"title":"Pathlock Suite bietet automatisierte L\u00f6sungen f\u00fcr Finanzmanager","description":"Finanzmanager erhalten gr\u00f6\u00dftm\u00f6gliche Transparenz und maximale Einsparungen bei der Steuerung und Kontrolle finanzieller Prozesse.","robots":{"index":"index","follow":"follow","max-snippet":"max-snippet:-1","max-image-preview":"max-image-preview:large","max-video-preview":"max-video-preview:-1"},"canonical":"https:\/\/pathlock.com\/de\/finanzmanager\/","og_locale":"de_DE","og_type":"article","og_title":"Pathlock Suite bietet automatisierte L\u00f6sungen f\u00fcr Finanzmanager","og_description":"Wir bieten Ihnen gr\u00f6\u00dftm\u00f6gliche Transparenz und maximale Einsparungen bei der Steuerung und Kontrolle aller finanziellen Gesch\u00e4ftsprozesse.","og_url":"https:\/\/pathlock.com\/de\/finanzmanager\/","og_site_name":"Pathlock","article_modified_time":"2026-04-09T14:30:10+00:00","og_image":[{"width":1200,"height":630,"url":"https:\/\/pathlock.com\/wp-content\/uploads\/2025\/06\/OpenGraph-Pathlock-Logo.webp","type":"image\/webp"}],"twitter_card":"summary_large_image","twitter_title":"Pathlock Suite bietet automatisierte L\u00f6sungen f\u00fcr Finanzmanager","twitter_description":"Finanzmanager erhalten gr\u00f6\u00dftm\u00f6gliche Transparenz und maximale Einsparungen bei der Steuerung und Kontrolle finanzieller Prozesse.","twitter_site":"@pathlock","schema":{"@context":"https:\/\/schema.org","@graph":[{"@type":"WebPage","@id":"https:\/\/pathlock.com\/de\/finanzmanager\/","url":"https:\/\/pathlock.com\/de\/finanzmanager\/","name":"Pathlock Suite bietet automatisierte L\u00f6sungen f\u00fcr Finanzmanager","isPartOf":{"@id":"https:\/\/pathlock.com\/de\/#website"},"datePublished":"2023-01-11T12:25:43+00:00","dateModified":"2026-04-09T14:30:10+00:00","description":"Finanzmanager erhalten gr\u00f6\u00dftm\u00f6gliche Transparenz und maximale Einsparungen bei der Steuerung und Kontrolle finanzieller Prozesse.","breadcrumb":{"@id":"https:\/\/pathlock.com\/de\/finanzmanager\/#breadcrumb"},"inLanguage":"de","potentialAction":[{"@type":"ReadAction","target":["https:\/\/pathlock.com\/de\/finanzmanager\/"]}]},{"@type":"BreadcrumbList","@id":"https:\/\/pathlock.com\/de\/finanzmanager\/#breadcrumb","itemListElement":[{"@type":"ListItem","position":1,"name":"Home","item":"https:\/\/pathlock.com\/de\/"},{"@type":"ListItem","position":2,"name":"Finanzmanager"}]},{"@type":"WebSite","@id":"https:\/\/pathlock.com\/de\/#website","url":"https:\/\/pathlock.com\/de\/","name":"Pathlock","description":"The Leader in Application Security and Controls Automation","publisher":{"@id":"https:\/\/pathlock.com\/de\/#organization"},"potentialAction":[{"@type":"SearchAction","target":{"@type":"EntryPoint","urlTemplate":"https:\/\/pathlock.com\/de\/?s={search_term_string}"},"query-input":{"@type":"PropertyValueSpecification","valueRequired":true,"valueName":"search_term_string"}}],"inLanguage":"de"},{"@type":"Organization","@id":"https:\/\/pathlock.com\/de\/#organization","name":"Pathlock, Inc","url":"https:\/\/pathlock.com\/de\/","logo":{"@type":"ImageObject","inLanguage":"de","@id":"https:\/\/pathlock.com\/de\/#\/schema\/logo\/image\/","url":"https:\/\/pathlock.com\/wp-content\/uploads\/2021\/11\/Zrzut-ekranu-2021-11-17-o-10.56.42.png","contentUrl":"https:\/\/pathlock.com\/wp-content\/uploads\/2021\/11\/Zrzut-ekranu-2021-11-17-o-10.56.42.png","width":460,"height":148,"caption":"Pathlock, Inc"},"image":{"@id":"https:\/\/pathlock.com\/de\/#\/schema\/logo\/image\/"},"sameAs":["https:\/\/x.com\/pathlock","https:\/\/www.linkedin.com\/company\/pathlock","https:\/\/www.youtube.com\/channel\/UCgo4izMJ70K4gnyWQ_mP-OA"]}]}},"ACF":false,"_links":{"self":[{"href":"https:\/\/pathlock.com\/de\/wp-json\/wp\/v2\/pages\/32173","targetHints":{"allow":["GET"]}}],"collection":[{"href":"https:\/\/pathlock.com\/de\/wp-json\/wp\/v2\/pages"}],"about":[{"href":"https:\/\/pathlock.com\/de\/wp-json\/wp\/v2\/types\/page"}],"author":[{"embeddable":true,"href":"https:\/\/pathlock.com\/de\/wp-json\/wp\/v2\/users\/39"}],"replies":[{"embeddable":true,"href":"https:\/\/pathlock.com\/de\/wp-json\/wp\/v2\/comments?post=32173"}],"version-history":[{"count":0,"href":"https:\/\/pathlock.com\/de\/wp-json\/wp\/v2\/pages\/32173\/revisions"}],"wp:attachment":[{"href":"https:\/\/pathlock.com\/de\/wp-json\/wp\/v2\/media?parent=32173"}],"curies":[{"name":"wp","href":"https:\/\/api.w.org\/{rel}","templated":true}]}}