{"id":32170,"date":"2022-12-23T06:00:08","date_gmt":"2022-12-23T14:00:08","guid":{"rendered":"https:\/\/pathlockstg.wpengine.com\/?page_id=31694"},"modified":"2026-04-09T10:31:29","modified_gmt":"2026-04-09T14:31:29","slug":"impressum","status":"publish","type":"page","link":"https:\/\/pathlock.com\/de\/impressum\/","title":{"rendered":"Impressum"},"content":{"rendered":"\n\n    <link rel=\"stylesheet\" type=\"text\/css\" href=\"https:\/\/pathlock.com\/wp-content\/themes\/_pathlock-dist\/src\/css\/style.min.css?ver=1778235190\" \/>\n\n\n\n\n<section class=\"u-section u-section--privacy-content !mt-0 pt-[120px]\" >\n\n    <div class=\"u-wrapper u-wrapper--normal\">\n\n        <div class=\"privacy-content-hld\">\n\n            <div class=\"privacy-content__left\">\n\n                \n                                <span class=\"privacy-content__title u-title u-title--big\">Impressum<\/span>\n                \n                                <div class=\"privacy-content__content u-content js-news-details-scroller-content\">\n                    <p><strong>Pathlock Deutschland GmbH<\/strong><br \/>\nWerner-Otto-Str. 6<br \/>\n22179 Hamburg | Deutschland<\/p>\n<p>+49 40 23 96 95 12-0<br \/>\n<a href=\"mailto:hamburg@pathlock.de\" target=\"_blank\" rel=\"noopener\">hamburg@pathlock.com<\/a><br \/>\nwww.pathlock.com\/de<\/p>\n<p>Registergericht: Hamburg<br \/>\nRegisternummer: HRB 177409<br \/>\nUmsatzsteuer-Identnummer: DE 354 299 683<\/p>\n<p>Gesch\u00e4ftsf\u00fchrung: Ralf Kempf<\/p>\n<p><strong>Haftungshinweis:<\/strong><br \/>\nPathlock \u00fcbernimmt keine Gew\u00e4hr f\u00fcr die Aktualit\u00e4t, Richtigkeit und Vollst\u00e4ndigkeit der Informationen auf diesen Seiten oder den jederzeitigen st\u00f6rungsfreien Zugang. Wenn wir auf Internetseiten Dritter verweisen (Links), \u00fcbernimmt Pathlock trotz sorgf\u00e4ltiger inhaltlicher Kontrolle keine Haftung f\u00fcr die Inhalte externer Links. F\u00fcr den Inhalt der verlinkten Seiten sind ausschlie\u00dflich deren Betreiber verantwortlich. Mit dem Bet\u00e4tigen des Verweises verlassen Sie das Informationsangebot. Weiterhin schlie\u00dft Pathlock die Haftung bei Serviceleistungen aus, insbesondere die beim Download zur Verf\u00fcgung gestellten Dateien auf den Internetseiten von Pathlock.<\/p>\n<p><strong>Pathlock Inc.<\/strong><br \/>\n8111 Lyndon B Johnson Fwy<br \/>\nTX 75251 Dallas | USA<\/p>\n<p>+1 469.906.2100<\/p>\n<p> <\/p>\n<p><a href=\"https:\/\/pathlock.com\/de\/datenschutz\/\" target=\"_blank\" rel=\"noopener\"><strong>&gt; Zur Datenschutzerkl\u00e4rung<\/strong><\/a><\/p>\n<p> <\/p>\n<p> <\/p>\n                <\/div>\n                \n            <\/div>\n\n            <div class=\"privacy-content__right\">\n\n                <div class=\"privacy-content__scroll-hld\">\n\n                    <div class=\"privacy-content__scroll js-news-details-scroller-hld\">\n\n                        <span class=\"title\">Inhaltsverzeichnis<\/span>\n\n                        <ul class=\"js-news-details-scroller\">\n\n                            <li data-scroll-id=\"-1\" class=\"js-scroll-to-h1 is-active\">General<\/li>\n\n                        <\/ul>\n\n                    <\/div>\n\n                <\/div>\n\n            <\/div>\n\n        <\/div>\n\n    <\/div>\n\n<\/section>\n\n","protected":false},"excerpt":{"rendered":"","protected":false},"author":59,"featured_media":0,"parent":0,"menu_order":0,"comment_status":"closed","ping_status":"closed","template":"","meta":{"_acf_changed":true,"content-type":"","footnotes":""},"class_list":["post-32170","page","type-page","status-publish","hentry"],"acf":[],"yoast_head":"<!-- This site is optimized with the Yoast SEO Premium plugin v27.3 (Yoast SEO v27.5) - https:\/\/yoast.com\/product\/yoast-seo-premium-wordpress\/ -->\n<title>Pathlock Deutschland | Impressum | Herausgeber der Website<\/title>\n<meta name=\"description\" content=\"Unser Impressum: Falls Sie Fragen, Anmerkungen, Lob oder Kritik haben, nehmen Sie gerne Kontakt mit Pathlock Deutschland auf.\" \/>\n<meta name=\"robots\" content=\"index, follow, max-snippet:-1, max-image-preview:large, max-video-preview:-1\" \/>\n<link rel=\"canonical\" href=\"https:\/\/pathlock.com\/de\/impressum\/\" \/>\n<meta property=\"og:locale\" content=\"de_DE\" \/>\n<meta property=\"og:type\" content=\"article\" \/>\n<meta property=\"og:title\" content=\"Pathlock Deutschland | Impressum | Herausgeber der Website\" \/>\n<meta property=\"og:description\" content=\"Unser Impressum: Falls Sie Fragen, Anmerkungen, Lob oder Kritik haben, nehmen Sie gerne Kontakt mit Pathlock Deutschland auf.\" \/>\n<meta property=\"og:url\" content=\"https:\/\/pathlock.com\/de\/impressum\/\" \/>\n<meta property=\"og:site_name\" content=\"Pathlock\" \/>\n<meta property=\"article:modified_time\" content=\"2026-04-09T14:31:29+00:00\" \/>\n<meta property=\"og:image\" content=\"https:\/\/pathlock.com\/wp-content\/uploads\/2025\/06\/OpenGraph-Pathlock-Logo.webp\" \/>\n\t<meta property=\"og:image:width\" content=\"1200\" \/>\n\t<meta property=\"og:image:height\" content=\"630\" \/>\n\t<meta property=\"og:image:type\" content=\"image\/webp\" \/>\n<meta name=\"twitter:card\" content=\"summary_large_image\" \/>\n<meta name=\"twitter:title\" content=\"Pathlock Deutschland | Impressum | Herausgeber der Website\" \/>\n<meta name=\"twitter:description\" content=\"Unser Impressum: Falls Sie Fragen, Anmerkungen, Lob oder Kritik haben, nehmen Sie gerne Kontakt mit Pathlock Deutschland auf.\" \/>\n<meta name=\"twitter:site\" content=\"@pathlock\" \/>\n<script type=\"application\/ld+json\" class=\"yoast-schema-graph\">{\"@context\":\"https:\\\/\\\/schema.org\",\"@graph\":[{\"@type\":\"WebPage\",\"@id\":\"https:\\\/\\\/pathlock.com\\\/de\\\/impressum\\\/\",\"url\":\"https:\\\/\\\/pathlock.com\\\/de\\\/impressum\\\/\",\"name\":\"Pathlock Deutschland | Impressum | Herausgeber der Website\",\"isPartOf\":{\"@id\":\"https:\\\/\\\/pathlock.com\\\/de\\\/#website\"},\"datePublished\":\"2022-12-23T14:00:08+00:00\",\"dateModified\":\"2026-04-09T14:31:29+00:00\",\"description\":\"Unser Impressum: Falls Sie Fragen, Anmerkungen, Lob oder Kritik haben, nehmen Sie gerne Kontakt mit Pathlock Deutschland auf.\",\"breadcrumb\":{\"@id\":\"https:\\\/\\\/pathlock.com\\\/de\\\/impressum\\\/#breadcrumb\"},\"inLanguage\":\"de\",\"potentialAction\":[{\"@type\":\"ReadAction\",\"target\":[\"https:\\\/\\\/pathlock.com\\\/de\\\/impressum\\\/\"]}]},{\"@type\":\"BreadcrumbList\",\"@id\":\"https:\\\/\\\/pathlock.com\\\/de\\\/impressum\\\/#breadcrumb\",\"itemListElement\":[{\"@type\":\"ListItem\",\"position\":1,\"name\":\"Home\",\"item\":\"https:\\\/\\\/pathlock.com\\\/de\\\/\"},{\"@type\":\"ListItem\",\"position\":2,\"name\":\"Impressum\"}]},{\"@type\":\"WebSite\",\"@id\":\"https:\\\/\\\/pathlock.com\\\/de\\\/#website\",\"url\":\"https:\\\/\\\/pathlock.com\\\/de\\\/\",\"name\":\"Pathlock\",\"description\":\"The Leader in Application Security and Controls Automation\",\"publisher\":{\"@id\":\"https:\\\/\\\/pathlock.com\\\/de\\\/#organization\"},\"potentialAction\":[{\"@type\":\"SearchAction\",\"target\":{\"@type\":\"EntryPoint\",\"urlTemplate\":\"https:\\\/\\\/pathlock.com\\\/de\\\/?s={search_term_string}\"},\"query-input\":{\"@type\":\"PropertyValueSpecification\",\"valueRequired\":true,\"valueName\":\"search_term_string\"}}],\"inLanguage\":\"de\"},{\"@type\":\"Organization\",\"@id\":\"https:\\\/\\\/pathlock.com\\\/de\\\/#organization\",\"name\":\"Pathlock, Inc\",\"url\":\"https:\\\/\\\/pathlock.com\\\/de\\\/\",\"logo\":{\"@type\":\"ImageObject\",\"inLanguage\":\"de\",\"@id\":\"https:\\\/\\\/pathlock.com\\\/de\\\/#\\\/schema\\\/logo\\\/image\\\/\",\"url\":\"https:\\\/\\\/pathlock.com\\\/wp-content\\\/uploads\\\/2021\\\/11\\\/Zrzut-ekranu-2021-11-17-o-10.56.42.png\",\"contentUrl\":\"https:\\\/\\\/pathlock.com\\\/wp-content\\\/uploads\\\/2021\\\/11\\\/Zrzut-ekranu-2021-11-17-o-10.56.42.png\",\"width\":460,\"height\":148,\"caption\":\"Pathlock, Inc\"},\"image\":{\"@id\":\"https:\\\/\\\/pathlock.com\\\/de\\\/#\\\/schema\\\/logo\\\/image\\\/\"},\"sameAs\":[\"https:\\\/\\\/x.com\\\/pathlock\",\"https:\\\/\\\/www.linkedin.com\\\/company\\\/pathlock\",\"https:\\\/\\\/www.youtube.com\\\/channel\\\/UCgo4izMJ70K4gnyWQ_mP-OA\"]}]}<\/script>\n<!-- \/ Yoast SEO Premium plugin. -->","yoast_head_json":{"title":"Pathlock Deutschland | Impressum | Herausgeber der Website","description":"Unser Impressum: Falls Sie Fragen, Anmerkungen, Lob oder Kritik haben, nehmen Sie gerne Kontakt mit Pathlock Deutschland auf.","robots":{"index":"index","follow":"follow","max-snippet":"max-snippet:-1","max-image-preview":"max-image-preview:large","max-video-preview":"max-video-preview:-1"},"canonical":"https:\/\/pathlock.com\/de\/impressum\/","og_locale":"de_DE","og_type":"article","og_title":"Pathlock Deutschland | Impressum | Herausgeber der Website","og_description":"Unser Impressum: Falls Sie Fragen, Anmerkungen, Lob oder Kritik haben, nehmen Sie gerne Kontakt mit Pathlock Deutschland auf.","og_url":"https:\/\/pathlock.com\/de\/impressum\/","og_site_name":"Pathlock","article_modified_time":"2026-04-09T14:31:29+00:00","og_image":[{"width":1200,"height":630,"url":"https:\/\/pathlock.com\/wp-content\/uploads\/2025\/06\/OpenGraph-Pathlock-Logo.webp","type":"image\/webp"}],"twitter_card":"summary_large_image","twitter_title":"Pathlock Deutschland | Impressum | Herausgeber der Website","twitter_description":"Unser Impressum: Falls Sie Fragen, Anmerkungen, Lob oder Kritik haben, nehmen Sie gerne Kontakt mit Pathlock Deutschland auf.","twitter_site":"@pathlock","schema":{"@context":"https:\/\/schema.org","@graph":[{"@type":"WebPage","@id":"https:\/\/pathlock.com\/de\/impressum\/","url":"https:\/\/pathlock.com\/de\/impressum\/","name":"Pathlock Deutschland | Impressum | Herausgeber der Website","isPartOf":{"@id":"https:\/\/pathlock.com\/de\/#website"},"datePublished":"2022-12-23T14:00:08+00:00","dateModified":"2026-04-09T14:31:29+00:00","description":"Unser Impressum: Falls Sie Fragen, Anmerkungen, Lob oder Kritik haben, nehmen Sie gerne Kontakt mit Pathlock Deutschland auf.","breadcrumb":{"@id":"https:\/\/pathlock.com\/de\/impressum\/#breadcrumb"},"inLanguage":"de","potentialAction":[{"@type":"ReadAction","target":["https:\/\/pathlock.com\/de\/impressum\/"]}]},{"@type":"BreadcrumbList","@id":"https:\/\/pathlock.com\/de\/impressum\/#breadcrumb","itemListElement":[{"@type":"ListItem","position":1,"name":"Home","item":"https:\/\/pathlock.com\/de\/"},{"@type":"ListItem","position":2,"name":"Impressum"}]},{"@type":"WebSite","@id":"https:\/\/pathlock.com\/de\/#website","url":"https:\/\/pathlock.com\/de\/","name":"Pathlock","description":"The Leader in Application Security and Controls Automation","publisher":{"@id":"https:\/\/pathlock.com\/de\/#organization"},"potentialAction":[{"@type":"SearchAction","target":{"@type":"EntryPoint","urlTemplate":"https:\/\/pathlock.com\/de\/?s={search_term_string}"},"query-input":{"@type":"PropertyValueSpecification","valueRequired":true,"valueName":"search_term_string"}}],"inLanguage":"de"},{"@type":"Organization","@id":"https:\/\/pathlock.com\/de\/#organization","name":"Pathlock, Inc","url":"https:\/\/pathlock.com\/de\/","logo":{"@type":"ImageObject","inLanguage":"de","@id":"https:\/\/pathlock.com\/de\/#\/schema\/logo\/image\/","url":"https:\/\/pathlock.com\/wp-content\/uploads\/2021\/11\/Zrzut-ekranu-2021-11-17-o-10.56.42.png","contentUrl":"https:\/\/pathlock.com\/wp-content\/uploads\/2021\/11\/Zrzut-ekranu-2021-11-17-o-10.56.42.png","width":460,"height":148,"caption":"Pathlock, Inc"},"image":{"@id":"https:\/\/pathlock.com\/de\/#\/schema\/logo\/image\/"},"sameAs":["https:\/\/x.com\/pathlock","https:\/\/www.linkedin.com\/company\/pathlock","https:\/\/www.youtube.com\/channel\/UCgo4izMJ70K4gnyWQ_mP-OA"]}]}},"ACF":false,"_links":{"self":[{"href":"https:\/\/pathlock.com\/de\/wp-json\/wp\/v2\/pages\/32170","targetHints":{"allow":["GET"]}}],"collection":[{"href":"https:\/\/pathlock.com\/de\/wp-json\/wp\/v2\/pages"}],"about":[{"href":"https:\/\/pathlock.com\/de\/wp-json\/wp\/v2\/types\/page"}],"author":[{"embeddable":true,"href":"https:\/\/pathlock.com\/de\/wp-json\/wp\/v2\/users\/59"}],"replies":[{"embeddable":true,"href":"https:\/\/pathlock.com\/de\/wp-json\/wp\/v2\/comments?post=32170"}],"version-history":[{"count":0,"href":"https:\/\/pathlock.com\/de\/wp-json\/wp\/v2\/pages\/32170\/revisions"}],"wp:attachment":[{"href":"https:\/\/pathlock.com\/de\/wp-json\/wp\/v2\/media?parent=32170"}],"curies":[{"name":"wp","href":"https:\/\/api.w.org\/{rel}","templated":true}]}}