{"id":32041,"date":"2023-01-11T03:00:55","date_gmt":"2023-01-11T11:00:55","guid":{"rendered":"https:\/\/pathlockstg.wpengine.com\/?page_id=32041"},"modified":"2026-04-09T10:20:58","modified_gmt":"2026-04-09T14:20:58","slug":"cisos-it-security","status":"publish","type":"page","link":"https:\/\/pathlock.com\/de\/cisos-it-security\/","title":{"rendered":"CISO and IT Security"},"content":{"rendered":"\n\n    <link rel=\"stylesheet\" type=\"text\/css\" href=\"https:\/\/pathlock.com\/wp-content\/themes\/_pathlock-dist\/src\/css\/style.min.css?ver=1778066848\" \/>\n\n\n\n\n<section class=\"u-section u-section--hero-product  !mt-0 pt-[120px] \" data-block=\"hero-product\" data-aos=\"fade-in\">\n\n    <div class=\"u-wrapper u-wrapper--big\">\n\n        <div class=\"hero-product hero-product--right is-blue\">\n         \n            <div class=\"hero-product__left\">\n\n                \n                                <h1 class=\"hero-product__title u-title u-title--normal\">Pathlock Suite f\u00fcr CISOs und IT Security-Verantwortliche<\/h1>\n                \n                                <div class=\"hero-product__content u-content\">\n                    <p>Optimieren Sie Ihren Access Governance Lifecycle f\u00fcr mehr Sicherheit und Compliance.<\/p>\n                <\/div>\n                \n                <div class=\"hero-product__btn-hld u-btn-hld\">\n\n                                        <a class=\"hero-product__btn u-btn u-btn--normal \" href=\"https:\/\/pathlock.com\/de\/kontakt\/\"  target=\"_blank\" data-anchor=\"form-scroll\">\n                        <span class=\"text\">Demo anfragen<\/span>\n                    <\/a>\n                    \n                    \n                <\/div>\n\n            <\/div>\n\n            <div class=\"hero-product__right is-image\">\n\n                <div class=\"hero-product--blur-accent\">\n                    <img class=\"js-lazy\" data-src=\"https:\/\/pathlock.com\/wp-content\/themes\/_pathlock-dist\/src\/img\/gradient-green.png\" alt=\"Gradient\" >\n                <\/div>\n\n\n                <div class=\"hero-product__image\">\n\n                                            <img decoding=\"async\" class=\"\" src=\"https:\/\/pathlock.com\/wp-content\/uploads\/fly-images\/32813\/PLDE_CISO-759x474-c.jpg\" alt=\"PLDE_Ciso_Man working with laptop\" \/>\n                                    <\/div>\n\n\n            <\/div>\n\n        <\/div>\n\n\t<\/div>\n\n<\/section>\n\n\n\n\n\n<section class=\"u-section u-section--photo-with-text is-gray\"\n         data-block=\"photo-with-text\">\n\n    <div class=\"u-wrapper u-wrapper--normal\">\n\n        <div class=\"photo-with-text-hld is-photo-on-left\">\n\n            <div class=\"photo-with-text__row\">\n\n                <div class=\"photo-with-text__col photo-with-text__col--content\" data-aos=\"fade-in\">\n\n                    <div class=\"photo-with-text__content-hld\">\n\n                                                    <h2 class=\"photo-with-text__title u-title u-title--normal\">\n                                                                Granulare Zugriffskontrollen, Datensicherheit, kontinuierliche Sicherheits\u00fcberwachung                            <\/h2>\n                        \n                                                    <div class=\"photo-with-text__content u-content\">\n                                <p>Die Pathlock Suite erm\u00f6glicht eine pr\u00e4zise Kontrolle der Zugriffe auf Ihre sensiblen Anwendungen und Gesch\u00e4ftsprozesse. So erhalten User nur die Zugriffe, die sie auch wirklich ben\u00f6tigen und was Notfall-User mit ihren privilegierten Rechten tun, wird kontinuierlich \u00fcberwacht.<\/p>\n<p>Dieses Niveau an Transparenz und Kontrollm\u00f6glichkeiten erleichtert es Ihnen, Aktivit\u00e4ten eindeutig nachzuweisen und auch zu dokumentieren. Und Ihre IT- und Security-Teams gewinnen einen effektiveren \u00dcberblick.<\/p>\n                            <\/div>\n                        \n                        \n                    <\/div>\n\n                <\/div>\n\n                <div class=\"photo-with-text__col photo-with-text__col--photo\">\n\n                    <div class=\"photo-with-text__photo\" data-aos=\"xxx\">\n\n\n                                                    <img decoding=\"async\" class=\"js-lazy is-fitted\"\n                                 src=\"data:image\/svg+xml,%3Csvg xmlns='http: \/\/www.w3.org\/2000\/svg' viewBox='0 0 3 2'%3E%3C\/svg%3E\"\n                                 data-src=\"https:\/\/pathlock.com\/wp-content\/uploads\/fly-images\/29336\/whereToStartPic2-1200x900-c.png\"\n                                 alt=\"PLDE_Monitor_ transparente-Darstellung\"\/>\n                        \n                    <\/div>\n\n                <\/div>\n\n            <\/div>\n\n        <\/div>\n\n    <\/div>\n\n<\/section>\n\n\n\n<section class=\"u-section u-section--photo-with-text  \" data-block=\"photo-small-with-text\">\n\n    <div class=\"u-wrapper u-wrapper--big\">\n\n        <div class=\"photo-with-text-hld is-photo-on-right is-small\">\n\n            <div class=\"photo-with-text__row\">\n\n                <div class=\"photo-with-text__col photo-with-text__col--content\" data-aos=\"fade-in\">\n\n                    <div class=\"photo-with-text__content-hld\">\n\n                                                <h2 class=\"photo-with-text__title u-title u-title--normal\">\n                                                        Kontrollmechanismen im Einklang mit Ihren zentralen Security Policies und Frameworks                        <\/h2>\n                        \n                                                <div class=\"photo-with-text__content u-content\">\n                            <p>Mit der Pathlock Suite k\u00f6nnen Sie alle Kontrollmechanismen an einem zentralen Ort definieren, \u00fcberwachen und verwalten. Auf diese Weise gew\u00e4hrleisten Sie Kontinuit\u00e4t \u00fcber alle IT-Systeme, Standorte und Unternehmensbereiche hinweg.<\/p>\n<p>Dadurch k\u00f6nnen Sie nachvollziehen, welche Aktivit\u00e4ten sich spezifisch auf Kunden-, Mitarbeiter- oder Unternehmensdaten auswirken.<\/p>\n                        <\/div>\n                        \n                                            <\/div>\n                <\/div>\n\n                <div class=\"photo-with-text__col photo-with-text__col--photo\">\n\n                    <div class=\"photo-with-text__photo\" data-aos=\"xxx\">\n\n                                                <img decoding=\"async\" class=\"js-lazy is-fitted\" src=\"data:image\/svg+xml,%3Csvg xmlns='http: \/\/www.w3.org\/2000\/svg' viewBox='0 0 3 2'%3E%3C\/svg%3E\" data-src=\"https:\/\/pathlock.com\/wp-content\/uploads\/fly-images\/22908\/Link-Security-Cyber-Governance-400x284-759x570-c.png\" alt=\"Auswertung Security Cyber Governance\" \/>\n                        \n                    <\/div>\n\n                <\/div>\n\n            <\/div>\n\n        <\/div>\n\n    <\/div>\n\n<\/section>\n\n\n\n\n<section class=\"u-section u-section--tile-grid\" data-block=\"tile-grid\" data-aos=\"fade-in\" data-aos=\"fade-in\">\n\n\t<div class=\"u-wrapper u-wrapper--big\">\n\n        \n        \n                <div class=\"tile-grid__list\">\n\n                                    <div class=\"tile-grid__item\">\n\n                                <div class=\"img-hld\">\n                    <img class=\"js-lazy no-override\" data-src=\"https:\/\/pathlock.com\/wp-content\/uploads\/2023\/02\/PLDE_Icon_Echtzeituberwachung_kleiner.png\" alt=\"PLDE_Icon_Echtzeit\u00fcberwachung_kleiner\" \/>\n                <\/div>\n                \n                                <div class=\"text\">\n                    Reagieren Sie schneller und mit erh\u00f6hter Sicherheit auf in- und externe Risiken f\u00fcr Ihre kritischen Systeme mit Hilfe einer kontinuierlichen \u00dcberwachung.                <\/div>\n                \n            <\/div>\n                                    <div class=\"tile-grid__item\">\n\n                                <div class=\"img-hld\">\n                    <img class=\"js-lazy no-override\" data-src=\"https:\/\/pathlock.com\/wp-content\/uploads\/2023\/03\/PLDE_Icon_Kontrolle.png\" alt=\"PLDE_Icon_Kontrolle\" \/>\n                <\/div>\n                \n                                <div class=\"text\">\n                    Sorgen Sie f\u00fcr sichere und effektive Kontrollen bei allen gesch\u00e4ftskritischen Anwendungen sowie s\u00e4mtlichen Compliance-Vorgaben.                <\/div>\n                \n            <\/div>\n                                    <div class=\"tile-grid__item\">\n\n                                <div class=\"img-hld\">\n                    <img class=\"js-lazy no-override\" data-src=\"https:\/\/pathlock.com\/wp-content\/uploads\/2023\/02\/PLDE_Icon_Notfallzugang_kleiner.png\" alt=\"PLDE_Icon_Notfallzugang_kleiner\" \/>\n                <\/div>\n                \n                                <div class=\"text\">\n                    Erweitern Sie f\u00fcr system\u00fcbergreifende Auswertungen Ihr SIEM mit detaillierten Informationen zur Identifizierung von Sicherheitsrisiken und Gefahren.                <\/div>\n                \n            <\/div>\n            \n        <\/div>\n        \n        \n    <\/div>\n\n<\/section>\n\n\n\n            <script>\n            \/\/ Function to get the 'cid' from URL parameters, cookies, or localStorage\n            function getCID() {\n                var cid = null;\n\n                \/\/ 1. Try to get 'cid' from URL parameters\n                var urlParams = new URLSearchParams(window.location.search);\n                if (urlParams.has('cid')) {\n                    cid = urlParams.get('cid');\n                }\n\n                \/\/ 2. If not in URL, try to get 'cid' from localStorage\n                if (!cid) {\n                    try {\n                    cid = localStorage.getItem('salesforce_campaign_id');\n                    } catch (e) {\n                    \/\/ Handle localStorage errors\n                    }\n                }\n\n                \/\/ 3. If not in localStorage, try to get 'cid' from cookies\n                if (!cid) {\n                    var value = \"; \" + document.cookie;\n                    var parts = value.split(\"; salesforce_campaign_id=\");\n                    if (parts.length === 2) {\n                    cid = parts.pop().split(\";\").shift();\n                    }\n                }\n\n                return cid;\n                }\n\n            var cid = getCID(); \/\/ Retrieve the cid value\n\n       \n            if(cid == null){\n                cid = \"701PZ00000IlEYNYA3\"\n                \n            }\n          \n            <\/script>\n<section class=\"u-section u-section--content is-centered  is-gray \" data-block=\"content\">\n\n    <div class=\"u-wrapper u-wrapper--normal\">\n        <div class=\"content-hld\" data-aos=\"fade-in\">\n\n                        <p class=\"content__subtitle u-subtitle\">Weitere L\u00f6sungen f\u00fcr<\/p>\n            \n                        <h2 class=\"content__title u-title u-title--normal\">Finanzvorst\u00e4nde<\/h2>\n            \n                        \n                        <div class=\"content__btn-hld u-btn-hld\">\n\n                                <a class=\"content__btn u-btn u-btn--normal\" href=\"https:\/\/pathlock.com\/de\/finanzmanager\/\" target=\"_self\">\n                    <span class=\"text\">Jetzt informieren<\/span>\n                <\/a>\n                \n                \n            <\/div>\n            \n        <\/div>\n\n    <\/div>\n\n    \n<\/section>\n","protected":false},"excerpt":{"rendered":"","protected":false},"author":59,"featured_media":0,"parent":0,"menu_order":0,"comment_status":"closed","ping_status":"closed","template":"","meta":{"_acf_changed":true,"content-type":"","footnotes":""},"class_list":["post-32041","page","type-page","status-publish","hentry"],"acf":[],"yoast_head":"<!-- This site is optimized with the Yoast SEO Premium plugin v27.3 (Yoast SEO v27.5) - https:\/\/yoast.com\/product\/yoast-seo-premium-wordpress\/ -->\n<title>Pathlock-L\u00f6sungen f\u00fcr CISO und IT Security-Verantwortliche<\/title>\n<meta name=\"description\" content=\"Optimieren Sie Ihren Access Governance Lifecycle! Wir helfen CISO und IT Security-Beauftragten dabei, Risiken zu identifizieren.\" \/>\n<meta name=\"robots\" content=\"index, follow, max-snippet:-1, max-image-preview:large, max-video-preview:-1\" \/>\n<link rel=\"canonical\" href=\"https:\/\/pathlock.com\/de\/cisos-it-security\/\" \/>\n<meta property=\"og:locale\" content=\"de_DE\" \/>\n<meta property=\"og:type\" content=\"article\" \/>\n<meta property=\"og:title\" content=\"Pathlock-L\u00f6sungen f\u00fcr CISOs und IT Security-Verantwortliche\" \/>\n<meta property=\"og:description\" content=\"Optimieren Sie Ihren Access Governance Lifecycle! Wir helfen CISOs und IT Security-Beauftragten dabei, Risiken zu identifizieren.\" \/>\n<meta property=\"og:url\" content=\"https:\/\/pathlock.com\/de\/cisos-it-security\/\" \/>\n<meta property=\"og:site_name\" content=\"Pathlock\" \/>\n<meta property=\"article:modified_time\" content=\"2026-04-09T14:20:58+00:00\" \/>\n<meta property=\"og:image\" content=\"https:\/\/pathlock.com\/wp-content\/uploads\/2025\/06\/OpenGraph-Pathlock-Logo.webp\" \/>\n\t<meta property=\"og:image:width\" content=\"1200\" \/>\n\t<meta property=\"og:image:height\" content=\"630\" \/>\n\t<meta property=\"og:image:type\" content=\"image\/webp\" \/>\n<meta name=\"twitter:card\" content=\"summary_large_image\" \/>\n<meta name=\"twitter:title\" content=\"Pathlock-L\u00f6sungen f\u00fcr CISOs und IT Security-Verantwortliche\" \/>\n<meta name=\"twitter:description\" content=\"Optimieren Sie Ihren Access Governance Lifecycle! Wir helfen CISOs und IT Security-Beauftragten dabei, Risiken zu identifizieren.\" \/>\n<meta name=\"twitter:site\" content=\"@pathlock\" \/>\n<script type=\"application\/ld+json\" class=\"yoast-schema-graph\">{\"@context\":\"https:\\\/\\\/schema.org\",\"@graph\":[{\"@type\":\"WebPage\",\"@id\":\"https:\\\/\\\/pathlock.com\\\/de\\\/cisos-it-security\\\/\",\"url\":\"https:\\\/\\\/pathlock.com\\\/de\\\/cisos-it-security\\\/\",\"name\":\"Pathlock-L\u00f6sungen f\u00fcr CISO und IT Security-Verantwortliche\",\"isPartOf\":{\"@id\":\"https:\\\/\\\/pathlock.com\\\/de\\\/#website\"},\"datePublished\":\"2023-01-11T11:00:55+00:00\",\"dateModified\":\"2026-04-09T14:20:58+00:00\",\"description\":\"Optimieren Sie Ihren Access Governance Lifecycle! Wir helfen CISO und IT Security-Beauftragten dabei, Risiken zu identifizieren.\",\"breadcrumb\":{\"@id\":\"https:\\\/\\\/pathlock.com\\\/de\\\/cisos-it-security\\\/#breadcrumb\"},\"inLanguage\":\"de\",\"potentialAction\":[{\"@type\":\"ReadAction\",\"target\":[\"https:\\\/\\\/pathlock.com\\\/de\\\/cisos-it-security\\\/\"]}]},{\"@type\":\"BreadcrumbList\",\"@id\":\"https:\\\/\\\/pathlock.com\\\/de\\\/cisos-it-security\\\/#breadcrumb\",\"itemListElement\":[{\"@type\":\"ListItem\",\"position\":1,\"name\":\"Home\",\"item\":\"https:\\\/\\\/pathlock.com\\\/de\\\/\"},{\"@type\":\"ListItem\",\"position\":2,\"name\":\"CISO and IT Security\"}]},{\"@type\":\"WebSite\",\"@id\":\"https:\\\/\\\/pathlock.com\\\/de\\\/#website\",\"url\":\"https:\\\/\\\/pathlock.com\\\/de\\\/\",\"name\":\"Pathlock\",\"description\":\"The Leader in Application Security and Controls Automation\",\"publisher\":{\"@id\":\"https:\\\/\\\/pathlock.com\\\/de\\\/#organization\"},\"potentialAction\":[{\"@type\":\"SearchAction\",\"target\":{\"@type\":\"EntryPoint\",\"urlTemplate\":\"https:\\\/\\\/pathlock.com\\\/de\\\/?s={search_term_string}\"},\"query-input\":{\"@type\":\"PropertyValueSpecification\",\"valueRequired\":true,\"valueName\":\"search_term_string\"}}],\"inLanguage\":\"de\"},{\"@type\":\"Organization\",\"@id\":\"https:\\\/\\\/pathlock.com\\\/de\\\/#organization\",\"name\":\"Pathlock, Inc\",\"url\":\"https:\\\/\\\/pathlock.com\\\/de\\\/\",\"logo\":{\"@type\":\"ImageObject\",\"inLanguage\":\"de\",\"@id\":\"https:\\\/\\\/pathlock.com\\\/de\\\/#\\\/schema\\\/logo\\\/image\\\/\",\"url\":\"https:\\\/\\\/pathlock.com\\\/wp-content\\\/uploads\\\/2021\\\/11\\\/Zrzut-ekranu-2021-11-17-o-10.56.42.png\",\"contentUrl\":\"https:\\\/\\\/pathlock.com\\\/wp-content\\\/uploads\\\/2021\\\/11\\\/Zrzut-ekranu-2021-11-17-o-10.56.42.png\",\"width\":460,\"height\":148,\"caption\":\"Pathlock, Inc\"},\"image\":{\"@id\":\"https:\\\/\\\/pathlock.com\\\/de\\\/#\\\/schema\\\/logo\\\/image\\\/\"},\"sameAs\":[\"https:\\\/\\\/x.com\\\/pathlock\",\"https:\\\/\\\/www.linkedin.com\\\/company\\\/pathlock\",\"https:\\\/\\\/www.youtube.com\\\/channel\\\/UCgo4izMJ70K4gnyWQ_mP-OA\"]}]}<\/script>\n<!-- \/ Yoast SEO Premium plugin. -->","yoast_head_json":{"title":"Pathlock-L\u00f6sungen f\u00fcr CISO und IT Security-Verantwortliche","description":"Optimieren Sie Ihren Access Governance Lifecycle! Wir helfen CISO und IT Security-Beauftragten dabei, Risiken zu identifizieren.","robots":{"index":"index","follow":"follow","max-snippet":"max-snippet:-1","max-image-preview":"max-image-preview:large","max-video-preview":"max-video-preview:-1"},"canonical":"https:\/\/pathlock.com\/de\/cisos-it-security\/","og_locale":"de_DE","og_type":"article","og_title":"Pathlock-L\u00f6sungen f\u00fcr CISOs und IT Security-Verantwortliche","og_description":"Optimieren Sie Ihren Access Governance Lifecycle! Wir helfen CISOs und IT Security-Beauftragten dabei, Risiken zu identifizieren.","og_url":"https:\/\/pathlock.com\/de\/cisos-it-security\/","og_site_name":"Pathlock","article_modified_time":"2026-04-09T14:20:58+00:00","og_image":[{"width":1200,"height":630,"url":"https:\/\/pathlock.com\/wp-content\/uploads\/2025\/06\/OpenGraph-Pathlock-Logo.webp","type":"image\/webp"}],"twitter_card":"summary_large_image","twitter_title":"Pathlock-L\u00f6sungen f\u00fcr CISOs und IT Security-Verantwortliche","twitter_description":"Optimieren Sie Ihren Access Governance Lifecycle! Wir helfen CISOs und IT Security-Beauftragten dabei, Risiken zu identifizieren.","twitter_site":"@pathlock","schema":{"@context":"https:\/\/schema.org","@graph":[{"@type":"WebPage","@id":"https:\/\/pathlock.com\/de\/cisos-it-security\/","url":"https:\/\/pathlock.com\/de\/cisos-it-security\/","name":"Pathlock-L\u00f6sungen f\u00fcr CISO und IT Security-Verantwortliche","isPartOf":{"@id":"https:\/\/pathlock.com\/de\/#website"},"datePublished":"2023-01-11T11:00:55+00:00","dateModified":"2026-04-09T14:20:58+00:00","description":"Optimieren Sie Ihren Access Governance Lifecycle! Wir helfen CISO und IT Security-Beauftragten dabei, Risiken zu identifizieren.","breadcrumb":{"@id":"https:\/\/pathlock.com\/de\/cisos-it-security\/#breadcrumb"},"inLanguage":"de","potentialAction":[{"@type":"ReadAction","target":["https:\/\/pathlock.com\/de\/cisos-it-security\/"]}]},{"@type":"BreadcrumbList","@id":"https:\/\/pathlock.com\/de\/cisos-it-security\/#breadcrumb","itemListElement":[{"@type":"ListItem","position":1,"name":"Home","item":"https:\/\/pathlock.com\/de\/"},{"@type":"ListItem","position":2,"name":"CISO and IT Security"}]},{"@type":"WebSite","@id":"https:\/\/pathlock.com\/de\/#website","url":"https:\/\/pathlock.com\/de\/","name":"Pathlock","description":"The Leader in Application Security and Controls Automation","publisher":{"@id":"https:\/\/pathlock.com\/de\/#organization"},"potentialAction":[{"@type":"SearchAction","target":{"@type":"EntryPoint","urlTemplate":"https:\/\/pathlock.com\/de\/?s={search_term_string}"},"query-input":{"@type":"PropertyValueSpecification","valueRequired":true,"valueName":"search_term_string"}}],"inLanguage":"de"},{"@type":"Organization","@id":"https:\/\/pathlock.com\/de\/#organization","name":"Pathlock, Inc","url":"https:\/\/pathlock.com\/de\/","logo":{"@type":"ImageObject","inLanguage":"de","@id":"https:\/\/pathlock.com\/de\/#\/schema\/logo\/image\/","url":"https:\/\/pathlock.com\/wp-content\/uploads\/2021\/11\/Zrzut-ekranu-2021-11-17-o-10.56.42.png","contentUrl":"https:\/\/pathlock.com\/wp-content\/uploads\/2021\/11\/Zrzut-ekranu-2021-11-17-o-10.56.42.png","width":460,"height":148,"caption":"Pathlock, Inc"},"image":{"@id":"https:\/\/pathlock.com\/de\/#\/schema\/logo\/image\/"},"sameAs":["https:\/\/x.com\/pathlock","https:\/\/www.linkedin.com\/company\/pathlock","https:\/\/www.youtube.com\/channel\/UCgo4izMJ70K4gnyWQ_mP-OA"]}]}},"ACF":false,"_links":{"self":[{"href":"https:\/\/pathlock.com\/de\/wp-json\/wp\/v2\/pages\/32041","targetHints":{"allow":["GET"]}}],"collection":[{"href":"https:\/\/pathlock.com\/de\/wp-json\/wp\/v2\/pages"}],"about":[{"href":"https:\/\/pathlock.com\/de\/wp-json\/wp\/v2\/types\/page"}],"author":[{"embeddable":true,"href":"https:\/\/pathlock.com\/de\/wp-json\/wp\/v2\/users\/59"}],"replies":[{"embeddable":true,"href":"https:\/\/pathlock.com\/de\/wp-json\/wp\/v2\/comments?post=32041"}],"version-history":[{"count":0,"href":"https:\/\/pathlock.com\/de\/wp-json\/wp\/v2\/pages\/32041\/revisions"}],"wp:attachment":[{"href":"https:\/\/pathlock.com\/de\/wp-json\/wp\/v2\/media?parent=32041"}],"curies":[{"name":"wp","href":"https:\/\/api.w.org\/{rel}","templated":true}]}}