{"id":31950,"date":"2023-01-04T04:39:13","date_gmt":"2023-01-04T12:39:13","guid":{"rendered":"https:\/\/pathlockstg.wpengine.com\/?page_id=31950"},"modified":"2026-04-09T10:29:17","modified_gmt":"2026-04-09T14:29:17","slug":"events-webinare","status":"publish","type":"page","link":"https:\/\/pathlock.com\/de\/events-webinare\/","title":{"rendered":"Events &#038; Webinare"},"content":{"rendered":"\n\n    <link rel=\"stylesheet\" type=\"text\/css\" href=\"https:\/\/pathlock.com\/wp-content\/themes\/_pathlock-dist\/src\/css\/style.min.css?ver=1776945727\" \/>\n\n\n\n\n<section class=\"u-section\" data-aos=\"fade-in\">\n\n<div class=\"u-wrapper u-wrapper--large\">\n\n    <div class=\"news-listing-featured__item\" style=\"z-index:10\">\n        <div class=\"news-listing-featured__text\">\n\n            <span class=\"news-listing-featured__date\">Nutzen Sie die Chance zum Austausch mit uns<\/span>\n\n            <h1 class=\"news-listing-featured__title u-title u-title--big u-title--light\">Webinare, Events und Veranstaltungen<\/h1>\n\n            <div class=\"news-listing-featured__content u-content u-content--light\">\n                <p style=\"text-align: left;\">Treffen Sie unsere Access Governance und Cyber Security Experten pers\u00f6nlich bei unseren Events &amp; Webinaren.<\/p>\n            <\/div>\n\n            <div class=\"hero-blue__btn-hld u-btn-hld u-content--light\" style=\"z-index:10\">\n                <a class=\"hero-blue__btn u-btn\" href=\"https:\/\/pathlock.com\/de\/on-demand-webinare\/\" target=\"_self\">\n                    <span class=\"text\">Webinar verpasst? Zum Archiv&#8230;<\/span>\n                <\/a>\n            <\/div>\n\n        <\/div>   \n    <\/div>\n        <div class=\"news-listing-cover-img\">\n        <img style=\"height: 100%\"src=\"https:\/\/pathlock.com\/wp-content\/uploads\/fly-images\/32417\/iStock-1148379210-1-scaled-1200x900.jpg\" alt=\"Pathlock Deutschland Foto f\u00fcr Events, Webinare, Kongresse und Veranstaltungen\"\/>\n    <\/div>\n    \n        <\/div> \n    <\/div>\n\n<\/section>\n\n\n\n            <script>\n            \/\/ Function to get the 'cid' from URL parameters, cookies, or localStorage\n            function getCID() {\n                var cid = null;\n\n                \/\/ 1. Try to get 'cid' from URL parameters\n                var urlParams = new URLSearchParams(window.location.search);\n                if (urlParams.has('cid')) {\n                    cid = urlParams.get('cid');\n                }\n\n                \/\/ 2. If not in URL, try to get 'cid' from localStorage\n                if (!cid) {\n                    try {\n                    cid = localStorage.getItem('salesforce_campaign_id');\n                    } catch (e) {\n                    \/\/ Handle localStorage errors\n                    }\n                }\n\n                \/\/ 3. If not in localStorage, try to get 'cid' from cookies\n                if (!cid) {\n                    var value = \"; \" + document.cookie;\n                    var parts = value.split(\"; salesforce_campaign_id=\");\n                    if (parts.length === 2) {\n                    cid = parts.pop().split(\";\").shift();\n                    }\n                }\n\n                return cid;\n                }\n\n            var cid = getCID(); \/\/ Retrieve the cid value\n\n       \n            if(cid == null){\n                cid = \"701PZ00000IlEYNYA3\"\n                \n            }\n          \n            <\/script>\n<section class=\"u-section u-section--content    \" data-block=\"content\">\n\n    <div class=\"u-wrapper u-wrapper--normal\">\n        <div class=\"content-hld\" data-aos=\"fade-in\">\n\n            \n            \n                                    <div class=\"content__content u-content\">\n                <p style=\"text-align: left;\">Wir bieten Ihnen <strong>attraktive und informative Veranstaltungen<\/strong> und sind <strong>auf Kongressen vor Ort<\/strong>, um Ihre individuellen Fragen zu beantworten. So erfahren Sie aus erster Hand alles \u00fcber die Absicherung Ihrer ERP-Systeme.<\/p>\n            <\/div>\n            \n            \n        <\/div>\n\n    <\/div>\n\n    \n<\/section>\n\n\n\n            <script>\n            \/\/ Function to get the 'cid' from URL parameters, cookies, or localStorage\n            function getCID() {\n                var cid = null;\n\n                \/\/ 1. Try to get 'cid' from URL parameters\n                var urlParams = new URLSearchParams(window.location.search);\n                if (urlParams.has('cid')) {\n                    cid = urlParams.get('cid');\n                }\n\n                \/\/ 2. If not in URL, try to get 'cid' from localStorage\n                if (!cid) {\n                    try {\n                    cid = localStorage.getItem('salesforce_campaign_id');\n                    } catch (e) {\n                    \/\/ Handle localStorage errors\n                    }\n                }\n\n                \/\/ 3. If not in localStorage, try to get 'cid' from cookies\n                if (!cid) {\n                    var value = \"; \" + document.cookie;\n                    var parts = value.split(\"; salesforce_campaign_id=\");\n                    if (parts.length === 2) {\n                    cid = parts.pop().split(\";\").shift();\n                    }\n                }\n\n                return cid;\n                }\n\n            var cid = getCID(); \/\/ Retrieve the cid value\n\n       \n            if(cid == null){\n                cid = \"701PZ00000IlEYNYA3\"\n                \n            }\n          \n            <\/script>\n<section class=\"u-section u-section--content    \" data-block=\"content\">\n\n    <div class=\"u-wrapper u-wrapper--normal\">\n        <div class=\"content-hld\" data-aos=\"fade-in\">\n\n            \n            \n                        \n            \n        <\/div>\n\n    <\/div>\n\n    \n<\/section>\n\n\n\n            <script>\n            \/\/ Function to get the 'cid' from URL parameters, cookies, or localStorage\n            function getCID() {\n                var cid = null;\n\n                \/\/ 1. Try to get 'cid' from URL parameters\n                var urlParams = new URLSearchParams(window.location.search);\n                if (urlParams.has('cid')) {\n                    cid = urlParams.get('cid');\n                }\n\n                \/\/ 2. If not in URL, try to get 'cid' from localStorage\n                if (!cid) {\n                    try {\n                    cid = localStorage.getItem('salesforce_campaign_id');\n                    } catch (e) {\n                    \/\/ Handle localStorage errors\n                    }\n                }\n\n                \/\/ 3. If not in localStorage, try to get 'cid' from cookies\n                if (!cid) {\n                    var value = \"; \" + document.cookie;\n                    var parts = value.split(\"; salesforce_campaign_id=\");\n                    if (parts.length === 2) {\n                    cid = parts.pop().split(\";\").shift();\n                    }\n                }\n\n                return cid;\n                }\n\n            var cid = getCID(); \/\/ Retrieve the cid value\n\n       \n            if(cid == null){\n                cid = \"701PZ00000IlEYNYA3\"\n                \n            }\n          \n            <\/script>\n<section class=\"u-section u-section--content    \" data-block=\"content\">\n\n    <div class=\"u-wrapper u-wrapper--normal\">\n        <div class=\"content-hld\" data-aos=\"fade-in\">\n\n            \n            \n                        \n            \n        <\/div>\n\n    <\/div>\n\n    \n<\/section>\n\n\n\n            <script>\n            \/\/ Function to get the 'cid' from URL parameters, cookies, or localStorage\n            function getCID() {\n                var cid = null;\n\n                \/\/ 1. Try to get 'cid' from URL parameters\n                var urlParams = new URLSearchParams(window.location.search);\n                if (urlParams.has('cid')) {\n                    cid = urlParams.get('cid');\n                }\n\n                \/\/ 2. If not in URL, try to get 'cid' from localStorage\n                if (!cid) {\n                    try {\n                    cid = localStorage.getItem('salesforce_campaign_id');\n                    } catch (e) {\n                    \/\/ Handle localStorage errors\n                    }\n                }\n\n                \/\/ 3. If not in localStorage, try to get 'cid' from cookies\n                if (!cid) {\n                    var value = \"; \" + document.cookie;\n                    var parts = value.split(\"; salesforce_campaign_id=\");\n                    if (parts.length === 2) {\n                    cid = parts.pop().split(\";\").shift();\n                    }\n                }\n\n                return cid;\n                }\n\n            var cid = getCID(); \/\/ Retrieve the cid value\n\n       \n            if(cid == null){\n                cid = \"701PZ00000IlEYNYA3\"\n                \n            }\n          \n            <\/script>\n<section class=\"u-section u-section--content    \" data-block=\"content\">\n\n    <div class=\"u-wrapper u-wrapper--normal\">\n        <div class=\"content-hld\" data-aos=\"fade-in\">\n\n            \n            \n                        \n            \n        <\/div>\n\n    <\/div>\n\n    \n<\/section>\n\n\n\n\n<section class=\"u-section u-section--content is-centered gray-bg-img\" data-block=\"content\">\n\n    <div class=\"u-wrapper u-wrapper--normal\">\n\n        <div class=\"content-hld is-centered cta-gray-hld\" data-aos=\"fade-in\">\n\n                                                <div class=\"content__photo\" data-aos=\"fade-in\">\n                        <img class=\"js-lazy\" data-src=\"https:\/\/pathlock.com\/wp-content\/uploads\/2024\/12\/DSAG-TT_Banner-ohne-Infokasten_2025.png\" alt=\"DSAG-TT Thumbnail 2025\" \/>\n                    <\/div>\n                            \n                            <h2 class=\"content__title u-title u-title--normal\">DSAG-Technologietage 2025<\/h2>\n            \n                            <div class=\"content__content u-content\">\n                    <p><strong>2.+ 3. April in Wiesbaden<\/strong><\/p>\n<p>Auch 2025 beleuchtet die Deutschsprachige SAP-Anwendergruppe e.V. (DSAG) auf der zweit\u00e4gigen Fr\u00fchjahrsveranstaltung die relevantesten Entwicklungen und Trends im Technologiebereich rund um SAP.<\/p>\n<p>Unter dem Messemotto \u201eStrategy Royale: Call, Raise or Fold?\u201c dreht sich auf den DSAG-Technologietagen alles um gute Strategien und wohl\u00fcberlegte Entscheidungen, da sie die Grundlage f\u00fcr Investitionen in IT-L\u00f6sungen und SAP-Software bilden.<\/p>\n<p><strong>Wir freuen uns auf Ihren Besuch am Pathlock Messestand!<\/strong><\/p>\n                <\/div>\n            \n                            <div class=\"content__btn-hld u-btn-hld\">\n                    <a class=\"content__btn u-btn u-btn--alt\" href=\"https:\/\/dsag.de\/events\/techtage25\/\" target=\"_blank\">\n                        <span class=\"text\">Infos &amp; Anmeldung<\/span>\n                    <\/a>\n                <\/div>\n            \n        <\/div>\n\n    <\/div>\n\n<\/section>\n\n\n            <script>\n            \/\/ Function to get the 'cid' from URL parameters, cookies, or localStorage\n            function getCID() {\n                var cid = null;\n\n                \/\/ 1. Try to get 'cid' from URL parameters\n                var urlParams = new URLSearchParams(window.location.search);\n                if (urlParams.has('cid')) {\n                    cid = urlParams.get('cid');\n                }\n\n                \/\/ 2. If not in URL, try to get 'cid' from localStorage\n                if (!cid) {\n                    try {\n                    cid = localStorage.getItem('salesforce_campaign_id');\n                    } catch (e) {\n                    \/\/ Handle localStorage errors\n                    }\n                }\n\n                \/\/ 3. If not in localStorage, try to get 'cid' from cookies\n                if (!cid) {\n                    var value = \"; \" + document.cookie;\n                    var parts = value.split(\"; salesforce_campaign_id=\");\n                    if (parts.length === 2) {\n                    cid = parts.pop().split(\";\").shift();\n                    }\n                }\n\n                return cid;\n                }\n\n            var cid = getCID(); \/\/ Retrieve the cid value\n\n       \n            if(cid == null){\n                cid = \"701PZ00000IlEYNYA3\"\n                \n            }\n          \n            <\/script>\n<section class=\"u-section u-section--content    \" data-block=\"content\">\n\n    <div class=\"u-wrapper u-wrapper--normal\">\n        <div class=\"content-hld\" data-aos=\"fade-in\">\n\n            \n            \n                        \n            \n        <\/div>\n\n    <\/div>\n\n    \n<\/section>\n\n\n\n\n\n<section class=\"u-section u-section--blue-section is-blue js-container js-bg-shape-hld\" data-block=\"blue-section-content\" data-aos=\"fade-in\">\n\n    <div class=\"gradient js-gradient\">\n\n        <div class=\"bg-shape bg-shape--center-center js-bg-shape\" data-version=\"center-center\">\n            <img class=\"s1 js-s1 js-lazy\" data-src=\"https:\/\/pathlock.com\/wp-content\/themes\/_pathlock-dist\/src\/img\/shapes\/top-right-1.png\" alt=\"Background shape blurry blob\" style=\"opacity: 1; transform: translate3d(0px, 3.0432px, 0px) rotate(0.1522deg);\">\n            <img class=\"s2 js-s2 js-lazy\" data-src=\"https:\/\/pathlock.com\/wp-content\/themes\/_pathlock-dist\/src\/img\/shapes\/top-right-2.png\" alt=\"Background shape blurry blob\" style=\"transform: translate(0px, 0px); opacity: 0;\">\n            <img class=\"s3 js-s3 js-lazy\" data-src=\"https:\/\/pathlock.com\/wp-content\/themes\/_pathlock-dist\/src\/img\/shapes\/top-right-3.png\" alt=\"Background shape blurry blob\" style=\"opacity: 0; transform: translate(0px, 0px);\">\n        <\/div>\n    <\/div>\n\n\t<div class=\"u-wrapper\" data-aos=\"fade-in\">\n\n                <h2 class=\"blue-section__title u-title u-title--normal u-title--center u-title--light\">\n            Webinar verpasst? Kein Problem!        <\/h2>\n        \n                <div class=\"blue-section__content u-content u-content--light u-content--center\">\n            <p>Sie finden viele verwandte Themen in unserem\u00a0Webinar-Archiv.<\/p>\n        <\/div>\n        \n                    <div class=\"blue-section__btn-hld u-btn-hld\">\n                <a class=\"tile-slider__btn u-btn u-btn--normal u-btn--light\" href=\"https:\/\/pathlock.com\/de\/on-demand-webinare\/\" target=\"_self\">\n                    <span class=\"text\">On demand Webinare<\/span>\n                <\/a>\n            <\/div>\n            <\/div>\n\n<\/section>\n\n\n\n\n\n<section class=\"u-section u-section--content is-centered gray-bg-img\" data-block=\"content\">\n\n    <div class=\"u-wrapper u-wrapper--normal\">\n\n        <div class=\"content-hld is-centered cta-gray-hld\" data-aos=\"fade-in\">\n\n                                                <div class=\"content__photo\" data-aos=\"fade-in\">\n                        <img class=\"js-lazy\" data-src=\"https:\/\/pathlock.com\/wp-content\/uploads\/2023\/03\/Oracle-EBS-SSO-1.png\" alt=\"\" \/>\n                    <\/div>\n                            \n            \n                            <div class=\"content__content u-content\">\n                    <h3><strong><a href=\"https:\/\/pathlock.com\/de\/blog\/\">Blogbeitr\u00e4ge &amp; Praxistipps\u00a0<\/a><\/strong><\/h3>\n<p>Unsere IT-Security-Experten halten Sie stets auf dem Laufenden.<\/p>\n                <\/div>\n            \n            \n        <\/div>\n\n    <\/div>\n\n<\/section>","protected":false},"excerpt":{"rendered":"","protected":false},"author":59,"featured_media":0,"parent":0,"menu_order":0,"comment_status":"closed","ping_status":"closed","template":"","meta":{"_acf_changed":true,"footnotes":""},"class_list":["post-31950","page","type-page","status-publish","hentry"],"acf":[],"yoast_head":"<!-- This site is optimized with the Yoast SEO Premium plugin v27.3 (Yoast SEO v27.3) - https:\/\/yoast.com\/product\/yoast-seo-premium-wordpress\/ -->\n<title>Events &amp; Webinare von Pathlock Deutschland<\/title>\n<meta name=\"description\" content=\"Treffen Sie unsere IT Security-Experten: Live-Events und Webinare, Expert Talks, Messen und Veranstaltungen - viele Tipps und Praxisbeispiele.\" \/>\n<meta name=\"robots\" content=\"index, follow, max-snippet:-1, max-image-preview:large, max-video-preview:-1\" \/>\n<link rel=\"canonical\" href=\"https:\/\/pathlock.com\/de\/events-webinare\/\" \/>\n<meta property=\"og:locale\" content=\"de_DE\" \/>\n<meta property=\"og:type\" content=\"article\" \/>\n<meta property=\"og:title\" content=\"Events &amp; Webinare von Pathlock Deutschland\" \/>\n<meta property=\"og:description\" content=\"Treffen Sie unsere IT Security-Experten: Live-Events und Webinare, Expert Talks, Messen und Veranstaltungen - viele Tipps und Praxisbeispiele.\" \/>\n<meta property=\"og:url\" content=\"https:\/\/pathlock.com\/de\/events-webinare\/\" \/>\n<meta property=\"og:site_name\" content=\"Pathlock\" \/>\n<meta property=\"article:modified_time\" content=\"2026-04-09T14:29:17+00:00\" \/>\n<meta property=\"og:image\" content=\"https:\/\/pathlock.com\/wp-content\/uploads\/2023\/02\/iStock-1148379210-1-scaled.jpg\" \/>\n\t<meta property=\"og:image:width\" content=\"2560\" \/>\n\t<meta property=\"og:image:height\" content=\"683\" \/>\n\t<meta property=\"og:image:type\" content=\"image\/jpeg\" \/>\n<meta name=\"twitter:card\" content=\"summary_large_image\" \/>\n<meta name=\"twitter:title\" content=\"Events &amp; Webinare von Pathlock Deutschland\" \/>\n<meta name=\"twitter:description\" content=\"Treffen Sie unsere IT Security-Experten: Live-Events und Webinare, Expert Talks, Messen und Veranstaltungen - viele Tipps und Praxisbeispiele.\" \/>\n<meta name=\"twitter:site\" content=\"@pathlock\" \/>\n<script type=\"application\/ld+json\" class=\"yoast-schema-graph\">{\"@context\":\"https:\\\/\\\/schema.org\",\"@graph\":[{\"@type\":\"WebPage\",\"@id\":\"https:\\\/\\\/pathlock.com\\\/de\\\/events-webinare\\\/\",\"url\":\"https:\\\/\\\/pathlock.com\\\/de\\\/events-webinare\\\/\",\"name\":\"Events & Webinare von Pathlock Deutschland\",\"isPartOf\":{\"@id\":\"https:\\\/\\\/pathlock.com\\\/de\\\/#website\"},\"datePublished\":\"2023-01-04T12:39:13+00:00\",\"dateModified\":\"2026-04-09T14:29:17+00:00\",\"description\":\"Treffen Sie unsere IT Security-Experten: Live-Events und Webinare, Expert Talks, Messen und Veranstaltungen - viele Tipps und Praxisbeispiele.\",\"breadcrumb\":{\"@id\":\"https:\\\/\\\/pathlock.com\\\/de\\\/events-webinare\\\/#breadcrumb\"},\"inLanguage\":\"de\",\"potentialAction\":[{\"@type\":\"ReadAction\",\"target\":[\"https:\\\/\\\/pathlock.com\\\/de\\\/events-webinare\\\/\"]}]},{\"@type\":\"BreadcrumbList\",\"@id\":\"https:\\\/\\\/pathlock.com\\\/de\\\/events-webinare\\\/#breadcrumb\",\"itemListElement\":[{\"@type\":\"ListItem\",\"position\":1,\"name\":\"Home\",\"item\":\"https:\\\/\\\/pathlock.com\\\/de\\\/\"},{\"@type\":\"ListItem\",\"position\":2,\"name\":\"Events &#038; Webinare\"}]},{\"@type\":\"WebSite\",\"@id\":\"https:\\\/\\\/pathlock.com\\\/de\\\/#website\",\"url\":\"https:\\\/\\\/pathlock.com\\\/de\\\/\",\"name\":\"Pathlock\",\"description\":\"The Leader in Application Security and Controls Automation\",\"publisher\":{\"@id\":\"https:\\\/\\\/pathlock.com\\\/de\\\/#organization\"},\"potentialAction\":[{\"@type\":\"SearchAction\",\"target\":{\"@type\":\"EntryPoint\",\"urlTemplate\":\"https:\\\/\\\/pathlock.com\\\/de\\\/?s={search_term_string}\"},\"query-input\":{\"@type\":\"PropertyValueSpecification\",\"valueRequired\":true,\"valueName\":\"search_term_string\"}}],\"inLanguage\":\"de\"},{\"@type\":\"Organization\",\"@id\":\"https:\\\/\\\/pathlock.com\\\/de\\\/#organization\",\"name\":\"Pathlock, Inc\",\"url\":\"https:\\\/\\\/pathlock.com\\\/de\\\/\",\"logo\":{\"@type\":\"ImageObject\",\"inLanguage\":\"de\",\"@id\":\"https:\\\/\\\/pathlock.com\\\/de\\\/#\\\/schema\\\/logo\\\/image\\\/\",\"url\":\"https:\\\/\\\/pathlock.com\\\/wp-content\\\/uploads\\\/2021\\\/11\\\/Zrzut-ekranu-2021-11-17-o-10.56.42.png\",\"contentUrl\":\"https:\\\/\\\/pathlock.com\\\/wp-content\\\/uploads\\\/2021\\\/11\\\/Zrzut-ekranu-2021-11-17-o-10.56.42.png\",\"width\":460,\"height\":148,\"caption\":\"Pathlock, Inc\"},\"image\":{\"@id\":\"https:\\\/\\\/pathlock.com\\\/de\\\/#\\\/schema\\\/logo\\\/image\\\/\"},\"sameAs\":[\"https:\\\/\\\/x.com\\\/pathlock\",\"https:\\\/\\\/www.linkedin.com\\\/company\\\/pathlock\",\"https:\\\/\\\/www.youtube.com\\\/channel\\\/UCgo4izMJ70K4gnyWQ_mP-OA\"]}]}<\/script>\n<!-- \/ Yoast SEO Premium plugin. -->","yoast_head_json":{"title":"Events & Webinare von Pathlock Deutschland","description":"Treffen Sie unsere IT Security-Experten: Live-Events und Webinare, Expert Talks, Messen und Veranstaltungen - viele Tipps und Praxisbeispiele.","robots":{"index":"index","follow":"follow","max-snippet":"max-snippet:-1","max-image-preview":"max-image-preview:large","max-video-preview":"max-video-preview:-1"},"canonical":"https:\/\/pathlock.com\/de\/events-webinare\/","og_locale":"de_DE","og_type":"article","og_title":"Events & Webinare von Pathlock Deutschland","og_description":"Treffen Sie unsere IT Security-Experten: Live-Events und Webinare, Expert Talks, Messen und Veranstaltungen - viele Tipps und Praxisbeispiele.","og_url":"https:\/\/pathlock.com\/de\/events-webinare\/","og_site_name":"Pathlock","article_modified_time":"2026-04-09T14:29:17+00:00","og_image":[{"width":2560,"height":683,"url":"https:\/\/pathlock.com\/wp-content\/uploads\/2023\/02\/iStock-1148379210-1-scaled.jpg","type":"image\/jpeg"}],"twitter_card":"summary_large_image","twitter_title":"Events & Webinare von Pathlock Deutschland","twitter_description":"Treffen Sie unsere IT Security-Experten: Live-Events und Webinare, Expert Talks, Messen und Veranstaltungen - viele Tipps und Praxisbeispiele.","twitter_site":"@pathlock","schema":{"@context":"https:\/\/schema.org","@graph":[{"@type":"WebPage","@id":"https:\/\/pathlock.com\/de\/events-webinare\/","url":"https:\/\/pathlock.com\/de\/events-webinare\/","name":"Events & Webinare von Pathlock Deutschland","isPartOf":{"@id":"https:\/\/pathlock.com\/de\/#website"},"datePublished":"2023-01-04T12:39:13+00:00","dateModified":"2026-04-09T14:29:17+00:00","description":"Treffen Sie unsere IT Security-Experten: Live-Events und Webinare, Expert Talks, Messen und Veranstaltungen - viele Tipps und Praxisbeispiele.","breadcrumb":{"@id":"https:\/\/pathlock.com\/de\/events-webinare\/#breadcrumb"},"inLanguage":"de","potentialAction":[{"@type":"ReadAction","target":["https:\/\/pathlock.com\/de\/events-webinare\/"]}]},{"@type":"BreadcrumbList","@id":"https:\/\/pathlock.com\/de\/events-webinare\/#breadcrumb","itemListElement":[{"@type":"ListItem","position":1,"name":"Home","item":"https:\/\/pathlock.com\/de\/"},{"@type":"ListItem","position":2,"name":"Events &#038; Webinare"}]},{"@type":"WebSite","@id":"https:\/\/pathlock.com\/de\/#website","url":"https:\/\/pathlock.com\/de\/","name":"Pathlock","description":"The Leader in Application Security and Controls Automation","publisher":{"@id":"https:\/\/pathlock.com\/de\/#organization"},"potentialAction":[{"@type":"SearchAction","target":{"@type":"EntryPoint","urlTemplate":"https:\/\/pathlock.com\/de\/?s={search_term_string}"},"query-input":{"@type":"PropertyValueSpecification","valueRequired":true,"valueName":"search_term_string"}}],"inLanguage":"de"},{"@type":"Organization","@id":"https:\/\/pathlock.com\/de\/#organization","name":"Pathlock, Inc","url":"https:\/\/pathlock.com\/de\/","logo":{"@type":"ImageObject","inLanguage":"de","@id":"https:\/\/pathlock.com\/de\/#\/schema\/logo\/image\/","url":"https:\/\/pathlock.com\/wp-content\/uploads\/2021\/11\/Zrzut-ekranu-2021-11-17-o-10.56.42.png","contentUrl":"https:\/\/pathlock.com\/wp-content\/uploads\/2021\/11\/Zrzut-ekranu-2021-11-17-o-10.56.42.png","width":460,"height":148,"caption":"Pathlock, Inc"},"image":{"@id":"https:\/\/pathlock.com\/de\/#\/schema\/logo\/image\/"},"sameAs":["https:\/\/x.com\/pathlock","https:\/\/www.linkedin.com\/company\/pathlock","https:\/\/www.youtube.com\/channel\/UCgo4izMJ70K4gnyWQ_mP-OA"]}]}},"ACF":false,"_links":{"self":[{"href":"https:\/\/pathlock.com\/de\/wp-json\/wp\/v2\/pages\/31950","targetHints":{"allow":["GET"]}}],"collection":[{"href":"https:\/\/pathlock.com\/de\/wp-json\/wp\/v2\/pages"}],"about":[{"href":"https:\/\/pathlock.com\/de\/wp-json\/wp\/v2\/types\/page"}],"author":[{"embeddable":true,"href":"https:\/\/pathlock.com\/de\/wp-json\/wp\/v2\/users\/59"}],"replies":[{"embeddable":true,"href":"https:\/\/pathlock.com\/de\/wp-json\/wp\/v2\/comments?post=31950"}],"version-history":[{"count":0,"href":"https:\/\/pathlock.com\/de\/wp-json\/wp\/v2\/pages\/31950\/revisions"}],"wp:attachment":[{"href":"https:\/\/pathlock.com\/de\/wp-json\/wp\/v2\/media?parent=31950"}],"curies":[{"name":"wp","href":"https:\/\/api.w.org\/{rel}","templated":true}]}}