{"id":31748,"date":"2022-12-27T23:59:27","date_gmt":"2022-12-28T07:59:27","guid":{"rendered":"https:\/\/pathlockstg.wpengine.com\/?page_id=31748"},"modified":"2026-04-09T10:27:36","modified_gmt":"2026-04-09T14:27:36","slug":"datenschutz","status":"publish","type":"page","link":"https:\/\/pathlock.com\/de\/datenschutz\/","title":{"rendered":"Datenschutz"},"content":{"rendered":"\n\n    <link rel=\"stylesheet\" type=\"text\/css\" href=\"https:\/\/pathlock.com\/wp-content\/themes\/_pathlock-dist\/src\/css\/style.min.css?ver=1776687882\" \/>\n\n\n\n\n<section class=\"u-section u-section--privacy-content !mt-0 pt-[120px]\" >\n\n    <div class=\"u-wrapper u-wrapper--normal\">\n\n        <div class=\"privacy-content-hld\">\n\n            <div class=\"privacy-content__left\">\n\n                \n                \n                                <div class=\"privacy-content__content u-content js-news-details-scroller-content\">\n                    <h2>Datenschutzerkl\u00e4rung<\/h2>\n<p>Wir freuen uns \u00fcber Ihr Interesse an unserem Unternehmen und m\u00f6chten, dass Sie sich beim Besuch unserer Internetseiten auch hinsichtlich des Schutzes Ihrer personenbezogenen Daten sicher f\u00fchlen. Wir nehmen den Schutz Ihrer personenbezogenen Daten sehr ernst. Die Beachtung der gesetzlichen Bestimmungen ist f\u00fcr uns daher eine Selbstverst\u00e4ndlichkeit.<\/p>\n<p>Diese Informationen dienen dazu, Sie als Besucher \u00fcber unsere Richtlinien bez\u00fcglich der Sammlung, Verwendung und Offenlegung ihrer pers\u00f6nlichen Daten zu informieren, falls sie Services\/Angebote auf unserer Internetseite nutzen m\u00f6chten.<\/p>\n<p>Wenn Sie sich hierf\u00fcr entscheiden, erkl\u00e4ren Sie sich mit der Erfassung und Nutzung von Informationen in Verbindung mit dieser Richtlinie einverstanden. Die von uns gesammelten pers\u00f6nlichen Daten werden f\u00fcr die Bereitstellung und Verbesserung des Dienstes verwendet. Wir werden Ihre Informationen jedoch ausschlie\u00dflich wie in dieser Datenschutzrichtlinie beschrieben verwenden oder weitergeben.<\/p>\n<p>Die in dieser Datenschutzrichtlinie verwendeten Begrifflichkeiten haben \u2013 sofern nicht anders definiert \u2013 die gleiche Bedeutung wie in unseren Allgemeinen Gesch\u00e4ftsbedingungen, die Sie ebenfalls unter www.pathlock.com finden.<\/p>\n<h2><strong>Erhebung\/Verarbeitung und Nutzung personenbezogener Daten<\/strong><\/h2>\n<p>Um Ihnen die Nutzung unseres Internetservices m\u00f6glichst einfach zu machen, m\u00f6chten wir Sie bitten, uns notwendige personenbezogene Daten mitzuteilen (beispielsweise Ihren Namen, Telefonnummer oder Adresse). Nur anhand dieser Informationen ist es uns m\u00f6glich, Sie zu identifizieren und mit Ihnen Kontakt aufzunehmen.<\/p>\n<p>Daf\u00fcr nutzen wir auf unserer Internetseite f\u00fcr verschiedene Zweck den Dienst HubSpot, ein Softwareunternehmen aus den USA mit einer Niederlassung in Irland. Bei HubSpot handelt es sich um eine integrierte Software-L\u00f6sung, um verschiedene Aspekte des Onlinemarketings abzudecken. Dazu z\u00e4hlen unter anderem: Landingpages, Kontaktformulare, E-Mail-Marketing, Social Media Publishing, Reportings sowie Kontaktmanagement. Die Rechtsgrundlage der Verarbeitung Ihrer Daten ist die Einwilligung gem\u00e4\u00df Art. 6 Abs. 1 lit. a DSGVO in dessen Rahmen Daten auch in die USA \u00fcbermittelt werden k\u00f6nnten.<\/p>\n<p>Die Sicherheit der \u00dcbermittlung wird \u00fcber sog. Standardvertragsklauseln abgesichert, die gew\u00e4hrleisten, dass die Verarbeitung Ihrer personenbezogenen Daten einem Sicherheitsniveau unterliegen, dass dem der DSGVO entspricht. Sofern die Standardvertragsklauseln nicht ausreichen, um ein ad\u00e4quates Sicherheitsniveau herzustellen kann die Einwilligung gem\u00e4\u00df Art. 49 Abs. 1 lit. a DSGVO als Rechtsgrundlage f\u00fcr die \u00dcbermittlung in Drittl\u00e4nder dienen.<\/p>\n<h2>Protokolldaten<\/h2>\n<p>Wir m\u00f6chten Sie dar\u00fcber informieren, dass wir jedes Mal, wenn Sie unsere Webseite besuchen, sogenannte Protokolldaten sammeln, die Ihr Browser an uns sendet. Diese Protokolldaten k\u00f6nnen Informationen enthalten wie Ihre Internetprotokolladresse (&#8222;IP&#8220;), Browserversion, besuchte Webseiten, Uhrzeit\/Datum oder die Verweildauer auf einzelnen Seiten. Auch hierf\u00fcr nutzen wir HubSpot. Diese Daten werden in keinem Fall an dritte Unternehmen, Personen oder Institutionen ver\u00e4u\u00dfert oder weitergegeben.<\/p>\n<h2>Cookies<\/h2>\n<p>Cookies sind Dateien, die in der Regel als anonyme eindeutige Kennung verwendet werden. Sie werden von der Webseite, die Sie besuchen, an Ihren Browser gesendet und auf Ihrem Endger\u00e4t gespeichert.<\/p>\n<p>Unsere Website verwendet diese &#8222;Cookies&#8220;, um unseren Service stetig weiter zu verbessern. Sie haben die M\u00f6glichkeit, diese Cookies abzulehnen oder zu akzeptieren und zu erfahren, wann ein Cookie an Ihren Computer gesendet wird. Wenn Sie sich entscheiden diese abzulehnen, k\u00f6nnen Sie m\u00f6glicherweise einige Teile unseres Angebots nicht nutzen.<\/p>\n<p>Alle erfassten Informationen unterliegen dieser\u00a0 Datenschutzbestimmung und dienen ausschlie\u00dflich zur Optimierung unserer Marketingma\u00dfnahmen.<\/p>\n<h2>Dienstleistungsunternehmen<\/h2>\n<p>Wir k\u00f6nnten Drittunternehmen und Einzelpersonen aus den folgenden Gr\u00fcnden besch\u00e4ftigen:<br \/>\n\u2022 Um unseren Service zu vereinfachen<br \/>\n\u2022 F\u00fcr die Bereitstellung des Service in unserem Namen<br \/>\n\u2022 Um Serviceleistungen zu erbringen<br \/>\n\u2022 Um uns bei der Nutzungsanalyse zu unterst\u00fctzen<\/p>\n<p>Wir m\u00f6chten Sie dar\u00fcber informieren, dass diese Drittparteien Zugang zu Ihren pers\u00f6nlichen Daten ben\u00f6tigen, um die von uns \u00fcbertragenen Aufgaben in unserem Namen ausf\u00fchren zu k\u00f6nnen. Alle sind jedoch verpflichtet, diese nicht f\u00fcr andere Zwecke weiterzugeben oder zu verwenden.<\/p>\n<h2>Sicherheit<\/h2>\n<p>Wir wissen es zu sch\u00e4tzen, dass Sie uns Ihre pers\u00f6nlichen Daten anvertrauen und bem\u00fchen uns, sie mit allen wirtschaftlich vertretbaren Mitteln zu sch\u00fctzen. Jedoch ist keine Methode der \u00dcbertragung \u00fcber das Internet oder der elektronischen Speicherung zu 100% sicher und zuverl\u00e4ssig und so k\u00f6nnen wir keine absolute Sicherheit garantieren.<\/p>\n<h2>Auskunfts- und Widerrufsrecht<\/h2>\n<p>Wenn Sie weitergehende Fragen haben, schreiben Sie uns gerne:<\/p>\n<p><strong>Pathlock Inc.<\/strong><br \/>\nTobias Mau\u00df<br \/>\nData Protection Officer<br \/>\n<a href=\"mailto:dpo.de@pathlock.com\">dpo.de@pathlock.com<\/a><\/p>\n<h2>Ihre weiteren Rechte<\/h2>\n<p>Sie haben das Recht auf Auskunft \u00fcber die Sie betreffenden personenbezogenen Daten. Sie k\u00f6nnen sich f\u00fcr eine Auskunft jederzeit an uns wenden. Bei einer Auskunftsanfrage, die nicht schriftlich erfolgt, bitten wir um Verst\u00e4ndnis daf\u00fcr, dass wir ggf. Nachweise verlangen, die belegen, dass Sie die Person sind, f\u00fcr die Sie sich ausgeben.<\/p>\n<p>Ferner haben Sie ein Recht auf Berichtigung, L\u00f6schung oder auf Einschr\u00e4nkung der Verarbeitung, soweit Ihnen dies gesetzlich zusteht. Gleiches gilt f\u00fcr ein Recht auf Daten\u00fcbertragbarkeit. Au\u00dferdem haben Sie das Recht, sich \u00fcber die Verarbeitung personenbezogenen Daten durch uns bei einer Aufsichtsbeh\u00f6rde f\u00fcr den Datenschutz zu beschweren.<\/p>\n<h2>Links zu anderen Seiten<\/h2>\n<p>Unser Internetservice kann Links zu anderen Websites enthalten. Wenn Sie auf einen Link eines Drittanbieters klicken, werden Sie zu dieser Seite weitergeleitet. Bitte beachten Sie, dass diese externen Webseiten nicht von uns betrieben werden. Wir empfehlen daher dringend, auch die Datenschutzrichtlinien dieser Websites zu lesen. Wir haben keinen Einfluss \u00fcber deren Inhalt und \u00fcbernehmen daher auch keine Verantwortung f\u00fcr die Datenschutzrichtlinien oder die Vorgehensweisen dieser Drittanbieter.<\/p>\n<h2>\u00c4nderungen an unserer Datenschutzrichtlinie<\/h2>\n<p>Wir k\u00f6nnten unsere Datenschutzrichtlinie von Zeit zu Zeit aktualisieren. Wir empfehlen Ihnen daher, sie regelm\u00e4\u00dfig auf \u00c4nderungen zu \u00fcberpr\u00fcfen. \u00dcber alle Anpassungen informieren wir, indem wir die neue Datenschutzrichtlinie auf dieser Seite ver\u00f6ffentlichen. Die \u00c4nderungen treten jeweils sofort in Kraft, nachdem sie ver\u00f6ffentlicht wurden.<\/p>\n<h2>Name\/Firma und Anschrift der verantwortlichen Stelle<\/h2>\n<p><strong>Pathlock Deutschland GmbH<\/strong><br \/>\nWerner-Otto-Str. 6<br \/>\n22179 Hamburg | Deutschland<\/p>\n<p>+49 40 23 96 95 12-0<br \/>\n<a href=\"mailto:hamburg@pathlock.com\" target=\"_blank\" rel=\"noopener\">hamburg@pathlock.com<\/a><\/p>\n<p>Registergericht: Hamburg<br \/>\nRegisternummer: HRB 177409<br \/>\nUmsatzsteuer-Identnummer: DE 354 299 683<\/p>\n<p><strong>Leiter der verantwortlichen Stelle und der Datenverarbeitung:<\/strong><\/p>\n<p>Tobias Mau\u00df<br \/>\nData Protection Officer<br \/>\n<a href=\"mailto:dpo.de@pathlock.com\">dpo.de@pathlock.com<\/a><\/p>\n                <\/div>\n                \n            <\/div>\n\n            <div class=\"privacy-content__right\">\n\n                <div class=\"privacy-content__scroll-hld\">\n\n                    <div class=\"privacy-content__scroll js-news-details-scroller-hld\">\n\n                        <span class=\"title\">Inhaltsverzeichnis<\/span>\n\n                        <ul class=\"js-news-details-scroller\">\n\n                            <li data-scroll-id=\"-1\" class=\"js-scroll-to-h1 is-active\">General<\/li>\n\n                        <\/ul>\n\n                    <\/div>\n\n                <\/div>\n\n            <\/div>\n\n        <\/div>\n\n    <\/div>\n\n<\/section>\n\n","protected":false},"excerpt":{"rendered":"","protected":false},"author":59,"featured_media":0,"parent":0,"menu_order":0,"comment_status":"closed","ping_status":"closed","template":"","meta":{"_acf_changed":true,"footnotes":""},"class_list":["post-31748","page","type-page","status-publish","hentry"],"acf":[],"yoast_head":"<!-- This site is optimized with the Yoast SEO Premium plugin v27.3 (Yoast SEO v27.4) - https:\/\/yoast.com\/product\/yoast-seo-premium-wordpress\/ -->\n<title>Pathlock Deutschland GmbH | Datenschutzerkl\u00e4rung<\/title>\n<meta name=\"description\" content=\"Lesen Sie unsere Datenschutzerkl\u00e4rung, denn wir m\u00f6chten, dass Sie sich beim Besuch unserer Internetseiten sicher f\u00fchlen.\" \/>\n<meta name=\"robots\" content=\"index, follow, max-snippet:-1, max-image-preview:large, max-video-preview:-1\" \/>\n<link rel=\"canonical\" href=\"https:\/\/pathlock.com\/de\/datenschutz\/\" \/>\n<meta property=\"og:locale\" content=\"de_DE\" \/>\n<meta property=\"og:type\" content=\"article\" \/>\n<meta property=\"og:title\" content=\"Pathlock Deutschland | Datenschutzerkl\u00e4rung\" \/>\n<meta property=\"og:description\" content=\"Wir m\u00f6chten, dass Sie sich beim Besuch unserer Internetseiten hinsichtlich des Schutzes Ihrer personenbezogenen Daten sicher f\u00fchlen.\" \/>\n<meta property=\"og:url\" content=\"https:\/\/pathlock.com\/de\/datenschutz\/\" \/>\n<meta property=\"og:site_name\" content=\"Pathlock\" \/>\n<meta property=\"article:modified_time\" content=\"2026-04-09T14:27:36+00:00\" \/>\n<meta property=\"og:image\" content=\"https:\/\/pathlock.com\/wp-content\/uploads\/2025\/06\/OpenGraph-Pathlock-Logo.webp\" \/>\n\t<meta property=\"og:image:width\" content=\"1200\" \/>\n\t<meta property=\"og:image:height\" content=\"630\" \/>\n\t<meta property=\"og:image:type\" content=\"image\/webp\" \/>\n<meta name=\"twitter:card\" content=\"summary_large_image\" \/>\n<meta name=\"twitter:title\" content=\"Pathlock Deutschland | Datenschutzerkl\u00e4rung\" \/>\n<meta name=\"twitter:description\" content=\"Wir m\u00f6chten, dass Sie sich beim Besuch unserer Internetseiten hinsichtlich des Schutzes Ihrer personenbezogenen Daten sicher f\u00fchlen.\" \/>\n<meta name=\"twitter:site\" content=\"@pathlock\" \/>\n<script type=\"application\/ld+json\" class=\"yoast-schema-graph\">{\"@context\":\"https:\\\/\\\/schema.org\",\"@graph\":[{\"@type\":\"WebPage\",\"@id\":\"https:\\\/\\\/pathlock.com\\\/de\\\/datenschutz\\\/\",\"url\":\"https:\\\/\\\/pathlock.com\\\/de\\\/datenschutz\\\/\",\"name\":\"Pathlock Deutschland GmbH | Datenschutzerkl\u00e4rung\",\"isPartOf\":{\"@id\":\"https:\\\/\\\/pathlock.com\\\/de\\\/#website\"},\"datePublished\":\"2022-12-28T07:59:27+00:00\",\"dateModified\":\"2026-04-09T14:27:36+00:00\",\"description\":\"Lesen Sie unsere Datenschutzerkl\u00e4rung, denn wir m\u00f6chten, dass Sie sich beim Besuch unserer Internetseiten sicher f\u00fchlen.\",\"breadcrumb\":{\"@id\":\"https:\\\/\\\/pathlock.com\\\/de\\\/datenschutz\\\/#breadcrumb\"},\"inLanguage\":\"de\",\"potentialAction\":[{\"@type\":\"ReadAction\",\"target\":[\"https:\\\/\\\/pathlock.com\\\/de\\\/datenschutz\\\/\"]}]},{\"@type\":\"BreadcrumbList\",\"@id\":\"https:\\\/\\\/pathlock.com\\\/de\\\/datenschutz\\\/#breadcrumb\",\"itemListElement\":[{\"@type\":\"ListItem\",\"position\":1,\"name\":\"Home\",\"item\":\"https:\\\/\\\/pathlock.com\\\/de\\\/\"},{\"@type\":\"ListItem\",\"position\":2,\"name\":\"Datenschutz\"}]},{\"@type\":\"WebSite\",\"@id\":\"https:\\\/\\\/pathlock.com\\\/de\\\/#website\",\"url\":\"https:\\\/\\\/pathlock.com\\\/de\\\/\",\"name\":\"Pathlock\",\"description\":\"The Leader in Application Security and Controls Automation\",\"publisher\":{\"@id\":\"https:\\\/\\\/pathlock.com\\\/de\\\/#organization\"},\"potentialAction\":[{\"@type\":\"SearchAction\",\"target\":{\"@type\":\"EntryPoint\",\"urlTemplate\":\"https:\\\/\\\/pathlock.com\\\/de\\\/?s={search_term_string}\"},\"query-input\":{\"@type\":\"PropertyValueSpecification\",\"valueRequired\":true,\"valueName\":\"search_term_string\"}}],\"inLanguage\":\"de\"},{\"@type\":\"Organization\",\"@id\":\"https:\\\/\\\/pathlock.com\\\/de\\\/#organization\",\"name\":\"Pathlock, Inc\",\"url\":\"https:\\\/\\\/pathlock.com\\\/de\\\/\",\"logo\":{\"@type\":\"ImageObject\",\"inLanguage\":\"de\",\"@id\":\"https:\\\/\\\/pathlock.com\\\/de\\\/#\\\/schema\\\/logo\\\/image\\\/\",\"url\":\"https:\\\/\\\/pathlock.com\\\/wp-content\\\/uploads\\\/2021\\\/11\\\/Zrzut-ekranu-2021-11-17-o-10.56.42.png\",\"contentUrl\":\"https:\\\/\\\/pathlock.com\\\/wp-content\\\/uploads\\\/2021\\\/11\\\/Zrzut-ekranu-2021-11-17-o-10.56.42.png\",\"width\":460,\"height\":148,\"caption\":\"Pathlock, Inc\"},\"image\":{\"@id\":\"https:\\\/\\\/pathlock.com\\\/de\\\/#\\\/schema\\\/logo\\\/image\\\/\"},\"sameAs\":[\"https:\\\/\\\/x.com\\\/pathlock\",\"https:\\\/\\\/www.linkedin.com\\\/company\\\/pathlock\",\"https:\\\/\\\/www.youtube.com\\\/channel\\\/UCgo4izMJ70K4gnyWQ_mP-OA\"]}]}<\/script>\n<!-- \/ Yoast SEO Premium plugin. -->","yoast_head_json":{"title":"Pathlock Deutschland GmbH | Datenschutzerkl\u00e4rung","description":"Lesen Sie unsere Datenschutzerkl\u00e4rung, denn wir m\u00f6chten, dass Sie sich beim Besuch unserer Internetseiten sicher f\u00fchlen.","robots":{"index":"index","follow":"follow","max-snippet":"max-snippet:-1","max-image-preview":"max-image-preview:large","max-video-preview":"max-video-preview:-1"},"canonical":"https:\/\/pathlock.com\/de\/datenschutz\/","og_locale":"de_DE","og_type":"article","og_title":"Pathlock Deutschland | Datenschutzerkl\u00e4rung","og_description":"Wir m\u00f6chten, dass Sie sich beim Besuch unserer Internetseiten hinsichtlich des Schutzes Ihrer personenbezogenen Daten sicher f\u00fchlen.","og_url":"https:\/\/pathlock.com\/de\/datenschutz\/","og_site_name":"Pathlock","article_modified_time":"2026-04-09T14:27:36+00:00","og_image":[{"width":1200,"height":630,"url":"https:\/\/pathlock.com\/wp-content\/uploads\/2025\/06\/OpenGraph-Pathlock-Logo.webp","type":"image\/webp"}],"twitter_card":"summary_large_image","twitter_title":"Pathlock Deutschland | Datenschutzerkl\u00e4rung","twitter_description":"Wir m\u00f6chten, dass Sie sich beim Besuch unserer Internetseiten hinsichtlich des Schutzes Ihrer personenbezogenen Daten sicher f\u00fchlen.","twitter_site":"@pathlock","schema":{"@context":"https:\/\/schema.org","@graph":[{"@type":"WebPage","@id":"https:\/\/pathlock.com\/de\/datenschutz\/","url":"https:\/\/pathlock.com\/de\/datenschutz\/","name":"Pathlock Deutschland GmbH | Datenschutzerkl\u00e4rung","isPartOf":{"@id":"https:\/\/pathlock.com\/de\/#website"},"datePublished":"2022-12-28T07:59:27+00:00","dateModified":"2026-04-09T14:27:36+00:00","description":"Lesen Sie unsere Datenschutzerkl\u00e4rung, denn wir m\u00f6chten, dass Sie sich beim Besuch unserer Internetseiten sicher f\u00fchlen.","breadcrumb":{"@id":"https:\/\/pathlock.com\/de\/datenschutz\/#breadcrumb"},"inLanguage":"de","potentialAction":[{"@type":"ReadAction","target":["https:\/\/pathlock.com\/de\/datenschutz\/"]}]},{"@type":"BreadcrumbList","@id":"https:\/\/pathlock.com\/de\/datenschutz\/#breadcrumb","itemListElement":[{"@type":"ListItem","position":1,"name":"Home","item":"https:\/\/pathlock.com\/de\/"},{"@type":"ListItem","position":2,"name":"Datenschutz"}]},{"@type":"WebSite","@id":"https:\/\/pathlock.com\/de\/#website","url":"https:\/\/pathlock.com\/de\/","name":"Pathlock","description":"The Leader in Application Security and Controls Automation","publisher":{"@id":"https:\/\/pathlock.com\/de\/#organization"},"potentialAction":[{"@type":"SearchAction","target":{"@type":"EntryPoint","urlTemplate":"https:\/\/pathlock.com\/de\/?s={search_term_string}"},"query-input":{"@type":"PropertyValueSpecification","valueRequired":true,"valueName":"search_term_string"}}],"inLanguage":"de"},{"@type":"Organization","@id":"https:\/\/pathlock.com\/de\/#organization","name":"Pathlock, Inc","url":"https:\/\/pathlock.com\/de\/","logo":{"@type":"ImageObject","inLanguage":"de","@id":"https:\/\/pathlock.com\/de\/#\/schema\/logo\/image\/","url":"https:\/\/pathlock.com\/wp-content\/uploads\/2021\/11\/Zrzut-ekranu-2021-11-17-o-10.56.42.png","contentUrl":"https:\/\/pathlock.com\/wp-content\/uploads\/2021\/11\/Zrzut-ekranu-2021-11-17-o-10.56.42.png","width":460,"height":148,"caption":"Pathlock, Inc"},"image":{"@id":"https:\/\/pathlock.com\/de\/#\/schema\/logo\/image\/"},"sameAs":["https:\/\/x.com\/pathlock","https:\/\/www.linkedin.com\/company\/pathlock","https:\/\/www.youtube.com\/channel\/UCgo4izMJ70K4gnyWQ_mP-OA"]}]}},"ACF":false,"_links":{"self":[{"href":"https:\/\/pathlock.com\/de\/wp-json\/wp\/v2\/pages\/31748","targetHints":{"allow":["GET"]}}],"collection":[{"href":"https:\/\/pathlock.com\/de\/wp-json\/wp\/v2\/pages"}],"about":[{"href":"https:\/\/pathlock.com\/de\/wp-json\/wp\/v2\/types\/page"}],"author":[{"embeddable":true,"href":"https:\/\/pathlock.com\/de\/wp-json\/wp\/v2\/users\/59"}],"replies":[{"embeddable":true,"href":"https:\/\/pathlock.com\/de\/wp-json\/wp\/v2\/comments?post=31748"}],"version-history":[{"count":0,"href":"https:\/\/pathlock.com\/de\/wp-json\/wp\/v2\/pages\/31748\/revisions"}],"wp:attachment":[{"href":"https:\/\/pathlock.com\/de\/wp-json\/wp\/v2\/media?parent=31748"}],"curies":[{"name":"wp","href":"https:\/\/api.w.org\/{rel}","templated":true}]}}